{"id":14566,"date":"2026-02-27T00:22:27","date_gmt":"2026-02-27T00:22:27","guid":{"rendered":"https:\/\/nordicmart.andreevmaster.com\/product\/songmics-konsolbord-med-tyglador\/"},"modified":"2026-02-27T08:14:42","modified_gmt":"2026-02-27T08:14:42","slug":"songmics-konsolbord-med-tyglador","status":"publish","type":"product","link":"https:\/\/nordicmart.andreevmaster.com\/sv\/produkt\/songmics-konsolbord-med-tyglador\/","title":{"rendered":"SONGMICS konsolbord med tygl\u00e5dor"},"content":{"rendered":"<p>Passar \u00f6verallt: Det svarta metallstativet kombineras med rustikt MDF och handtag i massivt tr\u00e4. Resultatet \u00e4r ett charmigt hallbord som enkelt kan integreras i den befintliga inredningen.Enkel montering: De m\u00e4rkta delarna, den illustrerade instruktionen och det medf\u00f6ljande tippskyddet hj\u00e4lper dig att montera bordet snabbt och enkelt. Produktdetaljer: &#8211; F\u00e4rg: Vintagebrun-svart &#8211; Material: Metall, MDF (medeldensitetsfiberplatta), non-woven-tyg &#8211; Storlek: 100 x 40 x 80 cm (L x B x H) &#8211; Vikt: 12,3 kg &#8211; Max. statisk belastningskapacitet f\u00f6r varje l\u00e5da: 3 kg &#8211; Max. statisk belastningskapacitet f\u00f6r bordsskivan: 15 kg &#8211; Max. statisk belastningskapacitet f\u00f6r den nedre hyllan: 8 kg Leveransomfattning: &#8211; 1 x konsolbord &#8211; 1 x tillbeh\u00f6rspaket &#8211; 1 x instruktioner SONGMICS Anm\u00e4rkningar:- L\u00e5dorna \u00e4r tillverkade av tyg, l\u00e4gg inte f\u00f6r tunga f\u00f6rem\u00e5l i dem. &#8211; Det kan h\u00e4nda att produkten luktar \u201dnytt\u201d n\u00e4r du packar upp den. I s\u00e5 fall kan du st\u00e4lla den i ett v\u00e4lventilerat rum s\u00e5 att lukten f\u00f6rsvinner efter en kort stund. &#8211; F\u00e4st produkten p\u00e5 v\u00e4ggen med den medf\u00f6ljande tippskyddet f\u00f6r att garantera s\u00e4ker anv\u00e4ndning.<\/p>\n","protected":false},"excerpt":{"rendered":"<p>SONGMICS konsolbord, sidobord, hallbord med tygl\u00e5dor, soffbord, industriell design, f\u00f6r hall, vardagsrum, arbetsrum, vintagebrunt-svart LGS022B01<\/p>\n","protected":false},"featured_media":42515,"comment_status":"open","ping_status":"closed","template":"","meta":[],"product_brand":[],"product_cat":[33],"product_tag":[],"class_list":{"0":"post-14566","1":"product","2":"type-product","3":"status-publish","4":"has-post-thumbnail","6":"product_cat-okategoriserad","8":"first","9":"instock","10":"shipping-taxable","11":"purchasable","12":"product-type-simple"},"_links":{"self":[{"href":"https:\/\/nordicmart.andreevmaster.com\/sv\/wp-json\/wp\/v2\/product\/14566","targetHints":{"allow":["GET"]}}],"collection":[{"href":"https:\/\/nordicmart.andreevmaster.com\/sv\/wp-json\/wp\/v2\/product"}],"about":[{"href":"https:\/\/nordicmart.andreevmaster.com\/sv\/wp-json\/wp\/v2\/types\/product"}],"replies":[{"embeddable":true,"href":"https:\/\/nordicmart.andreevmaster.com\/sv\/wp-json\/wp\/v2\/comments?post=14566"}],"wp:featuredmedia":[{"embeddable":true,"href":"https:\/\/nordicmart.andreevmaster.com\/sv\/wp-json\/wp\/v2\/media\/42515"}],"wp:attachment":[{"href":"https:\/\/nordicmart.andreevmaster.com\/sv\/wp-json\/wp\/v2\/media?parent=14566"}],"wp:term":[{"taxonomy":"product_brand","embeddable":true,"href":"https:\/\/nordicmart.andreevmaster.com\/sv\/wp-json\/wp\/v2\/product_brand?post=14566"},{"taxonomy":"product_cat","embeddable":true,"href":"https:\/\/nordicmart.andreevmaster.com\/sv\/wp-json\/wp\/v2\/product_cat?post=14566"},{"taxonomy":"product_tag","embeddable":true,"href":"https:\/\/nordicmart.andreevmaster.com\/sv\/wp-json\/wp\/v2\/product_tag?post=14566"}],"curies":[{"name":"wp","href":"https:\/\/api.w.org\/{rel}","templated":true}]}}