{"id":14565,"date":"2026-02-27T00:22:27","date_gmt":"2026-02-27T00:22:27","guid":{"rendered":"https:\/\/nordicmart.andreevmaster.com\/product\/vasagle-sidobord-med-tyglada-vitt\/"},"modified":"2026-02-27T08:14:42","modified_gmt":"2026-02-27T08:14:42","slug":"vasagle-sidobord-med-tyglada-vitt","status":"publish","type":"product","link":"https:\/\/nordicmart.andreevmaster.com\/sv\/produkt\/vasagle-sidobord-med-tyglada-vitt\/","title":{"rendered":"VASAGLE sidobord med tygl\u00e5da, vitt"},"content":{"rendered":"<p>VASAGLE nattduksbord, sidobord med tygl\u00e5da, 61 cm h\u00f6gt nattduksbord, med hylla, f\u00f6r vardagsrum, sovrum,<br \/>\nF\u00e4rg: Vit<br \/>\nMaterial: sp\u00e5nskiva, st\u00e5l, non-woven<br \/>\nTotal storlek: 28 x 38 x 61 cm (D x B x H)<br \/>\nVikt: 3,7 kg<br \/>\nMax. statisk belastningskapacitet f\u00f6r ytan: 45,6 kg<br \/>\nMax. statisk belastningskapacitet f\u00f6r hyllan nedanf\u00f6r: 9 kg<br \/>\nMax. statisk belastningskapacitet f\u00f6r l\u00e5dan: 2,2 kg<br \/>\nMax. statisk belastningskapacitet totalt: 56,8 kg<\/p>\n","protected":false},"excerpt":{"rendered":"<p>VASAGLE nattduksbord, sidobord med tygl\u00e5da, 61 cm h\u00f6gt nattduksbord, med hylla, f\u00f6r vardagsrum, sovrum,<\/p>\n","protected":false},"featured_media":42514,"comment_status":"open","ping_status":"closed","template":"","meta":[],"product_brand":[],"product_cat":[33],"product_tag":[],"class_list":{"0":"post-14565","1":"product","2":"type-product","3":"status-publish","4":"has-post-thumbnail","6":"product_cat-okategoriserad","8":"first","9":"instock","10":"shipping-taxable","11":"purchasable","12":"product-type-simple"},"_links":{"self":[{"href":"https:\/\/nordicmart.andreevmaster.com\/sv\/wp-json\/wp\/v2\/product\/14565","targetHints":{"allow":["GET"]}}],"collection":[{"href":"https:\/\/nordicmart.andreevmaster.com\/sv\/wp-json\/wp\/v2\/product"}],"about":[{"href":"https:\/\/nordicmart.andreevmaster.com\/sv\/wp-json\/wp\/v2\/types\/product"}],"replies":[{"embeddable":true,"href":"https:\/\/nordicmart.andreevmaster.com\/sv\/wp-json\/wp\/v2\/comments?post=14565"}],"wp:featuredmedia":[{"embeddable":true,"href":"https:\/\/nordicmart.andreevmaster.com\/sv\/wp-json\/wp\/v2\/media\/42514"}],"wp:attachment":[{"href":"https:\/\/nordicmart.andreevmaster.com\/sv\/wp-json\/wp\/v2\/media?parent=14565"}],"wp:term":[{"taxonomy":"product_brand","embeddable":true,"href":"https:\/\/nordicmart.andreevmaster.com\/sv\/wp-json\/wp\/v2\/product_brand?post=14565"},{"taxonomy":"product_cat","embeddable":true,"href":"https:\/\/nordicmart.andreevmaster.com\/sv\/wp-json\/wp\/v2\/product_cat?post=14565"},{"taxonomy":"product_tag","embeddable":true,"href":"https:\/\/nordicmart.andreevmaster.com\/sv\/wp-json\/wp\/v2\/product_tag?post=14565"}],"curies":[{"name":"wp","href":"https:\/\/api.w.org\/{rel}","templated":true}]}}