{"id":14560,"date":"2026-02-27T00:22:26","date_gmt":"2026-02-27T00:22:26","guid":{"rendered":"https:\/\/nordicmart.andreevmaster.com\/product\/songmics-oppen-garderob-pa-hjul\/"},"modified":"2026-02-27T08:14:41","modified_gmt":"2026-02-27T08:14:41","slug":"songmics-oppen-garderob-pa-hjul","status":"publish","type":"product","link":"https:\/\/nordicmart.andreevmaster.com\/sv\/produkt\/songmics-oppen-garderob-pa-hjul\/","title":{"rendered":"SONGMICS \u00d6ppen garderob p\u00e5 hjul"},"content":{"rendered":"<p>Om du beh\u00f6ver extra f\u00f6rvaringsutrymme, antingen f\u00f6r den smala hallen, strykrummet, k\u00e4llaren eller vardagsrummet som en ers\u00e4ttning f\u00f6r kl\u00e4dh\u00e4ngare\/garderob, \u00e4r Songmics kl\u00e4dh\u00e4ngare perfekt f\u00f6r dig. Tack vare de h\u00f6gkvalitativa hjulen med kullager kan du skjuta stativet med eller utan kl\u00e4der p\u00e5 tr\u00e4golvet eller \u00f6ver mattan till alla \u00f6nskade platser.Med Songmics kan du njuta av ett snyggt hem och snabb tillg\u00e5ng till alla kl\u00e4der du beh\u00f6ver. Anvisningar: Montera kl\u00e4dh\u00e4ngaren enligt anvisningarna. Efter montering, knacka l\u00e4tt p\u00e5 hyllorna med en gummiklubba f\u00f6r att s\u00e4kerst\u00e4lla stabiliteten. Vid anv\u00e4ndning utan hjul kan golvet repas. Produktdetaljer: F\u00e4rg: svart Material: j\u00e4rnr\u00f6r Nettovikt: 8,4 kg M\u00e5tt: 90 x 200 x 45 cm (B x H x D) Max. belastningskapacitet f\u00f6r gallerhyllan: 40 kg Max. belastningskapacitet f\u00f6r kl\u00e4dst\u00e5ngen: 30-40 kg Leveransomfattning: 1 x kl\u00e4dst\u00e4ll 1 x instruktioner (DE, EN, IT, FR, ES)<\/p>\n","protected":false},"excerpt":{"rendered":"<p>SONGMICS Garderob p\u00e5 hjul, kl\u00e4dst\u00e4llning i metall, garderob med 2 kl\u00e4dst\u00e4nger och 2 justerbara hyllor, 90 x 45 x 200 cm, svart LGR60P<\/p>\n","protected":false},"featured_media":42509,"comment_status":"open","ping_status":"closed","template":"","meta":[],"product_brand":[],"product_cat":[33],"product_tag":[],"class_list":{"0":"post-14560","1":"product","2":"type-product","3":"status-publish","4":"has-post-thumbnail","6":"product_cat-okategoriserad","8":"first","9":"instock","10":"shipping-taxable","11":"purchasable","12":"product-type-simple"},"_links":{"self":[{"href":"https:\/\/nordicmart.andreevmaster.com\/sv\/wp-json\/wp\/v2\/product\/14560","targetHints":{"allow":["GET"]}}],"collection":[{"href":"https:\/\/nordicmart.andreevmaster.com\/sv\/wp-json\/wp\/v2\/product"}],"about":[{"href":"https:\/\/nordicmart.andreevmaster.com\/sv\/wp-json\/wp\/v2\/types\/product"}],"replies":[{"embeddable":true,"href":"https:\/\/nordicmart.andreevmaster.com\/sv\/wp-json\/wp\/v2\/comments?post=14560"}],"wp:featuredmedia":[{"embeddable":true,"href":"https:\/\/nordicmart.andreevmaster.com\/sv\/wp-json\/wp\/v2\/media\/42509"}],"wp:attachment":[{"href":"https:\/\/nordicmart.andreevmaster.com\/sv\/wp-json\/wp\/v2\/media?parent=14560"}],"wp:term":[{"taxonomy":"product_brand","embeddable":true,"href":"https:\/\/nordicmart.andreevmaster.com\/sv\/wp-json\/wp\/v2\/product_brand?post=14560"},{"taxonomy":"product_cat","embeddable":true,"href":"https:\/\/nordicmart.andreevmaster.com\/sv\/wp-json\/wp\/v2\/product_cat?post=14560"},{"taxonomy":"product_tag","embeddable":true,"href":"https:\/\/nordicmart.andreevmaster.com\/sv\/wp-json\/wp\/v2\/product_tag?post=14560"}],"curies":[{"name":"wp","href":"https:\/\/api.w.org\/{rel}","templated":true}]}}