{"id":14557,"date":"2026-02-27T00:22:25","date_gmt":"2026-02-27T00:22:25","guid":{"rendered":"https:\/\/nordicmart.andreevmaster.com\/product\/songmics-metallkladstall-29-x-112-x-1584-cm-med-hyllor-mattvit\/"},"modified":"2026-02-27T08:14:41","modified_gmt":"2026-02-27T08:14:41","slug":"songmics-metallkladstall-29-x-112-x-1584-cm-med-hyllor-mattvit","status":"publish","type":"product","link":"https:\/\/nordicmart.andreevmaster.com\/sv\/produkt\/songmics-metallkladstall-29-x-112-x-1584-cm-med-hyllor-mattvit\/","title":{"rendered":"SONGMICS metallkl\u00e4dst\u00e4ll 29 x 112 x 158,4 cm med hyllor mattvit"},"content":{"rendered":"<p>SONGMICS kl\u00e4dst\u00e4llning, \u00f6ppen garderob, kl\u00e4dst\u00e5ng, kl\u00e4dh\u00e4ngare med hyllor, garderob i metall, frist\u00e5ende, matt svart LGR463B01<br \/>\nF\u00e4rg: Mattvit<br \/>\nMaterial: St\u00e5l<br \/>\nStorlek: 29 x 112 x 158,4 cm (D x B x H)<br \/>\nVikt: 5,1 kg<br \/>\nMax. statisk belastningskapacitet f\u00f6r kl\u00e4dst\u00e5ngen: 28 kg<br \/>\nMax. statisk belastningskapacitet per hylla nedtill: 10 kg<br \/>\nMax. statisk belastningskapacitet per sidohylla: 5 kg<br \/>\nMax. statisk belastningskapacitet totalt: 73 kg<\/p>\n","protected":false},"excerpt":{"rendered":"<p>SONGMICS kl\u00e4dst\u00e4llning, \u00f6ppen garderob, kl\u00e4dst\u00e5ng, kl\u00e4dh\u00e4ngare med hyllor, garderob i metall, frist\u00e5ende, matt svart LGR463B01<\/p>\n","protected":false},"featured_media":42506,"comment_status":"open","ping_status":"closed","template":"","meta":[],"product_brand":[],"product_cat":[33],"product_tag":[],"class_list":{"0":"post-14557","1":"product","2":"type-product","3":"status-publish","4":"has-post-thumbnail","6":"product_cat-okategoriserad","8":"first","9":"instock","10":"shipping-taxable","11":"purchasable","12":"product-type-simple"},"_links":{"self":[{"href":"https:\/\/nordicmart.andreevmaster.com\/sv\/wp-json\/wp\/v2\/product\/14557","targetHints":{"allow":["GET"]}}],"collection":[{"href":"https:\/\/nordicmart.andreevmaster.com\/sv\/wp-json\/wp\/v2\/product"}],"about":[{"href":"https:\/\/nordicmart.andreevmaster.com\/sv\/wp-json\/wp\/v2\/types\/product"}],"replies":[{"embeddable":true,"href":"https:\/\/nordicmart.andreevmaster.com\/sv\/wp-json\/wp\/v2\/comments?post=14557"}],"wp:featuredmedia":[{"embeddable":true,"href":"https:\/\/nordicmart.andreevmaster.com\/sv\/wp-json\/wp\/v2\/media\/42506"}],"wp:attachment":[{"href":"https:\/\/nordicmart.andreevmaster.com\/sv\/wp-json\/wp\/v2\/media?parent=14557"}],"wp:term":[{"taxonomy":"product_brand","embeddable":true,"href":"https:\/\/nordicmart.andreevmaster.com\/sv\/wp-json\/wp\/v2\/product_brand?post=14557"},{"taxonomy":"product_cat","embeddable":true,"href":"https:\/\/nordicmart.andreevmaster.com\/sv\/wp-json\/wp\/v2\/product_cat?post=14557"},{"taxonomy":"product_tag","embeddable":true,"href":"https:\/\/nordicmart.andreevmaster.com\/sv\/wp-json\/wp\/v2\/product_tag?post=14557"}],"curies":[{"name":"wp","href":"https:\/\/api.w.org\/{rel}","templated":true}]}}