{"id":14553,"date":"2026-02-27T00:22:24","date_gmt":"2026-02-27T00:22:24","guid":{"rendered":"https:\/\/nordicmart.andreevmaster.com\/product\/songmics-oppen-garderob-med-justerbara-hyllor\/"},"modified":"2026-02-27T08:14:40","modified_gmt":"2026-02-27T08:14:40","slug":"songmics-oppen-garderob-med-justerbara-hyllor","status":"publish","type":"product","link":"https:\/\/nordicmart.andreevmaster.com\/sv\/produkt\/songmics-oppen-garderob-med-justerbara-hyllor\/","title":{"rendered":"SONGMICS \u00d6ppen garderob med justerbara hyllor"},"content":{"rendered":"<p>SONGMICS kl\u00e4dst\u00e4ll, \u00f6ppen garderob, metallgarderob, kl\u00e4dst\u00e4ll med justerbara hyllor och kl\u00e4dst\u00e4nger, krokar, h\u00f6g belastningskapacitet, delbar<br \/>\nF\u00e4rg: bl\u00e4ck svart<br \/>\nMaterial: st\u00e5l<br \/>\nStorlek: 40 x 175 x 180 cm (D x B x H)<br \/>\nVikt: 12 kg<br \/>\nMax. statisk belastningskapacitet per kl\u00e4dst\u00e5ng: 25 kg<br \/>\nMax. statisk belastningskapacitet per hylla: 42 kg<br \/>\nMax. statisk belastningskapacitet totalt: 220 kg<\/p>\n","protected":false},"excerpt":{"rendered":"<p>SONGMICS kl\u00e4dst\u00e4ll, \u00f6ppen garderob, metallgarderob, kl\u00e4dst\u00e4ll med justerbara hyllor och kl\u00e4dst\u00e4nger, krokar, h\u00f6g belastningskapacitet, delbar<\/p>\n","protected":false},"featured_media":42502,"comment_status":"open","ping_status":"closed","template":"","meta":[],"product_brand":[],"product_cat":[33],"product_tag":[],"class_list":{"0":"post-14553","1":"product","2":"type-product","3":"status-publish","4":"has-post-thumbnail","6":"product_cat-okategoriserad","8":"first","9":"instock","10":"shipping-taxable","11":"purchasable","12":"product-type-simple"},"_links":{"self":[{"href":"https:\/\/nordicmart.andreevmaster.com\/sv\/wp-json\/wp\/v2\/product\/14553","targetHints":{"allow":["GET"]}}],"collection":[{"href":"https:\/\/nordicmart.andreevmaster.com\/sv\/wp-json\/wp\/v2\/product"}],"about":[{"href":"https:\/\/nordicmart.andreevmaster.com\/sv\/wp-json\/wp\/v2\/types\/product"}],"replies":[{"embeddable":true,"href":"https:\/\/nordicmart.andreevmaster.com\/sv\/wp-json\/wp\/v2\/comments?post=14553"}],"wp:featuredmedia":[{"embeddable":true,"href":"https:\/\/nordicmart.andreevmaster.com\/sv\/wp-json\/wp\/v2\/media\/42502"}],"wp:attachment":[{"href":"https:\/\/nordicmart.andreevmaster.com\/sv\/wp-json\/wp\/v2\/media?parent=14553"}],"wp:term":[{"taxonomy":"product_brand","embeddable":true,"href":"https:\/\/nordicmart.andreevmaster.com\/sv\/wp-json\/wp\/v2\/product_brand?post=14553"},{"taxonomy":"product_cat","embeddable":true,"href":"https:\/\/nordicmart.andreevmaster.com\/sv\/wp-json\/wp\/v2\/product_cat?post=14553"},{"taxonomy":"product_tag","embeddable":true,"href":"https:\/\/nordicmart.andreevmaster.com\/sv\/wp-json\/wp\/v2\/product_tag?post=14553"}],"curies":[{"name":"wp","href":"https:\/\/api.w.org\/{rel}","templated":true}]}}