{"id":14550,"date":"2026-02-27T00:22:24","date_gmt":"2026-02-27T00:22:24","guid":{"rendered":"https:\/\/nordicmart.andreevmaster.com\/product\/songmics-garderob-med-skohylla\/"},"modified":"2026-02-27T08:14:39","modified_gmt":"2026-02-27T08:14:39","slug":"songmics-garderob-med-skohylla","status":"publish","type":"product","link":"https:\/\/nordicmart.andreevmaster.com\/sv\/produkt\/songmics-garderob-med-skohylla\/","title":{"rendered":"SONGMICS garderob med skohylla"},"content":{"rendered":"<p>Rymlig och multifunktionell: 2 h\u00f6j- och l\u00e4ngdreglerbara st\u00e4nger med 16 dubbla krokar h\u00e5ller dina v\u00e4skor, jackor och paraplyer inom r\u00e4ckh\u00e5ll. 2 nedre gallerhyllor (\u00e4ven den nedersta kan justeras!) och 1 \u00f6vre hylla erbjuder praktisk plats f\u00f6r korgar, skor, hattar eller inredningsdetaljer. St\u00e4ll denna garderob i din hall, i f\u00f6rr\u00e5det eller i tv\u00e4ttstugan \u2013 var du \u00e4n beh\u00f6ver den! Inget mer vacklande: S\u00e4g adj\u00f6 till sm\u00e5 irritationsmoment: De justerbara f\u00f6tterna och tippskyddet ser till att din garderob st\u00e5r stabilt och inte vacklar n\u00e4r du h\u00e4nger upp eller tar ner din kappa. Produktdetaljer: F\u00e4rg: Svart Material: St\u00e5l, plastkopplingar Storlek: 90 x 30 x 180 cm (L x B x H)Vikt: 6,4 kgMax. statisk belastningskapacitet per krok: 1 kgMax. statisk belastningskapacitet f\u00f6r den \u00f6versta hyllan: 5 kgMax. statisk belastningskapacitet per nedre hylla: 20 kgLeveransomfattning:1 x garderob1 x tippskydd1 x instruktionerSONGMICS Anm\u00e4rkningar:\u00d6verskrid inte den maximala belastningskapaciteten. Av s\u00e4kerhetssk\u00e4l f\u00e5r barn inte kl\u00e4ttra p\u00e5 eller leka med produkten. F\u00e4st produkten p\u00e5 v\u00e4ggen med det medf\u00f6ljande tippskyddet f\u00f6r att garantera s\u00e4ker anv\u00e4ndning. Se till att f\u00e4stkl\u00e4mmorna f\u00e4sts p\u00e5 samma h\u00f6jd p\u00e5 r\u00f6ren s\u00e5 att hyllorna ligger i ett horisontellt plan.N\u00e4r du monterar plastkl\u00e4mmorna ska pilen TOP alltid peka upp\u00e5t. Kontrollera alla kl\u00e4mmor efter monteringen f\u00f6r att s\u00e4kerst\u00e4lla att de inte kan flyttas.<\/p>\n","protected":false},"excerpt":{"rendered":"<p>SONGMICS Garderob, kl\u00e4dh\u00e4ngare, av metall, kl\u00e4dst\u00e4ll, med justerbar skohylla, 16 dubbla krokar, stor, 90 cm l\u00e5ng, f\u00f6r hatt, v\u00e4ska, paraply, hall, svart LGR411B01<\/p>\n","protected":false},"featured_media":42499,"comment_status":"open","ping_status":"closed","template":"","meta":[],"product_brand":[],"product_cat":[33],"product_tag":[],"class_list":{"0":"post-14550","1":"product","2":"type-product","3":"status-publish","4":"has-post-thumbnail","6":"product_cat-okategoriserad","8":"first","9":"instock","10":"shipping-taxable","11":"purchasable","12":"product-type-simple"},"_links":{"self":[{"href":"https:\/\/nordicmart.andreevmaster.com\/sv\/wp-json\/wp\/v2\/product\/14550","targetHints":{"allow":["GET"]}}],"collection":[{"href":"https:\/\/nordicmart.andreevmaster.com\/sv\/wp-json\/wp\/v2\/product"}],"about":[{"href":"https:\/\/nordicmart.andreevmaster.com\/sv\/wp-json\/wp\/v2\/types\/product"}],"replies":[{"embeddable":true,"href":"https:\/\/nordicmart.andreevmaster.com\/sv\/wp-json\/wp\/v2\/comments?post=14550"}],"wp:featuredmedia":[{"embeddable":true,"href":"https:\/\/nordicmart.andreevmaster.com\/sv\/wp-json\/wp\/v2\/media\/42499"}],"wp:attachment":[{"href":"https:\/\/nordicmart.andreevmaster.com\/sv\/wp-json\/wp\/v2\/media?parent=14550"}],"wp:term":[{"taxonomy":"product_brand","embeddable":true,"href":"https:\/\/nordicmart.andreevmaster.com\/sv\/wp-json\/wp\/v2\/product_brand?post=14550"},{"taxonomy":"product_cat","embeddable":true,"href":"https:\/\/nordicmart.andreevmaster.com\/sv\/wp-json\/wp\/v2\/product_cat?post=14550"},{"taxonomy":"product_tag","embeddable":true,"href":"https:\/\/nordicmart.andreevmaster.com\/sv\/wp-json\/wp\/v2\/product_tag?post=14550"}],"curies":[{"name":"wp","href":"https:\/\/api.w.org\/{rel}","templated":true}]}}