{"id":14548,"date":"2026-02-27T00:22:23","date_gmt":"2026-02-27T00:22:23","guid":{"rendered":"https:\/\/nordicmart.andreevmaster.com\/product\/songmics-metallhylla-med-5-justerbara-hyllplan\/"},"modified":"2026-02-27T08:14:39","modified_gmt":"2026-02-27T08:14:39","slug":"songmics-metallhylla-med-5-justerbara-hyllplan","status":"publish","type":"product","link":"https:\/\/nordicmart.andreevmaster.com\/sv\/produkt\/songmics-metallhylla-med-5-justerbara-hyllplan\/","title":{"rendered":"SONGMICS metallhylla med 5 justerbara hyllplan"},"content":{"rendered":"<p>Produktdetaljer: F\u00e4rg: Svart Material: St\u00e5l Storlek: 60 x 30 x 150 cm (L x B x H) Vikt: 5,4 kg Max. statisk belastningskapacitet per hyllplan: 20 kg Leveransomfattning: 1 x f\u00f6rvaringshylla 5 x PP-skiva 4 x krokar 1 x tippskydd 1 x instruktioner SONGMICS Anm\u00e4rkningar:N\u00e4r du monterar plastkl\u00e4mmorna ska pilen TOP alltid peka upp\u00e5t. Kontrollera alla kl\u00e4mmor efter monteringen f\u00f6r att s\u00e4kerst\u00e4lla att de inte kan flyttas. Se till att f\u00e4stkl\u00e4mmorna f\u00e4sts p\u00e5 samma h\u00f6jd p\u00e5 de 4 r\u00f6ren s\u00e5 att hyllorna ligger i ett horisontellt plan. Den maximala statiska belastningskapaciteten per hyllplan \u00e4r 20 kg. \u00d6verskrid inte denna maximala vikt. F\u00e4st produkten p\u00e5 v\u00e4ggen med tippskyddet f\u00f6r att garantera s\u00e4ker anv\u00e4ndning.<\/p>\n","protected":false},"excerpt":{"rendered":"<p>SONGMICS k\u00f6kshylla, metallhylla, stativhylla med 4 krokar, PP-skivor, justerbara hyllplan, tr\u00e5dkorg, belastningskapacitet upp till 100 kg, 60 x 30 x 150 cm, svart LGR265B01<\/p>\n","protected":false},"featured_media":42497,"comment_status":"open","ping_status":"closed","template":"","meta":[],"product_brand":[],"product_cat":[33],"product_tag":[],"class_list":{"0":"post-14548","1":"product","2":"type-product","3":"status-publish","4":"has-post-thumbnail","6":"product_cat-okategoriserad","8":"first","9":"instock","10":"shipping-taxable","11":"purchasable","12":"product-type-simple"},"_links":{"self":[{"href":"https:\/\/nordicmart.andreevmaster.com\/sv\/wp-json\/wp\/v2\/product\/14548","targetHints":{"allow":["GET"]}}],"collection":[{"href":"https:\/\/nordicmart.andreevmaster.com\/sv\/wp-json\/wp\/v2\/product"}],"about":[{"href":"https:\/\/nordicmart.andreevmaster.com\/sv\/wp-json\/wp\/v2\/types\/product"}],"replies":[{"embeddable":true,"href":"https:\/\/nordicmart.andreevmaster.com\/sv\/wp-json\/wp\/v2\/comments?post=14548"}],"wp:featuredmedia":[{"embeddable":true,"href":"https:\/\/nordicmart.andreevmaster.com\/sv\/wp-json\/wp\/v2\/media\/42497"}],"wp:attachment":[{"href":"https:\/\/nordicmart.andreevmaster.com\/sv\/wp-json\/wp\/v2\/media?parent=14548"}],"wp:term":[{"taxonomy":"product_brand","embeddable":true,"href":"https:\/\/nordicmart.andreevmaster.com\/sv\/wp-json\/wp\/v2\/product_brand?post=14548"},{"taxonomy":"product_cat","embeddable":true,"href":"https:\/\/nordicmart.andreevmaster.com\/sv\/wp-json\/wp\/v2\/product_cat?post=14548"},{"taxonomy":"product_tag","embeddable":true,"href":"https:\/\/nordicmart.andreevmaster.com\/sv\/wp-json\/wp\/v2\/product_tag?post=14548"}],"curies":[{"name":"wp","href":"https:\/\/api.w.org\/{rel}","templated":true}]}}