{"id":14545,"date":"2026-02-27T00:22:22","date_gmt":"2026-02-27T00:22:22","guid":{"rendered":"https:\/\/nordicmart.andreevmaster.com\/product\/songmics-mikrovagsugnshylla-med-2-hyllplan-vit\/"},"modified":"2026-02-27T08:14:38","modified_gmt":"2026-02-27T08:14:38","slug":"songmics-mikrovagsugnshylla-med-2-hyllplan-vit","status":"publish","type":"product","link":"https:\/\/nordicmart.andreevmaster.com\/sv\/produkt\/songmics-mikrovagsugnshylla-med-2-hyllplan-vit\/","title":{"rendered":"SONGMICS mikrov\u00e5gsugnshylla med 2 hyllplan Vit"},"content":{"rendered":"<p>F\u00f6r ett st\u00e4dat k\u00f6ksbord: Utnyttja det vertikala utrymmet optimalt med detta mikrov\u00e5gsugnshyllor fr\u00e5n SONGMICS och f\u00e5 ordning p\u00e5 ditt k\u00f6ksbord. De 2 h\u00f6jdjusterbara hyllorna erbjuder en l\u00e4mplig f\u00f6rvaringsplats f\u00f6r dina kryddflaskor, medan din mikrov\u00e5gsugn kan placeras stabilt i den nedre delen. Spatlar och stekpannor kan h\u00e4ngas p\u00e5 krokarna. Vilken ordnad k\u00f6k! F\u00f6renar styrka och stil: Tillverkad av h\u00f6gh\u00e5llfast j\u00e4rn i vitt \u00e4r denna k\u00f6kshylla inte bara robust, utan ger ocks\u00e5 ditt k\u00f6k en touch av elegans. Dessutom kan sm\u00e5 oj\u00e4mnheter i bordsytan utj\u00e4mnas tack vare hyllans nivelleringsf\u00f6tter \u2013 n\u00e5gra varv r\u00e4cker f\u00f6r att \u00f6ka stabiliteten! Produktdetaljer:F\u00e4rg: Vit Material: Pulverlackerat j\u00e4rn, PP (polypropen) Storlek: 60 x 30 x 52 cm (L x B x H) Vikt: 2,6 kg Max. statisk belastningskapacitet per hylla: 40 kg Leveransomfattning: 1 x mikrov\u00e5gsugnshylla 1 x bruksanvisning (DE, EN, FR, ES, IT)<\/p>\n","protected":false},"excerpt":{"rendered":"<p>SONGMICS mikrov\u00e5gsugnshylla, k\u00f6kshylla med 2 niv\u00e5er, bordshylla, med 2 justerbara hyllplan och 8 krokar, vit LGR20WT<\/p>\n","protected":false},"featured_media":42494,"comment_status":"open","ping_status":"closed","template":"","meta":[],"product_brand":[],"product_cat":[33],"product_tag":[],"class_list":{"0":"post-14545","1":"product","2":"type-product","3":"status-publish","4":"has-post-thumbnail","6":"product_cat-okategoriserad","8":"first","9":"instock","10":"shipping-taxable","11":"purchasable","12":"product-type-simple"},"_links":{"self":[{"href":"https:\/\/nordicmart.andreevmaster.com\/sv\/wp-json\/wp\/v2\/product\/14545","targetHints":{"allow":["GET"]}}],"collection":[{"href":"https:\/\/nordicmart.andreevmaster.com\/sv\/wp-json\/wp\/v2\/product"}],"about":[{"href":"https:\/\/nordicmart.andreevmaster.com\/sv\/wp-json\/wp\/v2\/types\/product"}],"replies":[{"embeddable":true,"href":"https:\/\/nordicmart.andreevmaster.com\/sv\/wp-json\/wp\/v2\/comments?post=14545"}],"wp:featuredmedia":[{"embeddable":true,"href":"https:\/\/nordicmart.andreevmaster.com\/sv\/wp-json\/wp\/v2\/media\/42494"}],"wp:attachment":[{"href":"https:\/\/nordicmart.andreevmaster.com\/sv\/wp-json\/wp\/v2\/media?parent=14545"}],"wp:term":[{"taxonomy":"product_brand","embeddable":true,"href":"https:\/\/nordicmart.andreevmaster.com\/sv\/wp-json\/wp\/v2\/product_brand?post=14545"},{"taxonomy":"product_cat","embeddable":true,"href":"https:\/\/nordicmart.andreevmaster.com\/sv\/wp-json\/wp\/v2\/product_cat?post=14545"},{"taxonomy":"product_tag","embeddable":true,"href":"https:\/\/nordicmart.andreevmaster.com\/sv\/wp-json\/wp\/v2\/product_tag?post=14545"}],"curies":[{"name":"wp","href":"https:\/\/api.w.org\/{rel}","templated":true}]}}