{"id":14544,"date":"2026-02-27T00:22:22","date_gmt":"2026-02-27T00:22:22","guid":{"rendered":"https:\/\/nordicmart.andreevmaster.com\/product\/songmics-mikrovagsugnshylla-med-2-hyllplan-silver\/"},"modified":"2026-02-27T08:14:38","modified_gmt":"2026-02-27T08:14:38","slug":"songmics-mikrovagsugnshylla-med-2-hyllplan-silver","status":"publish","type":"product","link":"https:\/\/nordicmart.andreevmaster.com\/sv\/produkt\/songmics-mikrovagsugnshylla-med-2-hyllplan-silver\/","title":{"rendered":"SONGMICS mikrov\u00e5gsugnshylla med 2 hyllplan, silver"},"content":{"rendered":"<p>Denna lilla hylla \u00e4r s\u00e4rskilt l\u00e4mplig n\u00e4r man beh\u00f6ver extra f\u00f6rvaringsutrymme eller f\u00f6rvaringsm\u00f6jligheter i sm\u00e5 k\u00f6k. Man kan till exempel placera en mikrov\u00e5gsugn p\u00e5 hyllan. \u00c4ntligen ligger ingenting direkt p\u00e5 mikrov\u00e5gsugnen och n\u00e5gra saker fr\u00e5n arbetsb\u00e4nken f\u00e5r ocks\u00e5 plats p\u00e5 hyllan, s\u00e5 att det blir mer utrymme igen. Denna lilla k\u00f6kshylla kan ocks\u00e5 anv\u00e4ndas till andra \u00e4ndam\u00e5l, t.ex. f\u00f6r f\u00f6rvaring av b\u00f6cker, mappar, CD-skivor etc.  Anvisningar:- S\u00e4tt fast krokarna enligt monteringsanvisningarna. &#8211; Kontrollera vid k\u00f6pet att storleken \u00e4r tillr\u00e4cklig f\u00f6r din apparat. Produktdetaljer: &#8211; M\u00e5tt: 60 x 52 x 35 cm (B x H x D) &#8211; F\u00e4rg: silverf\u00e4rgad &#8211; Material: f\u00f6rkromat j\u00e4rnr\u00f6r + PP-plast &#8211; Max. belastningskapacitet per hylla: 2,6 kg &#8211; Bruttovikt: 3,2 kg &#8211; F\u00f6rpackningsm\u00e5tt: 62 x 32 x 6,3 cm Leveransomfattning: &#8211; 1 x k\u00f6kshylla med 2 hyllplan &#8211; 1 x bruksanvisning (DE, EN, FR, IT, ES)<\/p>\n","protected":false},"excerpt":{"rendered":"<p>SONGMICS mikrov\u00e5gsugnshylla, k\u00f6kshylla med 2 niv\u00e5er, bordshylla, med 2 justerbara hyllplan och 8 krokar, vit LGR20WT<\/p>\n","protected":false},"featured_media":42493,"comment_status":"open","ping_status":"closed","template":"","meta":[],"product_brand":[],"product_cat":[33],"product_tag":[],"class_list":{"0":"post-14544","1":"product","2":"type-product","3":"status-publish","4":"has-post-thumbnail","6":"product_cat-okategoriserad","8":"first","9":"instock","10":"shipping-taxable","11":"purchasable","12":"product-type-simple"},"_links":{"self":[{"href":"https:\/\/nordicmart.andreevmaster.com\/sv\/wp-json\/wp\/v2\/product\/14544","targetHints":{"allow":["GET"]}}],"collection":[{"href":"https:\/\/nordicmart.andreevmaster.com\/sv\/wp-json\/wp\/v2\/product"}],"about":[{"href":"https:\/\/nordicmart.andreevmaster.com\/sv\/wp-json\/wp\/v2\/types\/product"}],"replies":[{"embeddable":true,"href":"https:\/\/nordicmart.andreevmaster.com\/sv\/wp-json\/wp\/v2\/comments?post=14544"}],"wp:featuredmedia":[{"embeddable":true,"href":"https:\/\/nordicmart.andreevmaster.com\/sv\/wp-json\/wp\/v2\/media\/42493"}],"wp:attachment":[{"href":"https:\/\/nordicmart.andreevmaster.com\/sv\/wp-json\/wp\/v2\/media?parent=14544"}],"wp:term":[{"taxonomy":"product_brand","embeddable":true,"href":"https:\/\/nordicmart.andreevmaster.com\/sv\/wp-json\/wp\/v2\/product_brand?post=14544"},{"taxonomy":"product_cat","embeddable":true,"href":"https:\/\/nordicmart.andreevmaster.com\/sv\/wp-json\/wp\/v2\/product_cat?post=14544"},{"taxonomy":"product_tag","embeddable":true,"href":"https:\/\/nordicmart.andreevmaster.com\/sv\/wp-json\/wp\/v2\/product_tag?post=14544"}],"curies":[{"name":"wp","href":"https:\/\/api.w.org\/{rel}","templated":true}]}}