{"id":14542,"date":"2026-02-27T00:22:21","date_gmt":"2026-02-27T00:22:21","guid":{"rendered":"https:\/\/nordicmart.andreevmaster.com\/product\/vasagle-garderob-9-krokar-industriell-stil\/"},"modified":"2026-02-27T08:14:38","modified_gmt":"2026-02-27T08:14:38","slug":"vasagle-garderob-9-krokar-industriell-stil","status":"publish","type":"product","link":"https:\/\/nordicmart.andreevmaster.com\/sv\/produkt\/vasagle-garderob-9-krokar-industriell-stil\/","title":{"rendered":"VASAGLE Garderob 9 krokar Industriell stil"},"content":{"rendered":"<p>St\u00e4ll, placera, l\u00e4gg, h\u00e4ng \u2013 en garderob full av m\u00f6jligheter. Denna m\u00f6bel \u00e4r inte bara en tr\u00e5kig kl\u00e4dh\u00e4ngare som st\u00e5r i ett h\u00f6rn av din hall och lever ett trist liv. Tack vare den sp\u00e4nnande stilmiksen av vintage och industriell design blir garderoben ist\u00e4llet ett blickf\u00e5ng i din entr\u00e9.Med den multifunktionella kl\u00e4dh\u00e4ngaren sl\u00e5r du dessutom tre flugor i en sm\u00e4ll: Din nya kl\u00e4dh\u00e4ngare Du har 9 kl\u00e4dkrokar till ditt f\u00f6rfogande, d\u00e4r du kan h\u00e4nga rockar, jackor, handv\u00e4skor etc. Din nya skohylla I den nedre delen av garderoben finns 2 hyllor som du kan anv\u00e4nda som skohylla. P\u00e5 s\u00e5 s\u00e4tt kan du alltid ha st\u00f6vlar, pumps eller sportskor snyggt uppradade bredvid varandra. Produktdetaljer: &#8211; F\u00e4rg: Vintage, svart (matt) &#8211; Material: Sp\u00e5nskiva (15 mm), j\u00e4rn &#8211; Totala m\u00e5tt: 76 x 180 x 42,8 cm (B x H x D) &#8211; M\u00e5tt hyllor: 72 x 42 cm, 72 x 37 cm (L x B) &#8211; Vikt: 15,9 kg &#8211; Belastningskapacitet hyllplan: 10 kg per plan &#8211; Belastningskapacitet krokar: 2 kg per krok Leveransomfattning: &#8211; 1 x kl\u00e4dst\u00e4ll &#8211; 1 x tillbeh\u00f6rsp\u00e5se &#8211; 1 x bruksanvisning (DE, EN, FR, ES, IT) VASAGLE Anm\u00e4rkningar:- Produkten \u00e4r endast avsedd f\u00f6r inomhusbruk. Placera den p\u00e5 en torr plats. &#8211; Placera inga tunga f\u00f6rem\u00e5l p\u00e5 m\u00f6beln. &#8211; Sitt inte p\u00e5 hyllorna i garderoben. &#8211; Anv\u00e4nd tippskyddet.<\/p>\n","protected":false},"excerpt":{"rendered":"<p>VASAGLE Garderob i industridesign, kl\u00e4dst\u00e4ll, kl\u00e4dh\u00e4ngare med 2 hyllplan i tr\u00e4optik, garderob, hallgarderob, 9 kl\u00e4dkrokar, metallram, vintage LGR13BX<\/p>\n","protected":false},"featured_media":42491,"comment_status":"open","ping_status":"closed","template":"","meta":[],"product_brand":[],"product_cat":[33],"product_tag":[],"class_list":{"0":"post-14542","1":"product","2":"type-product","3":"status-publish","4":"has-post-thumbnail","6":"product_cat-okategoriserad","8":"first","9":"instock","10":"shipping-taxable","11":"purchasable","12":"product-type-simple"},"_links":{"self":[{"href":"https:\/\/nordicmart.andreevmaster.com\/sv\/wp-json\/wp\/v2\/product\/14542","targetHints":{"allow":["GET"]}}],"collection":[{"href":"https:\/\/nordicmart.andreevmaster.com\/sv\/wp-json\/wp\/v2\/product"}],"about":[{"href":"https:\/\/nordicmart.andreevmaster.com\/sv\/wp-json\/wp\/v2\/types\/product"}],"replies":[{"embeddable":true,"href":"https:\/\/nordicmart.andreevmaster.com\/sv\/wp-json\/wp\/v2\/comments?post=14542"}],"wp:featuredmedia":[{"embeddable":true,"href":"https:\/\/nordicmart.andreevmaster.com\/sv\/wp-json\/wp\/v2\/media\/42491"}],"wp:attachment":[{"href":"https:\/\/nordicmart.andreevmaster.com\/sv\/wp-json\/wp\/v2\/media?parent=14542"}],"wp:term":[{"taxonomy":"product_brand","embeddable":true,"href":"https:\/\/nordicmart.andreevmaster.com\/sv\/wp-json\/wp\/v2\/product_brand?post=14542"},{"taxonomy":"product_cat","embeddable":true,"href":"https:\/\/nordicmart.andreevmaster.com\/sv\/wp-json\/wp\/v2\/product_cat?post=14542"},{"taxonomy":"product_tag","embeddable":true,"href":"https:\/\/nordicmart.andreevmaster.com\/sv\/wp-json\/wp\/v2\/product_tag?post=14542"}],"curies":[{"name":"wp","href":"https:\/\/api.w.org\/{rel}","templated":true}]}}