{"id":14537,"date":"2026-02-27T00:22:20","date_gmt":"2026-02-27T00:22:20","guid":{"rendered":"https:\/\/nordicmart.andreevmaster.com\/product\/songmics-metallhylla-med-5-hyllplan-svart\/"},"modified":"2026-02-27T08:14:37","modified_gmt":"2026-02-27T08:14:37","slug":"songmics-metallhylla-med-5-hyllplan-svart","status":"publish","type":"product","link":"https:\/\/nordicmart.andreevmaster.com\/sv\/produkt\/songmics-metallhylla-med-5-hyllplan-svart\/","title":{"rendered":"SONGMICS metallhylla med 5 hyllplan, svart"},"content":{"rendered":"<p>I k\u00f6ket? En hj\u00e4lte: Din b\u00e4nkskiva \u00e4r full av kastruller, kryddor, sk\u00e5lar och andra k\u00f6ksredskap och du har knappt plats att f\u00f6rbereda din stora middag? Denna h\u00f6ga stativhylla hj\u00e4lper dig ur knipan. Ordna allt p\u00e5 de 5 niv\u00e5erna, frig\u00f6r b\u00e4nkskivan och f\u00f6rbered dig p\u00e5 att \u00f6verraska dina g\u00e4ster! I badrummet? En trollkarl: F\u00f6rvara dina handdukar, schampon, lotioner, badsalter och andra toalettartiklar organiserat p\u00e5 de 5 hyllplan och h\u00e4ng dina borstar p\u00e5 krokarna \u2013 p\u00e5 ett magiskt s\u00e4tt blir ditt tidigare \u00f6verfulla badrum st\u00f6rre! F\u00f6rresten: Tr\u00e5dkorgen skyddar dina f\u00f6rem\u00e5l fr\u00e5n att falla ner. P\u00e5 balkongen? En oas: Skapa en balkongtr\u00e4dg\u00e5rd med dina favoritv\u00e4xter och blommor p\u00e5 denna metallhylla. Ge ditt hem en touch av gr\u00f6nska och ge dina v\u00e4xter en idealisk milj\u00f6 att trivas i. Produktdetaljer: F\u00e4rg: Svart Material: St\u00e5l Storlek: 40 x 30 x 150 cm (L x B x H) Vikt: 4,7 kg Max. statisk belastningskapacitet per hyllplan: 20 kg Leveransomfattning: 1 x f\u00f6rvaringshylla 5 x PP-skiva 4 x krok 1 x tippskydd 1 x instruktioner SONGMICS Anm\u00e4rkningar: Vid montering av plastkl\u00e4mmorna ska TOP-pilen alltid peka upp\u00e5t. Kontrollera alla kl\u00e4mmor efter monteringen f\u00f6r att s\u00e4kerst\u00e4lla att de inte kan flyttas. Se till att f\u00e4stkl\u00e4mmorna f\u00e4sts p\u00e5 samma h\u00f6jd p\u00e5 de fyra r\u00f6ren s\u00e5 att hyllorna ligger i ett horisontellt plan. Den maximala statiska belastningskapaciteten per hyllplan \u00e4r 20 kg. \u00d6verskrid inte denna maximala vikt. F\u00e4st produkten p\u00e5 v\u00e4ggen med tippskyddet f\u00f6r att garantera s\u00e4ker anv\u00e4ndning.<\/p>\n","protected":false},"excerpt":{"rendered":"<p>SONGMICS k\u00f6kshylla, metallhylla, stativhylla, badrumshylla med 4 krokar, PP-skivor, justerbara hyllplan, tr\u00e5dkorg, belastningskapacitet upp till 100 kg, f\u00f6r sm\u00e5 utrymmen, badrum, svart LGR105B01<\/p>\n","protected":false},"featured_media":42486,"comment_status":"open","ping_status":"closed","template":"","meta":[],"product_brand":[],"product_cat":[33],"product_tag":[],"class_list":{"0":"post-14537","1":"product","2":"type-product","3":"status-publish","4":"has-post-thumbnail","6":"product_cat-okategoriserad","8":"first","9":"instock","10":"shipping-taxable","11":"purchasable","12":"product-type-simple"},"_links":{"self":[{"href":"https:\/\/nordicmart.andreevmaster.com\/sv\/wp-json\/wp\/v2\/product\/14537","targetHints":{"allow":["GET"]}}],"collection":[{"href":"https:\/\/nordicmart.andreevmaster.com\/sv\/wp-json\/wp\/v2\/product"}],"about":[{"href":"https:\/\/nordicmart.andreevmaster.com\/sv\/wp-json\/wp\/v2\/types\/product"}],"replies":[{"embeddable":true,"href":"https:\/\/nordicmart.andreevmaster.com\/sv\/wp-json\/wp\/v2\/comments?post=14537"}],"wp:featuredmedia":[{"embeddable":true,"href":"https:\/\/nordicmart.andreevmaster.com\/sv\/wp-json\/wp\/v2\/media\/42486"}],"wp:attachment":[{"href":"https:\/\/nordicmart.andreevmaster.com\/sv\/wp-json\/wp\/v2\/media?parent=14537"}],"wp:term":[{"taxonomy":"product_brand","embeddable":true,"href":"https:\/\/nordicmart.andreevmaster.com\/sv\/wp-json\/wp\/v2\/product_brand?post=14537"},{"taxonomy":"product_cat","embeddable":true,"href":"https:\/\/nordicmart.andreevmaster.com\/sv\/wp-json\/wp\/v2\/product_cat?post=14537"},{"taxonomy":"product_tag","embeddable":true,"href":"https:\/\/nordicmart.andreevmaster.com\/sv\/wp-json\/wp\/v2\/product_tag?post=14537"}],"curies":[{"name":"wp","href":"https:\/\/api.w.org\/{rel}","templated":true}]}}