{"id":14535,"date":"2026-02-27T00:22:20","date_gmt":"2026-02-27T00:22:20","guid":{"rendered":"https:\/\/nordicmart.andreevmaster.com\/product\/songmics-stativhylla-med-3-hyllplan-i-metall-svart\/"},"modified":"2026-02-27T08:14:36","modified_gmt":"2026-02-27T08:14:36","slug":"songmics-stativhylla-med-3-hyllplan-i-metall-svart","status":"publish","type":"product","link":"https:\/\/nordicmart.andreevmaster.com\/sv\/produkt\/songmics-stativhylla-med-3-hyllplan-i-metall-svart\/","title":{"rendered":"SONGMICS stativhylla med 3 hyllplan i metall, svart"},"content":{"rendered":"<p>Passar i alla rum: Detta 30 x 30 x 73 cm stora f\u00f6rvaringsst\u00e4ll \u00e4r utrymmeseffektivt och passar i n\u00e4stan alla rum: i vardagsrummet f\u00f6r krukv\u00e4xter och dekorationer, i tv\u00e4ttstugan f\u00f6r tv\u00e4ttmedel och sk\u00f6ljmedel eller i k\u00f6ket f\u00f6r kryddor och k\u00f6ksredskap. Inga verktyg beh\u00f6vs: \u00c4r du h\u00e4ndig? Inga problem! Tack vare numrerade delar och en l\u00e4ttf\u00f6rst\u00e5elig bruksanvisning kan du montera detta badrumshyllor p\u00e5 nolltid. F\u00f6r \u00f6vrigt beh\u00f6vs inga verktyg eller skruvar f\u00f6r monteringen. Produktdetaljer:F\u00e4rg: Svart Material: Pulverlackerad metall Storlek: 30 x 30 x 73 cm (L x B x H) Vikt: 2,3 kg Max. statisk belastningskapacitet per hylla: 20 kg Leveransomfattning: 1 x badrumshylla 3 x PP-skiva 2 x tippskydd 1 x instruktioner (DE, EN, FR, ES, IT) SONGMICS Anm\u00e4rkningar:Vid montering av plastkl\u00e4mmorna ska pilen TOP alltid peka upp\u00e5t. Kontrollera alla kl\u00e4mmor efter monteringen f\u00f6r att s\u00e4kerst\u00e4lla att de inte kan flyttas. L\u00e5t alla kl\u00e4mmor sn\u00e4ppa fast ordentligt i f\u00f6rdjupningarna p\u00e5 stativr\u00f6ren s\u00e5 att hyllorna \u00e4r parallella med ditt k\u00f6ksbord. F\u00e4st produkten p\u00e5 v\u00e4ggen med tippskyddet f\u00f6r att s\u00e4kerst\u00e4lla s\u00e4ker anv\u00e4ndning. Den max. belastningskapacitet som anges i texten avser den statiska maxvikten.<\/p>\n","protected":false},"excerpt":{"rendered":"<p>SONGMICS badrumshylla, stativhylla med 3 niv\u00e5er, hyllsystem i metall, total belastningskapacitet upp till 60 kg, med 3 PP-skivor, 30 x 30 x 73 cm, utbyggbar, f\u00f6r sm\u00e5 utrymmen, svart LGR103B01<\/p>\n","protected":false},"featured_media":42484,"comment_status":"open","ping_status":"closed","template":"","meta":[],"product_brand":[],"product_cat":[33],"product_tag":[],"class_list":{"0":"post-14535","1":"product","2":"type-product","3":"status-publish","4":"has-post-thumbnail","6":"product_cat-okategoriserad","8":"first","9":"instock","10":"shipping-taxable","11":"purchasable","12":"product-type-simple"},"_links":{"self":[{"href":"https:\/\/nordicmart.andreevmaster.com\/sv\/wp-json\/wp\/v2\/product\/14535","targetHints":{"allow":["GET"]}}],"collection":[{"href":"https:\/\/nordicmart.andreevmaster.com\/sv\/wp-json\/wp\/v2\/product"}],"about":[{"href":"https:\/\/nordicmart.andreevmaster.com\/sv\/wp-json\/wp\/v2\/types\/product"}],"replies":[{"embeddable":true,"href":"https:\/\/nordicmart.andreevmaster.com\/sv\/wp-json\/wp\/v2\/comments?post=14535"}],"wp:featuredmedia":[{"embeddable":true,"href":"https:\/\/nordicmart.andreevmaster.com\/sv\/wp-json\/wp\/v2\/media\/42484"}],"wp:attachment":[{"href":"https:\/\/nordicmart.andreevmaster.com\/sv\/wp-json\/wp\/v2\/media?parent=14535"}],"wp:term":[{"taxonomy":"product_brand","embeddable":true,"href":"https:\/\/nordicmart.andreevmaster.com\/sv\/wp-json\/wp\/v2\/product_brand?post=14535"},{"taxonomy":"product_cat","embeddable":true,"href":"https:\/\/nordicmart.andreevmaster.com\/sv\/wp-json\/wp\/v2\/product_cat?post=14535"},{"taxonomy":"product_tag","embeddable":true,"href":"https:\/\/nordicmart.andreevmaster.com\/sv\/wp-json\/wp\/v2\/product_tag?post=14535"}],"curies":[{"name":"wp","href":"https:\/\/api.w.org\/{rel}","templated":true}]}}