{"id":14534,"date":"2026-02-27T00:22:19","date_gmt":"2026-02-27T00:22:19","guid":{"rendered":"https:\/\/nordicmart.andreevmaster.com\/product\/songmics-forvaringshylla-med-6-nivaer\/"},"modified":"2026-02-27T08:14:36","modified_gmt":"2026-02-27T08:14:36","slug":"songmics-forvaringshylla-med-6-nivaer","status":"publish","type":"product","link":"https:\/\/nordicmart.andreevmaster.com\/sv\/produkt\/songmics-forvaringshylla-med-6-nivaer\/","title":{"rendered":"SONGMICS f\u00f6rvaringshylla med 6 niv\u00e5er"},"content":{"rendered":"<p>Produktdetaljer: F\u00e4rg: Svart Material: St\u00e5l Storlek: 90 x 35 x 177 cm (L x B x H)Vikt: 11,9 kgMax. statisk belastningskapacitet per hyllplan: 40 kgMax. statisk belastningskapacitet totalt: 240 kgLeveransomfattning:1 x k\u00f6kshylla6 x PP-skiva8 x S-krok2 x tippskydd1 x bruksanvisningSONGMICS Anm\u00e4rkningar:N\u00e4r du monterar plastkl\u00e4mmorna ska pilen TOP alltid peka upp\u00e5t. Kontrollera alla kl\u00e4mmor efter monteringen f\u00f6r att s\u00e4kerst\u00e4lla att de inte kan flyttas. L\u00e5t alla kl\u00e4mmor sn\u00e4ppa fast ordentligt i f\u00f6rdjupningarna p\u00e5 stativr\u00f6ren s\u00e5 att hyllorna \u00e4r parallella med k\u00f6ksbordet. F\u00e4st produkten p\u00e5 v\u00e4ggen med tippskyddet f\u00f6r att s\u00e4kerst\u00e4lla s\u00e4ker anv\u00e4ndning.<\/p>\n","protected":false},"excerpt":{"rendered":"<p>SONGMICS k\u00f6kshylla med 6 niv\u00e5er, metallhylla, stativhylla, h\u00f6jdjusterbar gallerhylla, med PP-plastskivor, 8 S-krokar, f\u00f6r k\u00f6k, vardagsrum, upp till 240 kg, platsbesparande, svart LGR096B01<\/p>\n","protected":false},"featured_media":42483,"comment_status":"open","ping_status":"closed","template":"","meta":[],"product_brand":[],"product_cat":[33],"product_tag":[],"class_list":{"0":"post-14534","1":"product","2":"type-product","3":"status-publish","4":"has-post-thumbnail","6":"product_cat-okategoriserad","8":"first","9":"instock","10":"shipping-taxable","11":"purchasable","12":"product-type-simple"},"_links":{"self":[{"href":"https:\/\/nordicmart.andreevmaster.com\/sv\/wp-json\/wp\/v2\/product\/14534","targetHints":{"allow":["GET"]}}],"collection":[{"href":"https:\/\/nordicmart.andreevmaster.com\/sv\/wp-json\/wp\/v2\/product"}],"about":[{"href":"https:\/\/nordicmart.andreevmaster.com\/sv\/wp-json\/wp\/v2\/types\/product"}],"replies":[{"embeddable":true,"href":"https:\/\/nordicmart.andreevmaster.com\/sv\/wp-json\/wp\/v2\/comments?post=14534"}],"wp:featuredmedia":[{"embeddable":true,"href":"https:\/\/nordicmart.andreevmaster.com\/sv\/wp-json\/wp\/v2\/media\/42483"}],"wp:attachment":[{"href":"https:\/\/nordicmart.andreevmaster.com\/sv\/wp-json\/wp\/v2\/media?parent=14534"}],"wp:term":[{"taxonomy":"product_brand","embeddable":true,"href":"https:\/\/nordicmart.andreevmaster.com\/sv\/wp-json\/wp\/v2\/product_brand?post=14534"},{"taxonomy":"product_cat","embeddable":true,"href":"https:\/\/nordicmart.andreevmaster.com\/sv\/wp-json\/wp\/v2\/product_cat?post=14534"},{"taxonomy":"product_tag","embeddable":true,"href":"https:\/\/nordicmart.andreevmaster.com\/sv\/wp-json\/wp\/v2\/product_tag?post=14534"}],"curies":[{"name":"wp","href":"https:\/\/api.w.org\/{rel}","templated":true}]}}