{"id":14531,"date":"2026-02-27T00:22:19","date_gmt":"2026-02-27T00:22:19","guid":{"rendered":"https:\/\/nordicmart.andreevmaster.com\/product\/songmics-kokshylla-med-8-krokar\/"},"modified":"2026-02-27T08:14:36","modified_gmt":"2026-02-27T08:14:36","slug":"songmics-kokshylla-med-8-krokar","status":"publish","type":"product","link":"https:\/\/nordicmart.andreevmaster.com\/sv\/produkt\/songmics-kokshylla-med-8-krokar\/","title":{"rendered":"SONGMICS k\u00f6kshylla med 8 krokar"},"content":{"rendered":"<p>Produktdetaljer: &#8211; F\u00e4rg: Svart &#8211; Material: St\u00e5l &#8211; Storlek: 59 x 29 x 128 cm (L x B x H) &#8211; Vikt: 5 kg &#8211; Max. statisk belastningskapacitet per hyllplan: 20 kg &#8211; Max. statisk belastningskapacitet totalt: 100 kg Leveransomfattning:- 1 x k\u00f6kshylla &#8211; 5 x PP-skiva &#8211; 8 x S-krokar &#8211; 1 x tippskydd &#8211; 1 x bruksanvisning SONGMICS Anm\u00e4rkningar: &#8211; Vid montering av plastkl\u00e4mmorna ska TOP-pilen alltid peka upp\u00e5t. Kontrollera alla kl\u00e4mmor efter monteringen f\u00f6r att s\u00e4kerst\u00e4lla att de inte kan flyttas. &#8211; Se till att alla kl\u00e4mmor sitter ordentligt fast i f\u00f6rdjupningarna p\u00e5 stativr\u00f6ren s\u00e5 att hyllorna \u00e4r parallella med k\u00f6ksbordet. &#8211; F\u00e4st produkten p\u00e5 v\u00e4ggen med tippskyddet f\u00f6r att s\u00e4kerst\u00e4lla s\u00e4ker anv\u00e4ndning.<\/p>\n","protected":false},"excerpt":{"rendered":"<p>SONGMICS k\u00f6kshylla med 5 hyllplan, metallhylla, stativhylla, h\u00f6j- och justerbar gallerhylla, med PP-plastskivor, 8 S-krokar, f\u00f6r k\u00f6k, vardagsrum, upp till 100 kg, platsbesparande, svart LGR065B01<\/p>\n","protected":false},"featured_media":42480,"comment_status":"open","ping_status":"closed","template":"","meta":[],"product_brand":[],"product_cat":[33],"product_tag":[],"class_list":{"0":"post-14531","1":"product","2":"type-product","3":"status-publish","4":"has-post-thumbnail","6":"product_cat-okategoriserad","8":"first","9":"instock","10":"shipping-taxable","11":"purchasable","12":"product-type-simple"},"_links":{"self":[{"href":"https:\/\/nordicmart.andreevmaster.com\/sv\/wp-json\/wp\/v2\/product\/14531","targetHints":{"allow":["GET"]}}],"collection":[{"href":"https:\/\/nordicmart.andreevmaster.com\/sv\/wp-json\/wp\/v2\/product"}],"about":[{"href":"https:\/\/nordicmart.andreevmaster.com\/sv\/wp-json\/wp\/v2\/types\/product"}],"replies":[{"embeddable":true,"href":"https:\/\/nordicmart.andreevmaster.com\/sv\/wp-json\/wp\/v2\/comments?post=14531"}],"wp:featuredmedia":[{"embeddable":true,"href":"https:\/\/nordicmart.andreevmaster.com\/sv\/wp-json\/wp\/v2\/media\/42480"}],"wp:attachment":[{"href":"https:\/\/nordicmart.andreevmaster.com\/sv\/wp-json\/wp\/v2\/media?parent=14531"}],"wp:term":[{"taxonomy":"product_brand","embeddable":true,"href":"https:\/\/nordicmart.andreevmaster.com\/sv\/wp-json\/wp\/v2\/product_brand?post=14531"},{"taxonomy":"product_cat","embeddable":true,"href":"https:\/\/nordicmart.andreevmaster.com\/sv\/wp-json\/wp\/v2\/product_cat?post=14531"},{"taxonomy":"product_tag","embeddable":true,"href":"https:\/\/nordicmart.andreevmaster.com\/sv\/wp-json\/wp\/v2\/product_tag?post=14531"}],"curies":[{"name":"wp","href":"https:\/\/api.w.org\/{rel}","templated":true}]}}