{"id":14529,"date":"2026-02-27T00:22:18","date_gmt":"2026-02-27T00:22:18","guid":{"rendered":"https:\/\/nordicmart.andreevmaster.com\/product\/songmics-kryddhylla-med-3-nivaer-svart\/"},"modified":"2026-02-27T08:14:36","modified_gmt":"2026-02-27T08:14:36","slug":"songmics-kryddhylla-med-3-nivaer-svart","status":"publish","type":"product","link":"https:\/\/nordicmart.andreevmaster.com\/sv\/produkt\/songmics-kryddhylla-med-3-nivaer-svart\/","title":{"rendered":"SONGMICS kryddhylla med 3 niv\u00e5er, svart"},"content":{"rendered":"<p>S\u00e5 piffar du upp ditt k\u00f6k: M\u00e5ngfald \u00e4r livets krydda. Men ju fler burkar och flaskor du har, desto sv\u00e5rare \u00e4r det att h\u00e5lla ordning i k\u00f6ket. Skaffa detta rymliga kryddhyllset med 3 niv\u00e5er och f\u00f6rvara dina kryddor snyggt och inom r\u00e4ckh\u00e5ll. Allt du beh\u00f6ver g\u00f6ra nu \u00e4r att fr\u00e4scha upp dina matlagningskunskaper. Stabilitet \u00e4r h\u00f6gsta prioritet: Det sista du beh\u00f6ver i ditt k\u00f6k \u00e4r en ostadig hylla som hela tiden v\u00e4lter. Ingen vill v\u00e4l st\u00e4da ett k\u00f6ksbord d\u00e4r rosmarin, timjan och paprikapulver har spillts ut, eller hur? Med detta k\u00f6ksst\u00e4ll har du \u00e4ntligen hittat en stabil plats f\u00f6r dina kryddburkar, oljeflaskor etc. Det \u00e4r utrustat med justerbara f\u00f6tter f\u00f6r att kompensera f\u00f6r sm\u00e5 oj\u00e4mnheter i bordets yta. Produktdetaljer: F\u00e4rg: Svart Material: St\u00e5lram, PP-plastskiva Storlek: 40 x 15 x 39,5 cm (L x B x H) Vikt: 1,6 kg Max. statisk belastningskapacitet per hylla: 20 kg Leveransomfattning: 1 x kryddhylla 3 x PP-skiva 1 x instruktioner (DE, EN, FR, ES, IT) SONGMICS Anm\u00e4rkningar:Vid montering av f\u00e4stkl\u00e4mmorna ska pilen alltid peka upp\u00e5t. Kontrollera alla kl\u00e4mmor efter montering f\u00f6r att s\u00e4kerst\u00e4lla att de inte kan flyttas. L\u00e5t alla kl\u00e4mmor sn\u00e4ppa fast ordentligt i f\u00f6rdjupningarna p\u00e5 stativr\u00f6ren s\u00e5 att hyllorna \u00e4r parallella med arbetsplattan. Den maximala statiska belastningskapaciteten per hyllplan \u00e4r 20 kg. \u00d6verskrid inte denna maximala vikt.<\/p>\n","protected":false},"excerpt":{"rendered":"<p>SONGMICS kryddhylla med 3 niv\u00e5er, k\u00f6ksorganiserare, av metall, med PP-plattor, justerbara hyllplan, 40 x 15 x 39,5 cm, svart LGR025B01<\/p>\n","protected":false},"featured_media":42478,"comment_status":"open","ping_status":"closed","template":"","meta":[],"product_brand":[],"product_cat":[33],"product_tag":[],"class_list":{"0":"post-14529","1":"product","2":"type-product","3":"status-publish","4":"has-post-thumbnail","6":"product_cat-okategoriserad","8":"first","9":"instock","10":"shipping-taxable","11":"purchasable","12":"product-type-simple"},"_links":{"self":[{"href":"https:\/\/nordicmart.andreevmaster.com\/sv\/wp-json\/wp\/v2\/product\/14529","targetHints":{"allow":["GET"]}}],"collection":[{"href":"https:\/\/nordicmart.andreevmaster.com\/sv\/wp-json\/wp\/v2\/product"}],"about":[{"href":"https:\/\/nordicmart.andreevmaster.com\/sv\/wp-json\/wp\/v2\/types\/product"}],"replies":[{"embeddable":true,"href":"https:\/\/nordicmart.andreevmaster.com\/sv\/wp-json\/wp\/v2\/comments?post=14529"}],"wp:featuredmedia":[{"embeddable":true,"href":"https:\/\/nordicmart.andreevmaster.com\/sv\/wp-json\/wp\/v2\/media\/42478"}],"wp:attachment":[{"href":"https:\/\/nordicmart.andreevmaster.com\/sv\/wp-json\/wp\/v2\/media?parent=14529"}],"wp:term":[{"taxonomy":"product_brand","embeddable":true,"href":"https:\/\/nordicmart.andreevmaster.com\/sv\/wp-json\/wp\/v2\/product_brand?post=14529"},{"taxonomy":"product_cat","embeddable":true,"href":"https:\/\/nordicmart.andreevmaster.com\/sv\/wp-json\/wp\/v2\/product_cat?post=14529"},{"taxonomy":"product_tag","embeddable":true,"href":"https:\/\/nordicmart.andreevmaster.com\/sv\/wp-json\/wp\/v2\/product_tag?post=14529"}],"curies":[{"name":"wp","href":"https:\/\/api.w.org\/{rel}","templated":true}]}}