{"id":14527,"date":"2026-02-27T00:22:18","date_gmt":"2026-02-27T00:22:18","guid":{"rendered":"https:\/\/nordicmart.andreevmaster.com\/product\/songmics-datorbord-svart-rott\/"},"modified":"2026-02-27T08:14:35","modified_gmt":"2026-02-27T08:14:35","slug":"songmics-datorbord-svart-rott","status":"publish","type":"product","link":"https:\/\/nordicmart.andreevmaster.com\/sv\/produkt\/songmics-datorbord-svart-rott\/","title":{"rendered":"SONGMICS datorbord svart-r\u00f6tt"},"content":{"rendered":"<p>Passar dig: \u00c4r du intresserad av dataspel eller tillbringar du mycket tid vid datorn? SONGMICS gamingbord i r\u00f6tt och svart skapar en idealisk atmosf\u00e4r f\u00f6r t\u00e4vlingsinriktat spelande. Det finns tillr\u00e4ckligt med utrymme f\u00f6r bildsk\u00e4rmar, mus, tangentbord och h\u00f6gtalare. P\u00e5 sidorna finns extra h\u00e5llare f\u00f6r h\u00f6rlurar och dryckesflaskor. Riktigt praktiskt! H\u00f6g kvalitet: Detta gamingbord best\u00e5r av ett st\u00e5lstativ och robust tr\u00e4sp\u00e5n, ytan t\u00e5l belastningar upp till 50 kg. Det Z-formade stativet och f\u00f6rst\u00e4rkningsst\u00e4ngerna ger h\u00f6g stabilitet. Produktdetaljer: F\u00e4rg: Svart-r\u00f6d Material: St\u00e5l, MDF (medeldensitetsfiberplatta)Storlek: 116 x 60 x 75 cm (L x B x H) Tjocklek p\u00e5 bordsskivan: 1,8 cm Vikt: 18,9 kg Max. statisk belastningskapacitet: 50 kg Leveransomfattning: 1 x spelbord 1 x klisterm\u00e4rke 1 x tillbeh\u00f6rspaket 1 x bruksanvisning (DE, EN, FR, IT, ES) SONGMICS Anm\u00e4rkningar:Av s\u00e4kerhetssk\u00e4l \u00e4r det f\u00f6rbjudet f\u00f6r barn att kl\u00e4ttra p\u00e5 eller leka med produkten. Den maximala statiska belastningskapaciteten f\u00f6r bordsskivan \u00e4r 50 kg. \u00d6verskrid inte denna maximala vikt.<\/p>\n","protected":false},"excerpt":{"rendered":"<p>SONGMICS Spelbord, datorbord, med monitorstativ, med h\u00e5llare f\u00f6r h\u00f6rlurar och dricksglas, multifunktionellt, Z-formad st\u00e5lram, enkel montering, svart-r\u00f6d LGD001B01<\/p>\n","protected":false},"featured_media":0,"comment_status":"open","ping_status":"closed","template":"","meta":[],"product_brand":[],"product_cat":[33],"product_tag":[],"class_list":{"0":"post-14527","1":"product","2":"type-product","3":"status-publish","5":"product_cat-okategoriserad","7":"first","8":"instock","9":"shipping-taxable","10":"purchasable","11":"product-type-simple"},"_links":{"self":[{"href":"https:\/\/nordicmart.andreevmaster.com\/sv\/wp-json\/wp\/v2\/product\/14527","targetHints":{"allow":["GET"]}}],"collection":[{"href":"https:\/\/nordicmart.andreevmaster.com\/sv\/wp-json\/wp\/v2\/product"}],"about":[{"href":"https:\/\/nordicmart.andreevmaster.com\/sv\/wp-json\/wp\/v2\/types\/product"}],"replies":[{"embeddable":true,"href":"https:\/\/nordicmart.andreevmaster.com\/sv\/wp-json\/wp\/v2\/comments?post=14527"}],"wp:attachment":[{"href":"https:\/\/nordicmart.andreevmaster.com\/sv\/wp-json\/wp\/v2\/media?parent=14527"}],"wp:term":[{"taxonomy":"product_brand","embeddable":true,"href":"https:\/\/nordicmart.andreevmaster.com\/sv\/wp-json\/wp\/v2\/product_brand?post=14527"},{"taxonomy":"product_cat","embeddable":true,"href":"https:\/\/nordicmart.andreevmaster.com\/sv\/wp-json\/wp\/v2\/product_cat?post=14527"},{"taxonomy":"product_tag","embeddable":true,"href":"https:\/\/nordicmart.andreevmaster.com\/sv\/wp-json\/wp\/v2\/product_tag?post=14527"}],"curies":[{"name":"wp","href":"https:\/\/api.w.org\/{rel}","templated":true}]}}