{"id":14526,"date":"2026-02-27T00:22:18","date_gmt":"2026-02-27T00:22:18","guid":{"rendered":"https:\/\/nordicmart.andreevmaster.com\/product\/songmics-vagghyllor-i-metall-3-pack\/"},"modified":"2026-02-27T08:14:35","modified_gmt":"2026-02-27T08:14:35","slug":"songmics-vagghyllor-i-metall-3-pack","status":"publish","type":"product","link":"https:\/\/nordicmart.andreevmaster.com\/sv\/produkt\/songmics-vagghyllor-i-metall-3-pack\/","title":{"rendered":"SONGMICS v\u00e4gghyllor i metall, 3-pack"},"content":{"rendered":"<p>I vardagsrummet: P\u00e5 dessa eleganta v\u00e4gghyllor kan du visa upp dekorationsf\u00f6rem\u00e5l, suckulenter och fotoramar p\u00e5 b\u00e4sta s\u00e4tt. Piffa upp ditt hem p\u00e5 ett enkelt s\u00e4tt! I sovrummet: Montera dessa v\u00e4gghyllor bredvid s\u00e4ngen f\u00f6r att placera din klocka, glas\u00f6gon eller doftljus. De upph\u00f6jda kanterna f\u00f6rhindrar att dessa f\u00f6rem\u00e5l glider ner.Och \u00e4nnu mer: Dessa sv\u00e4vande hyllor \u00e4r perfekta f\u00f6r ditt matrum, badrum, kontor&#8230; Listan skulle bli f\u00f6r l\u00e5ng f\u00f6r att r\u00e4kna upp allt h\u00e4r, eftersom dessa hyllor passar \u00f6verallt d\u00e4r det finns v\u00e4ggar. Produktdetaljer: F\u00e4rg: Svart Material: Pulverlackerat st\u00e5l Storlek p\u00e5 den lilla hyllan: 30 x 9 x 2,5 cm (L x B x H)Storlek p\u00e5 det medelstora hyllan: 35 x 9 x 2,5 cm (L x B x H) Storlek p\u00e5 det stora hyllan: 40 x 9,5 x 2,5 cm (L x B x H) Vikt: 1,6 kg Max. statisk belastningskapacitet per hylla: 5 kg Leveransomfattning: 3 x v\u00e4gghylla 1 x tillbeh\u00f6rsp\u00e5se 1 x instruktioner<\/p>\n","protected":false},"excerpt":{"rendered":"<p>SONGMICS v\u00e4gghyllor i metall, 3-pack, sv\u00e4vande hyllor, industriell design, v\u00e4gghyllor, f\u00f6r dekorationer, fotoramar, med 6 skruvar f\u00f6r att f\u00e4sta hyllorna, olika layouter, svart LFS12BK<\/p>\n","protected":false},"featured_media":42476,"comment_status":"open","ping_status":"closed","template":"","meta":[],"product_brand":[],"product_cat":[33],"product_tag":[],"class_list":{"0":"post-14526","1":"product","2":"type-product","3":"status-publish","4":"has-post-thumbnail","6":"product_cat-okategoriserad","8":"first","9":"instock","10":"shipping-taxable","11":"purchasable","12":"product-type-simple"},"_links":{"self":[{"href":"https:\/\/nordicmart.andreevmaster.com\/sv\/wp-json\/wp\/v2\/product\/14526","targetHints":{"allow":["GET"]}}],"collection":[{"href":"https:\/\/nordicmart.andreevmaster.com\/sv\/wp-json\/wp\/v2\/product"}],"about":[{"href":"https:\/\/nordicmart.andreevmaster.com\/sv\/wp-json\/wp\/v2\/types\/product"}],"replies":[{"embeddable":true,"href":"https:\/\/nordicmart.andreevmaster.com\/sv\/wp-json\/wp\/v2\/comments?post=14526"}],"wp:featuredmedia":[{"embeddable":true,"href":"https:\/\/nordicmart.andreevmaster.com\/sv\/wp-json\/wp\/v2\/media\/42476"}],"wp:attachment":[{"href":"https:\/\/nordicmart.andreevmaster.com\/sv\/wp-json\/wp\/v2\/media?parent=14526"}],"wp:term":[{"taxonomy":"product_brand","embeddable":true,"href":"https:\/\/nordicmart.andreevmaster.com\/sv\/wp-json\/wp\/v2\/product_brand?post=14526"},{"taxonomy":"product_cat","embeddable":true,"href":"https:\/\/nordicmart.andreevmaster.com\/sv\/wp-json\/wp\/v2\/product_cat?post=14526"},{"taxonomy":"product_tag","embeddable":true,"href":"https:\/\/nordicmart.andreevmaster.com\/sv\/wp-json\/wp\/v2\/product_tag?post=14526"}],"curies":[{"name":"wp","href":"https:\/\/api.w.org\/{rel}","templated":true}]}}