{"id":14525,"date":"2026-02-27T00:22:17","date_gmt":"2026-02-27T00:22:17","guid":{"rendered":"https:\/\/nordicmart.andreevmaster.com\/product\/songmics-3-pack-vagghyllor-i-metall\/"},"modified":"2026-02-27T08:14:35","modified_gmt":"2026-02-27T08:14:35","slug":"songmics-3-pack-vagghyllor-i-metall","status":"publish","type":"product","link":"https:\/\/nordicmart.andreevmaster.com\/sv\/produkt\/songmics-3-pack-vagghyllor-i-metall\/","title":{"rendered":"SONGMICS 3-pack v\u00e4gghyllor i metall"},"content":{"rendered":"<p>Saknar du f\u00f6rvaringsutrymme p\u00e5 golvet? Titta upp\u00e5t! R\u00e4cker inte utrymmet p\u00e5 golvet till f\u00f6r att st\u00e4lla upp en smal hylla? Var ska du d\u00e5 g\u00f6ra av alla dekorationsartiklar som du k\u00f6pte ig\u00e5r? Titta upp p\u00e5 v\u00e4ggarna! F\u00f6rvandla tomma v\u00e4ggar till fantastiska f\u00f6rvarings- och presentationsytor med dessa hyllor. Vi \u00e4r annorlunda! \u00c4r du tr\u00f6tt p\u00e5 vanliga flytande hyllor som bara best\u00e5r av en vit eller svart tr\u00e4skiva? Har du modet att prova n\u00e5got nytt? Skaffa d\u00e5 denna metallhylla till ditt hem f\u00f6r att ge dina fyra v\u00e4ggar en modern touch och en hint av industriell chic. Produktdetaljer:- F\u00e4rg: Svart &#8211; Material: St\u00e5l &#8211; Storlek p\u00e5 det lilla hyllan: 24,5 x 14 x 12 cm (L x B x H) &#8211; Storlek p\u00e5 det medelstora hyllan: 32,5 x 14 x 12 cm (L x B x H) &#8211; Storlek p\u00e5 det stora hyllan: 41,5 x 14 x 12 cm (L x B x H) &#8211; Totalvikt: 1,3 kg &#8211; Max. statisk belastningskapacitet per hylla: 10 kg Leveransomfattning: &#8211; 3 x v\u00e4gghylla &#8211; 1 x tillbeh\u00f6rspaket &#8211; 1 x bruksanvisning (DE, EN, FR, ES, IT) SONGMICS Anm\u00e4rkningar:- Den maximala statiska belastningskapaciteten per v\u00e4gghylla \u00e4r 10 kg. \u00d6verskrid inte denna maximala vikt.<\/p>\n","protected":false},"excerpt":{"rendered":"<p>SONGMICS v\u00e4gghyllor, 3-pack, sv\u00e4vande hyllor i metall, industridesign, f\u00f6r tavlor, v\u00e4xter, dekorationer, souvenirer, olika layouter, svart LFS031B01<\/p>\n","protected":false},"featured_media":42475,"comment_status":"open","ping_status":"closed","template":"","meta":[],"product_brand":[],"product_cat":[33],"product_tag":[],"class_list":{"0":"post-14525","1":"product","2":"type-product","3":"status-publish","4":"has-post-thumbnail","6":"product_cat-okategoriserad","8":"first","9":"instock","10":"shipping-taxable","11":"purchasable","12":"product-type-simple"},"_links":{"self":[{"href":"https:\/\/nordicmart.andreevmaster.com\/sv\/wp-json\/wp\/v2\/product\/14525","targetHints":{"allow":["GET"]}}],"collection":[{"href":"https:\/\/nordicmart.andreevmaster.com\/sv\/wp-json\/wp\/v2\/product"}],"about":[{"href":"https:\/\/nordicmart.andreevmaster.com\/sv\/wp-json\/wp\/v2\/types\/product"}],"replies":[{"embeddable":true,"href":"https:\/\/nordicmart.andreevmaster.com\/sv\/wp-json\/wp\/v2\/comments?post=14525"}],"wp:featuredmedia":[{"embeddable":true,"href":"https:\/\/nordicmart.andreevmaster.com\/sv\/wp-json\/wp\/v2\/media\/42475"}],"wp:attachment":[{"href":"https:\/\/nordicmart.andreevmaster.com\/sv\/wp-json\/wp\/v2\/media?parent=14525"}],"wp:term":[{"taxonomy":"product_brand","embeddable":true,"href":"https:\/\/nordicmart.andreevmaster.com\/sv\/wp-json\/wp\/v2\/product_brand?post=14525"},{"taxonomy":"product_cat","embeddable":true,"href":"https:\/\/nordicmart.andreevmaster.com\/sv\/wp-json\/wp\/v2\/product_cat?post=14525"},{"taxonomy":"product_tag","embeddable":true,"href":"https:\/\/nordicmart.andreevmaster.com\/sv\/wp-json\/wp\/v2\/product_tag?post=14525"}],"curies":[{"name":"wp","href":"https:\/\/api.w.org\/{rel}","templated":true}]}}