{"id":14524,"date":"2026-02-27T00:22:17","date_gmt":"2026-02-27T00:22:17","guid":{"rendered":"https:\/\/nordicmart.andreevmaster.com\/product\/songmics-2-vagghyllor-i-industriell-design-svarta\/"},"modified":"2026-02-27T08:14:35","modified_gmt":"2026-02-27T08:14:35","slug":"songmics-2-vagghyllor-i-industriell-design-svarta","status":"publish","type":"product","link":"https:\/\/nordicmart.andreevmaster.com\/sv\/produkt\/songmics-2-vagghyllor-i-industriell-design-svarta\/","title":{"rendered":"SONGMICS 2 v\u00e4gghyllor i industriell design, svarta"},"content":{"rendered":"<p>Mer f\u00f6rvaringsutrymme f\u00f6r din l\u00e4genhet: \u00c4r din k\u00f6k f\u00f6r liten? \u00c4r det kaos p\u00e5 din k\u00f6ksb\u00e4nk? H\u00e4ng dessa hyllor p\u00e5 v\u00e4ggen och f\u00f6rvara kryddor som currypulver, timjan, kummin och rosmarin snyggt p\u00e5 dem. Du kan ocks\u00e5 h\u00e4nga upp st\u00e4ddukar och andra redskap p\u00e5 de 10 krokarna.Gl\u00f6m inte nycklarna: Letar du alltid efter dina nycklar innan du l\u00e4mnar huset? D\u00e5 kan du montera dessa hyllor i hallen. H\u00e4ng dina nycklar p\u00e5 krokarna och l\u00e4gg andra f\u00f6rem\u00e5l som r\u00e4kningar och brev p\u00e5 hyllan. Produktdetaljer: F\u00e4rg: Svart Material: J\u00e4rn Storlek p\u00e5 den lilla hyllan: 30 x 12 x 13 cm (L x B x H)Storlek p\u00e5 det stora hyllan: 40 x 12 x 13 cm (L x B x H)Vikt: 0,67 kg + 0,75 kgMax. statisk belastningskapacitet per hylla: 15 kgLeveransomfattning:2 x v\u00e4gghylla10 x krokar1 x tillbeh\u00f6rsp\u00e5se1 x instruktioner (DE, EN, FR, ES, IT)<\/p>\n","protected":false},"excerpt":{"rendered":"<p>SONGMICS V\u00e4gghyllor i industriell design, av metall, belastningskapacitet upp till 15 kg per hylla, 2-pack, k\u00f6kshyllor, med 10 krokar, f\u00f6r sovrum och vardagsrum, svart LFS02BK<\/p>\n","protected":false},"featured_media":42474,"comment_status":"open","ping_status":"closed","template":"","meta":[],"product_brand":[],"product_cat":[33],"product_tag":[],"class_list":{"0":"post-14524","1":"product","2":"type-product","3":"status-publish","4":"has-post-thumbnail","6":"product_cat-okategoriserad","8":"first","9":"instock","10":"shipping-taxable","11":"purchasable","12":"product-type-simple"},"_links":{"self":[{"href":"https:\/\/nordicmart.andreevmaster.com\/sv\/wp-json\/wp\/v2\/product\/14524","targetHints":{"allow":["GET"]}}],"collection":[{"href":"https:\/\/nordicmart.andreevmaster.com\/sv\/wp-json\/wp\/v2\/product"}],"about":[{"href":"https:\/\/nordicmart.andreevmaster.com\/sv\/wp-json\/wp\/v2\/types\/product"}],"replies":[{"embeddable":true,"href":"https:\/\/nordicmart.andreevmaster.com\/sv\/wp-json\/wp\/v2\/comments?post=14524"}],"wp:featuredmedia":[{"embeddable":true,"href":"https:\/\/nordicmart.andreevmaster.com\/sv\/wp-json\/wp\/v2\/media\/42474"}],"wp:attachment":[{"href":"https:\/\/nordicmart.andreevmaster.com\/sv\/wp-json\/wp\/v2\/media?parent=14524"}],"wp:term":[{"taxonomy":"product_brand","embeddable":true,"href":"https:\/\/nordicmart.andreevmaster.com\/sv\/wp-json\/wp\/v2\/product_brand?post=14524"},{"taxonomy":"product_cat","embeddable":true,"href":"https:\/\/nordicmart.andreevmaster.com\/sv\/wp-json\/wp\/v2\/product_cat?post=14524"},{"taxonomy":"product_tag","embeddable":true,"href":"https:\/\/nordicmart.andreevmaster.com\/sv\/wp-json\/wp\/v2\/product_tag?post=14524"}],"curies":[{"name":"wp","href":"https:\/\/api.w.org\/{rel}","templated":true}]}}