{"id":14523,"date":"2026-02-27T00:22:17","date_gmt":"2026-02-27T00:22:17","guid":{"rendered":"https:\/\/nordicmart.andreevmaster.com\/product\/songmics-rund-vagghylla-svart\/"},"modified":"2026-02-27T08:14:34","modified_gmt":"2026-02-27T08:14:34","slug":"songmics-rund-vagghylla-svart","status":"publish","type":"product","link":"https:\/\/nordicmart.andreevmaster.com\/sv\/produkt\/songmics-rund-vagghylla-svart\/","title":{"rendered":"SONGMICS Rund v\u00e4gghylla Svart"},"content":{"rendered":"<p>Saknar du f\u00f6rvaringsutrymme p\u00e5 golvet? Titta upp\u00e5t: R\u00e4cker inte utrymmet p\u00e5 golvet f\u00f6r att st\u00e4lla upp en smal hylla? Vart ska du d\u00e5 g\u00f6ra av de dekorationsartiklar du k\u00f6pte ig\u00e5r? Rikta blicken mot dina v\u00e4ggar! F\u00f6rvandla tomma v\u00e4ggar till verkliga f\u00f6rvarings- och presentationsunderverk med denna hylla. Vi \u00e4r annorlunda: \u00c4r dina v\u00e4ggar tr\u00f6tta p\u00e5 vanliga flytande hyllor som bara best\u00e5r av en vit eller svart tr\u00e4skiva? Har du modet att prova n\u00e5got nytt? Skaffa d\u00e5 denna runda metallhylla till ditt hem f\u00f6r att ge dina fyra v\u00e4ggar en modern touch och en hint av industriell chic. Produktdetaljer: F\u00e4rg: Svart Material: J\u00e4rn Total storlek: 55 x 12 cm (\u00d8 x B) Storlek p\u00e5 hyllplan: 29,2 x 12 cm, 23,2 x 12 cm, 30,3 x 12 cm Vikt: 1,1 kg Max. statisk belastningskapacitet totalt: 15 kg (5 kg per hylla) Leveransomfattning: 1 x v\u00e4gghylla 1 x beh\u00e5llare med tillbeh\u00f6r 1 x bruksanvisning (DE, EN, FR, ES, IT)<\/p>\n","protected":false},"excerpt":{"rendered":"<p>SONGMICS v\u00e4gghylla i metall, rund sv\u00e4vande hylla med 3 gallerhyllor, med 2 skruvar, 55 x 12 cm (\u00d8 x B), f\u00f6r vardagsrum och hall, industriell design, svart LFS01BK<\/p>\n","protected":false},"featured_media":42473,"comment_status":"open","ping_status":"closed","template":"","meta":[],"product_brand":[],"product_cat":[33],"product_tag":[],"class_list":{"0":"post-14523","1":"product","2":"type-product","3":"status-publish","4":"has-post-thumbnail","6":"product_cat-okategoriserad","8":"first","9":"instock","10":"shipping-taxable","11":"purchasable","12":"product-type-simple"},"_links":{"self":[{"href":"https:\/\/nordicmart.andreevmaster.com\/sv\/wp-json\/wp\/v2\/product\/14523","targetHints":{"allow":["GET"]}}],"collection":[{"href":"https:\/\/nordicmart.andreevmaster.com\/sv\/wp-json\/wp\/v2\/product"}],"about":[{"href":"https:\/\/nordicmart.andreevmaster.com\/sv\/wp-json\/wp\/v2\/types\/product"}],"replies":[{"embeddable":true,"href":"https:\/\/nordicmart.andreevmaster.com\/sv\/wp-json\/wp\/v2\/comments?post=14523"}],"wp:featuredmedia":[{"embeddable":true,"href":"https:\/\/nordicmart.andreevmaster.com\/sv\/wp-json\/wp\/v2\/media\/42473"}],"wp:attachment":[{"href":"https:\/\/nordicmart.andreevmaster.com\/sv\/wp-json\/wp\/v2\/media?parent=14523"}],"wp:term":[{"taxonomy":"product_brand","embeddable":true,"href":"https:\/\/nordicmart.andreevmaster.com\/sv\/wp-json\/wp\/v2\/product_brand?post=14523"},{"taxonomy":"product_cat","embeddable":true,"href":"https:\/\/nordicmart.andreevmaster.com\/sv\/wp-json\/wp\/v2\/product_cat?post=14523"},{"taxonomy":"product_tag","embeddable":true,"href":"https:\/\/nordicmart.andreevmaster.com\/sv\/wp-json\/wp\/v2\/product_tag?post=14523"}],"curies":[{"name":"wp","href":"https:\/\/api.w.org\/{rel}","templated":true}]}}