{"id":14522,"date":"2026-02-27T00:22:17","date_gmt":"2026-02-27T00:22:17","guid":{"rendered":"https:\/\/nordicmart.andreevmaster.com\/product\/songmics-vagghyllor-av-metall-bildramar-vita\/"},"modified":"2026-02-27T08:14:34","modified_gmt":"2026-02-27T08:14:34","slug":"songmics-vagghyllor-av-metall-bildramar-vita","status":"publish","type":"product","link":"https:\/\/nordicmart.andreevmaster.com\/sv\/produkt\/songmics-vagghyllor-av-metall-bildramar-vita\/","title":{"rendered":"SONGMICS v\u00e4gghyllor av metall Bildramar vita"},"content":{"rendered":"<p>SONGMICS v\u00e4gghyllor i metall, 3 stycken, flytande hyllor, industriell stil, f\u00f6r dekorationer, fotoramar, smycken, 6 skruvar, flera arrangemang<br \/>\nF\u00e4rg: Vit<br \/>\nMaterial: Pulverlackerat st\u00e5l<br \/>\nStorlek p\u00e5 den lilla hyllan: 30 x 9 x 2,5 cm (L x B x H)<br \/>\nStorlek p\u00e5 medelstort hyllplan: 35 x 9 x 2,5 cm (L x B x H)<br \/>\nStorlek p\u00e5 det stora hyllan: 40 x 9,5 x 2,5 cm (L x B x H)<br \/>\nVikt: 1,6 kg<br \/>\nMax. statisk belastningskapacitet per hylla: 5 kg<\/p>\n","protected":false},"excerpt":{"rendered":"<p>SONGMICS v\u00e4gghyllor i metall, 3 stycken, flytande hyllor, industriell stil, f\u00f6r dekorationer, fotoramar, smycken, 6 skruvar, flera arrangemang<\/p>\n","protected":false},"featured_media":42472,"comment_status":"open","ping_status":"closed","template":"","meta":[],"product_brand":[],"product_cat":[33],"product_tag":[],"class_list":{"0":"post-14522","1":"product","2":"type-product","3":"status-publish","4":"has-post-thumbnail","6":"product_cat-okategoriserad","8":"first","9":"instock","10":"shipping-taxable","11":"purchasable","12":"product-type-simple"},"_links":{"self":[{"href":"https:\/\/nordicmart.andreevmaster.com\/sv\/wp-json\/wp\/v2\/product\/14522","targetHints":{"allow":["GET"]}}],"collection":[{"href":"https:\/\/nordicmart.andreevmaster.com\/sv\/wp-json\/wp\/v2\/product"}],"about":[{"href":"https:\/\/nordicmart.andreevmaster.com\/sv\/wp-json\/wp\/v2\/types\/product"}],"replies":[{"embeddable":true,"href":"https:\/\/nordicmart.andreevmaster.com\/sv\/wp-json\/wp\/v2\/comments?post=14522"}],"wp:featuredmedia":[{"embeddable":true,"href":"https:\/\/nordicmart.andreevmaster.com\/sv\/wp-json\/wp\/v2\/media\/42472"}],"wp:attachment":[{"href":"https:\/\/nordicmart.andreevmaster.com\/sv\/wp-json\/wp\/v2\/media?parent=14522"}],"wp:term":[{"taxonomy":"product_brand","embeddable":true,"href":"https:\/\/nordicmart.andreevmaster.com\/sv\/wp-json\/wp\/v2\/product_brand?post=14522"},{"taxonomy":"product_cat","embeddable":true,"href":"https:\/\/nordicmart.andreevmaster.com\/sv\/wp-json\/wp\/v2\/product_cat?post=14522"},{"taxonomy":"product_tag","embeddable":true,"href":"https:\/\/nordicmart.andreevmaster.com\/sv\/wp-json\/wp\/v2\/product_tag?post=14522"}],"curies":[{"name":"wp","href":"https:\/\/api.w.org\/{rel}","templated":true}]}}