{"id":14520,"date":"2026-02-27T00:22:16","date_gmt":"2026-02-27T00:22:16","guid":{"rendered":"https:\/\/nordicmart.andreevmaster.com\/product\/songmics-helkroppsspegel-rektangular-spegel-staende-eller-vaggmonterad\/"},"modified":"2026-02-27T08:14:34","modified_gmt":"2026-02-27T08:14:34","slug":"songmics-helkroppsspegel-rektangular-spegel-staende-eller-vaggmonterad","status":"publish","type":"product","link":"https:\/\/nordicmart.andreevmaster.com\/sv\/produkt\/songmics-helkroppsspegel-rektangular-spegel-staende-eller-vaggmonterad\/","title":{"rendered":"SONGMICS helkroppsspegel, rektangul\u00e4r spegel, st\u00e5ende eller v\u00e4ggmonterad"},"content":{"rendered":"<p>SONGMICS helkroppsspegel, 160 x 50 cm, rektangul\u00e4r stativspegel, ram av aluminiumlegering, h\u00e4rdat glas, f\u00f6r sovrum, vardagsrum, garderob, bl\u00e4ck svart LFM030B01<br \/>\nProduktdetaljer:<br \/>\n&#8211; F\u00e4rg: bl\u00e4ck svart<br \/>\n&#8211; Material: h\u00e4rdat glas, aluminiumlegering<br \/>\n&#8211; Storlek: 160 x 50 cm (L x B)<br \/>\n&#8211; Vikt: 6,8 kg<\/p>\n<p>Leveransomfattning:<br \/>\n&#8211; 1 x helkroppsspegel<br \/>\n&#8211; 1 x tillbeh\u00f6rspaket<br \/>\n&#8211; 1 x bruksanvisning<\/p>\n<p>Anvisningar:<br \/>\n&#8211; Se till att spegelns stativ \u00e4r helt utf\u00e4llt s\u00e5 att spegeln st\u00e5r stadigt.<br \/>\n&#8211; Ta f\u00f6rsiktigt ut helfigursspegeln ur f\u00f6rpackningen f\u00f6r att undvika skador.<br \/>\n&#8211; Om spegeln av misstag faller ner och g\u00e5r s\u00f6nder, r\u00f6r inte glassk\u00e4rvorna med bara h\u00e4nder.<\/p>\n","protected":false},"excerpt":{"rendered":"<p>SONGMICS helkroppsspegel, 160 x 50 cm, rektangul\u00e4r stativspegel, ram av aluminiumlegering, h\u00e4rdat glas, f\u00f6r sovrum, vardagsrum, garderob, bl\u00e4ck svart LFM030B01<\/p>\n","protected":false},"featured_media":42470,"comment_status":"open","ping_status":"closed","template":"","meta":[],"product_brand":[],"product_cat":[33],"product_tag":[],"class_list":{"0":"post-14520","1":"product","2":"type-product","3":"status-publish","4":"has-post-thumbnail","6":"product_cat-okategoriserad","8":"first","9":"instock","10":"shipping-taxable","11":"purchasable","12":"product-type-simple"},"_links":{"self":[{"href":"https:\/\/nordicmart.andreevmaster.com\/sv\/wp-json\/wp\/v2\/product\/14520","targetHints":{"allow":["GET"]}}],"collection":[{"href":"https:\/\/nordicmart.andreevmaster.com\/sv\/wp-json\/wp\/v2\/product"}],"about":[{"href":"https:\/\/nordicmart.andreevmaster.com\/sv\/wp-json\/wp\/v2\/types\/product"}],"replies":[{"embeddable":true,"href":"https:\/\/nordicmart.andreevmaster.com\/sv\/wp-json\/wp\/v2\/comments?post=14520"}],"wp:featuredmedia":[{"embeddable":true,"href":"https:\/\/nordicmart.andreevmaster.com\/sv\/wp-json\/wp\/v2\/media\/42470"}],"wp:attachment":[{"href":"https:\/\/nordicmart.andreevmaster.com\/sv\/wp-json\/wp\/v2\/media?parent=14520"}],"wp:term":[{"taxonomy":"product_brand","embeddable":true,"href":"https:\/\/nordicmart.andreevmaster.com\/sv\/wp-json\/wp\/v2\/product_brand?post=14520"},{"taxonomy":"product_cat","embeddable":true,"href":"https:\/\/nordicmart.andreevmaster.com\/sv\/wp-json\/wp\/v2\/product_cat?post=14520"},{"taxonomy":"product_tag","embeddable":true,"href":"https:\/\/nordicmart.andreevmaster.com\/sv\/wp-json\/wp\/v2\/product_tag?post=14520"}],"curies":[{"name":"wp","href":"https:\/\/api.w.org\/{rel}","templated":true}]}}