{"id":14513,"date":"2026-02-27T00:22:14","date_gmt":"2026-02-27T00:22:14","guid":{"rendered":"https:\/\/nordicmart.andreevmaster.com\/product\/songmics-valvd-helkroppsspegel-160-x-50-cm-black-svart\/"},"modified":"2026-02-27T08:14:32","modified_gmt":"2026-02-27T08:14:32","slug":"songmics-valvd-helkroppsspegel-160-x-50-cm-black-svart","status":"publish","type":"product","link":"https:\/\/nordicmart.andreevmaster.com\/sv\/produkt\/songmics-valvd-helkroppsspegel-160-x-50-cm-black-svart\/","title":{"rendered":"SONGMICS V\u00e4lvd helkroppsspegel 160 x 50 cm bl\u00e4ck svart"},"content":{"rendered":"<p>SONGMICS helkroppsspegel, 160 x 50 cm, v\u00e4lvd stativspegel, ram av aluminiumlegering, h\u00e4rdat glas, f\u00f6r sovrum, vardagsrum, garderob, bl\u00e4ck svart LFM031B01<br \/>\nF\u00e4rg: blekt guld<br \/>\nMaterial: H\u00e5rt glas, aluminiumlegering<br \/>\nStorlek: 160 x 50 cm (L x B)<br \/>\nVikt: 6,4 kg<\/p>\n","protected":false},"excerpt":{"rendered":"<p>SONGMICS helkroppsspegel, 160 x 50 cm, v\u00e4lvd stativspegel, ram av aluminiumlegering, h\u00e4rdat glas, f\u00f6r sovrum, vardagsrum, garderob, bl\u00e4ck svart LFM031B01<\/p>\n","protected":false},"featured_media":42463,"comment_status":"open","ping_status":"closed","template":"","meta":[],"product_brand":[],"product_cat":[33],"product_tag":[],"class_list":{"0":"post-14513","1":"product","2":"type-product","3":"status-publish","4":"has-post-thumbnail","6":"product_cat-okategoriserad","8":"first","9":"instock","10":"shipping-taxable","11":"purchasable","12":"product-type-simple"},"_links":{"self":[{"href":"https:\/\/nordicmart.andreevmaster.com\/sv\/wp-json\/wp\/v2\/product\/14513","targetHints":{"allow":["GET"]}}],"collection":[{"href":"https:\/\/nordicmart.andreevmaster.com\/sv\/wp-json\/wp\/v2\/product"}],"about":[{"href":"https:\/\/nordicmart.andreevmaster.com\/sv\/wp-json\/wp\/v2\/types\/product"}],"replies":[{"embeddable":true,"href":"https:\/\/nordicmart.andreevmaster.com\/sv\/wp-json\/wp\/v2\/comments?post=14513"}],"wp:featuredmedia":[{"embeddable":true,"href":"https:\/\/nordicmart.andreevmaster.com\/sv\/wp-json\/wp\/v2\/media\/42463"}],"wp:attachment":[{"href":"https:\/\/nordicmart.andreevmaster.com\/sv\/wp-json\/wp\/v2\/media?parent=14513"}],"wp:term":[{"taxonomy":"product_brand","embeddable":true,"href":"https:\/\/nordicmart.andreevmaster.com\/sv\/wp-json\/wp\/v2\/product_brand?post=14513"},{"taxonomy":"product_cat","embeddable":true,"href":"https:\/\/nordicmart.andreevmaster.com\/sv\/wp-json\/wp\/v2\/product_cat?post=14513"},{"taxonomy":"product_tag","embeddable":true,"href":"https:\/\/nordicmart.andreevmaster.com\/sv\/wp-json\/wp\/v2\/product_tag?post=14513"}],"curies":[{"name":"wp","href":"https:\/\/api.w.org\/{rel}","templated":true}]}}