{"id":14508,"date":"2026-02-27T00:22:13","date_gmt":"2026-02-27T00:22:13","guid":{"rendered":"https:\/\/nordicmart.andreevmaster.com\/product\/songmics-vaggspegel-med-forvaringsutrymme-enkel-montering-molnvit\/"},"modified":"2026-02-27T08:14:31","modified_gmt":"2026-02-27T08:14:31","slug":"songmics-vaggspegel-med-forvaringsutrymme-enkel-montering-molnvit","status":"publish","type":"product","link":"https:\/\/nordicmart.andreevmaster.com\/sv\/produkt\/songmics-vaggspegel-med-forvaringsutrymme-enkel-montering-molnvit\/","title":{"rendered":"SONGMICS V\u00e4ggspegel med f\u00f6rvaringsutrymme, enkel montering, molnvit"},"content":{"rendered":"<p>SONGMICS v\u00e4ggspegel, spegel, med f\u00f6rvaringsutrymme, stor spegel, 108 x 60 x 17,5 cm, med 3 krokar, enkel montering, f\u00f6r vardagsrum, hall, sovrum<br \/>\nF\u00e4rg: Molnvit<br \/>\nMaterial: glas, MDF (medeldensitetsfiberplatta)<br \/>\nStorlek: 108 x 60 x 17,5 cm (L x B x D)<br \/>\nVikt: 8,8 kg<br \/>\nMax. statisk belastningskapacitet per hylla: 2,5 kg<\/p>\n","protected":false},"excerpt":{"rendered":"<p>SONGMICS v\u00e4ggspegel, spegel, med f\u00f6rvaringsutrymme, stor spegel, 108 x 60 x 17,5 cm, med 3 krokar, enkel montering, f\u00f6r vardagsrum, hall, sovrum<\/p>\n","protected":false},"featured_media":42458,"comment_status":"open","ping_status":"closed","template":"","meta":[],"product_brand":[],"product_cat":[33],"product_tag":[],"class_list":{"0":"post-14508","1":"product","2":"type-product","3":"status-publish","4":"has-post-thumbnail","6":"product_cat-okategoriserad","8":"first","9":"instock","10":"shipping-taxable","11":"purchasable","12":"product-type-simple"},"_links":{"self":[{"href":"https:\/\/nordicmart.andreevmaster.com\/sv\/wp-json\/wp\/v2\/product\/14508","targetHints":{"allow":["GET"]}}],"collection":[{"href":"https:\/\/nordicmart.andreevmaster.com\/sv\/wp-json\/wp\/v2\/product"}],"about":[{"href":"https:\/\/nordicmart.andreevmaster.com\/sv\/wp-json\/wp\/v2\/types\/product"}],"replies":[{"embeddable":true,"href":"https:\/\/nordicmart.andreevmaster.com\/sv\/wp-json\/wp\/v2\/comments?post=14508"}],"wp:featuredmedia":[{"embeddable":true,"href":"https:\/\/nordicmart.andreevmaster.com\/sv\/wp-json\/wp\/v2\/media\/42458"}],"wp:attachment":[{"href":"https:\/\/nordicmart.andreevmaster.com\/sv\/wp-json\/wp\/v2\/media?parent=14508"}],"wp:term":[{"taxonomy":"product_brand","embeddable":true,"href":"https:\/\/nordicmart.andreevmaster.com\/sv\/wp-json\/wp\/v2\/product_brand?post=14508"},{"taxonomy":"product_cat","embeddable":true,"href":"https:\/\/nordicmart.andreevmaster.com\/sv\/wp-json\/wp\/v2\/product_cat?post=14508"},{"taxonomy":"product_tag","embeddable":true,"href":"https:\/\/nordicmart.andreevmaster.com\/sv\/wp-json\/wp\/v2\/product_tag?post=14508"}],"curies":[{"name":"wp","href":"https:\/\/api.w.org\/{rel}","templated":true}]}}