{"id":14507,"date":"2026-02-27T00:22:13","date_gmt":"2026-02-27T00:22:13","guid":{"rendered":"https:\/\/nordicmart.andreevmaster.com\/product\/songmics-vaggspegel-bojd-horn-ramlos-svart\/"},"modified":"2026-02-27T08:14:31","modified_gmt":"2026-02-27T08:14:31","slug":"songmics-vaggspegel-bojd-horn-ramlos-svart","status":"publish","type":"product","link":"https:\/\/nordicmart.andreevmaster.com\/sv\/produkt\/songmics-vaggspegel-bojd-horn-ramlos-svart\/","title":{"rendered":"SONGMICS V\u00e4ggspegel B\u00f6jd h\u00f6rn raml\u00f6s svart"},"content":{"rendered":"<p>SONGMICS spegelv\u00e4gg, v\u00e4ggspegel helkroppsspegel, 120 x 47 cm, b\u00f6jd h\u00f6rn, spegel f\u00f6r d\u00f6rr, raml\u00f6s, f\u00f6r sovrum, vardagsrum, kl\u00e4dkammare, svart LFM010B01<br \/>\nF\u00e4rg: Svart<br \/>\nMaterial: MDF (medeldensitetsfiberplatta), glas<br \/>\nStorlek: 120 x 47 x 1,2 cm (L x B x D)<br \/>\nVikt: 5,3 kg<\/p>\n","protected":false},"excerpt":{"rendered":"<p>SONGMICS spegelv\u00e4gg, v\u00e4ggspegel helkroppsspegel, 120 x 47 cm, b\u00f6jd h\u00f6rn, spegel f\u00f6r d\u00f6rr, raml\u00f6s, f\u00f6r sovrum, vardagsrum, kl\u00e4dkammare, svart LFM010B01<\/p>\n","protected":false},"featured_media":42457,"comment_status":"open","ping_status":"closed","template":"","meta":[],"product_brand":[],"product_cat":[33],"product_tag":[],"class_list":{"0":"post-14507","1":"product","2":"type-product","3":"status-publish","4":"has-post-thumbnail","6":"product_cat-okategoriserad","8":"first","9":"instock","10":"shipping-taxable","11":"purchasable","12":"product-type-simple"},"_links":{"self":[{"href":"https:\/\/nordicmart.andreevmaster.com\/sv\/wp-json\/wp\/v2\/product\/14507","targetHints":{"allow":["GET"]}}],"collection":[{"href":"https:\/\/nordicmart.andreevmaster.com\/sv\/wp-json\/wp\/v2\/product"}],"about":[{"href":"https:\/\/nordicmart.andreevmaster.com\/sv\/wp-json\/wp\/v2\/types\/product"}],"replies":[{"embeddable":true,"href":"https:\/\/nordicmart.andreevmaster.com\/sv\/wp-json\/wp\/v2\/comments?post=14507"}],"wp:featuredmedia":[{"embeddable":true,"href":"https:\/\/nordicmart.andreevmaster.com\/sv\/wp-json\/wp\/v2\/media\/42457"}],"wp:attachment":[{"href":"https:\/\/nordicmart.andreevmaster.com\/sv\/wp-json\/wp\/v2\/media?parent=14507"}],"wp:term":[{"taxonomy":"product_brand","embeddable":true,"href":"https:\/\/nordicmart.andreevmaster.com\/sv\/wp-json\/wp\/v2\/product_brand?post=14507"},{"taxonomy":"product_cat","embeddable":true,"href":"https:\/\/nordicmart.andreevmaster.com\/sv\/wp-json\/wp\/v2\/product_cat?post=14507"},{"taxonomy":"product_tag","embeddable":true,"href":"https:\/\/nordicmart.andreevmaster.com\/sv\/wp-json\/wp\/v2\/product_tag?post=14507"}],"curies":[{"name":"wp","href":"https:\/\/api.w.org\/{rel}","templated":true}]}}