{"id":14504,"date":"2026-02-27T00:22:12","date_gmt":"2026-02-27T00:22:12","guid":{"rendered":"https:\/\/nordicmart.andreevmaster.com\/product\/vasagle-hoj-och-sankbar-golvlampa-med-fotbrytare-och-lampskarm-i-tyg\/"},"modified":"2026-02-27T08:14:31","modified_gmt":"2026-02-27T08:14:31","slug":"vasagle-hoj-och-sankbar-golvlampa-med-fotbrytare-och-lampskarm-i-tyg","status":"publish","type":"product","link":"https:\/\/nordicmart.andreevmaster.com\/sv\/produkt\/vasagle-hoj-och-sankbar-golvlampa-med-fotbrytare-och-lampskarm-i-tyg\/","title":{"rendered":"VASAGLE H\u00f6j- och s\u00e4nkbar golvlampa med fotbrytare och lampsk\u00e4rm i tyg"},"content":{"rendered":"<p>VASAGLE golvlampa, stativlampa, h\u00f6j- och s\u00e4nkbar l\u00e4slampa, 140\u2013170 cm h\u00f6g, modern, med fotbrytare, lampsk\u00e4rm i tyg, E27-fattning, guld-svart LFL002B02<br \/>\nF\u00e4rg: Guld-svart<br \/>\nMaterial: St\u00e5l, cement, plast, PVC-plast, imiterat linne<br \/>\nStorlek: 30 x 30 x (140\u2013170) cm (D x B x H)<br \/>\nVikt: 3,6 kg<\/p>\n","protected":false},"excerpt":{"rendered":"<p>VASAGLE golvlampa, stativlampa, h\u00f6j- och s\u00e4nkbar l\u00e4slampa, 140\u2013170 cm h\u00f6g, modern, med fotbrytare, lampsk\u00e4rm i tyg, E27-fattning, guld-svart LFL002B02<\/p>\n","protected":false},"featured_media":42454,"comment_status":"open","ping_status":"closed","template":"","meta":[],"product_brand":[],"product_cat":[33],"product_tag":[],"class_list":{"0":"post-14504","1":"product","2":"type-product","3":"status-publish","4":"has-post-thumbnail","6":"product_cat-okategoriserad","8":"first","9":"instock","10":"shipping-taxable","11":"purchasable","12":"product-type-simple"},"_links":{"self":[{"href":"https:\/\/nordicmart.andreevmaster.com\/sv\/wp-json\/wp\/v2\/product\/14504","targetHints":{"allow":["GET"]}}],"collection":[{"href":"https:\/\/nordicmart.andreevmaster.com\/sv\/wp-json\/wp\/v2\/product"}],"about":[{"href":"https:\/\/nordicmart.andreevmaster.com\/sv\/wp-json\/wp\/v2\/types\/product"}],"replies":[{"embeddable":true,"href":"https:\/\/nordicmart.andreevmaster.com\/sv\/wp-json\/wp\/v2\/comments?post=14504"}],"wp:featuredmedia":[{"embeddable":true,"href":"https:\/\/nordicmart.andreevmaster.com\/sv\/wp-json\/wp\/v2\/media\/42454"}],"wp:attachment":[{"href":"https:\/\/nordicmart.andreevmaster.com\/sv\/wp-json\/wp\/v2\/media?parent=14504"}],"wp:term":[{"taxonomy":"product_brand","embeddable":true,"href":"https:\/\/nordicmart.andreevmaster.com\/sv\/wp-json\/wp\/v2\/product_brand?post=14504"},{"taxonomy":"product_cat","embeddable":true,"href":"https:\/\/nordicmart.andreevmaster.com\/sv\/wp-json\/wp\/v2\/product_cat?post=14504"},{"taxonomy":"product_tag","embeddable":true,"href":"https:\/\/nordicmart.andreevmaster.com\/sv\/wp-json\/wp\/v2\/product_tag?post=14504"}],"curies":[{"name":"wp","href":"https:\/\/api.w.org\/{rel}","templated":true}]}}