{"id":14498,"date":"2026-02-27T00:22:11","date_gmt":"2026-02-27T00:22:11","guid":{"rendered":"https:\/\/nordicmart.andreevmaster.com\/product\/vasagle-nattduksbord-smalt-sidobord-med-2-lador-och-oppet-fack\/"},"modified":"2026-02-27T08:14:29","modified_gmt":"2026-02-27T08:14:29","slug":"vasagle-nattduksbord-smalt-sidobord-med-2-lador-och-oppet-fack","status":"publish","type":"product","link":"https:\/\/nordicmart.andreevmaster.com\/sv\/produkt\/vasagle-nattduksbord-smalt-sidobord-med-2-lador-och-oppet-fack\/","title":{"rendered":"VASAGLE nattduksbord smalt, sidobord med 2 l\u00e5dor och \u00f6ppet fack"},"content":{"rendered":"<p>Nattduksbord, 2-pack, smalt, sidobord med 2 l\u00e5dor, \u00f6ppet fack som kan monteras flexibelt, f\u00f6r sovrum, vardagsrum, molnvit<br \/>\nProduktdetaljer:<br \/>\n&#8211; F\u00e4rg: Molnvit<br \/>\n&#8211; Material: sp\u00e5nskiva, MDF (medeldensitetsfiberplatta)<br \/>\n&#8211; Storlek: 30 x 25 x 65 cm (D x B x H)<br \/>\n&#8211; Vikt: 9,6 kg<br \/>\n&#8211; Max. statisk belastningskapacitet f\u00f6r bordsskivan: 45,4 kg<br \/>\n&#8211; Max. statisk belastningskapacitet per l\u00e5da: 4,5 kg<\/p>\n<p>Leveransomfattning:<br \/>\n&#8211; 1 x nattduksbord<br \/>\n&#8211; 1 x tillbeh\u00f6rspaket<br \/>\n&#8211; 1 x bruksanvisning<\/p>\n","protected":false},"excerpt":{"rendered":"<p>Nattduksbord, 2-pack, smalt, sidobord med 2 l\u00e5dor, \u00f6ppet fack som kan monteras flexibelt, f\u00f6r sovrum, vardagsrum, molnvit<\/p>\n","protected":false},"featured_media":42448,"comment_status":"open","ping_status":"closed","template":"","meta":[],"product_brand":[],"product_cat":[33],"product_tag":[],"class_list":{"0":"post-14498","1":"product","2":"type-product","3":"status-publish","4":"has-post-thumbnail","6":"product_cat-okategoriserad","8":"first","9":"instock","10":"shipping-taxable","11":"purchasable","12":"product-type-simple"},"_links":{"self":[{"href":"https:\/\/nordicmart.andreevmaster.com\/sv\/wp-json\/wp\/v2\/product\/14498","targetHints":{"allow":["GET"]}}],"collection":[{"href":"https:\/\/nordicmart.andreevmaster.com\/sv\/wp-json\/wp\/v2\/product"}],"about":[{"href":"https:\/\/nordicmart.andreevmaster.com\/sv\/wp-json\/wp\/v2\/types\/product"}],"replies":[{"embeddable":true,"href":"https:\/\/nordicmart.andreevmaster.com\/sv\/wp-json\/wp\/v2\/comments?post=14498"}],"wp:featuredmedia":[{"embeddable":true,"href":"https:\/\/nordicmart.andreevmaster.com\/sv\/wp-json\/wp\/v2\/media\/42448"}],"wp:attachment":[{"href":"https:\/\/nordicmart.andreevmaster.com\/sv\/wp-json\/wp\/v2\/media?parent=14498"}],"wp:term":[{"taxonomy":"product_brand","embeddable":true,"href":"https:\/\/nordicmart.andreevmaster.com\/sv\/wp-json\/wp\/v2\/product_brand?post=14498"},{"taxonomy":"product_cat","embeddable":true,"href":"https:\/\/nordicmart.andreevmaster.com\/sv\/wp-json\/wp\/v2\/product_cat?post=14498"},{"taxonomy":"product_tag","embeddable":true,"href":"https:\/\/nordicmart.andreevmaster.com\/sv\/wp-json\/wp\/v2\/product_tag?post=14498"}],"curies":[{"name":"wp","href":"https:\/\/api.w.org\/{rel}","templated":true}]}}