{"id":14497,"date":"2026-02-27T00:22:10","date_gmt":"2026-02-27T00:22:10","guid":{"rendered":"https:\/\/nordicmart.andreevmaster.com\/product\/vasagle-nattduksbord-smalt-sidobord-med-2-lador\/"},"modified":"2026-02-27T08:14:29","modified_gmt":"2026-02-27T08:14:29","slug":"vasagle-nattduksbord-smalt-sidobord-med-2-lador","status":"publish","type":"product","link":"https:\/\/nordicmart.andreevmaster.com\/sv\/produkt\/vasagle-nattduksbord-smalt-sidobord-med-2-lador\/","title":{"rendered":"VASAGLE nattduksbord, smalt, sidobord med 2 l\u00e5dor"},"content":{"rendered":"<p>Nattduksbord, 2-pack, smalt, sidobord med 2 l\u00e5dor, \u00f6ppet fack som kan monteras flexibelt, f\u00f6r sovrum, vardagsrum, molnvit<br \/>\nSpecifikationer:<br \/>\n&#8211; M\u00e5tt: 30,1 x 25,1 x 65,1 cm (D x B x H)<br \/>\n&#8211; Vikt: 9,6 kg<br \/>\n&#8211; Max. statisk b\u00e4rf\u00f6rm\u00e5ga f\u00f6r bordsskivan: 45,4 kg<br \/>\n&#8211; Max. statisk b\u00e4rf\u00f6rm\u00e5ga per l\u00e5da: 4,5 kg<br \/>\n&#8211; Material: sp\u00e5nskiva, MDF (medeldensitetsfiberplatta)<br \/>\n&#8211; F\u00e4rger: Naturbeige-Molnvit<\/p>\n","protected":false},"excerpt":{"rendered":"<p>Nattduksbord, 2-pack, smalt, sidobord med 2 l\u00e5dor, \u00f6ppet fack som kan monteras flexibelt, f\u00f6r sovrum, vardagsrum, molnvit<\/p>\n","protected":false},"featured_media":42447,"comment_status":"open","ping_status":"closed","template":"","meta":[],"product_brand":[],"product_cat":[33],"product_tag":[],"class_list":{"0":"post-14497","1":"product","2":"type-product","3":"status-publish","4":"has-post-thumbnail","6":"product_cat-okategoriserad","8":"first","9":"instock","10":"shipping-taxable","11":"purchasable","12":"product-type-simple"},"_links":{"self":[{"href":"https:\/\/nordicmart.andreevmaster.com\/sv\/wp-json\/wp\/v2\/product\/14497","targetHints":{"allow":["GET"]}}],"collection":[{"href":"https:\/\/nordicmart.andreevmaster.com\/sv\/wp-json\/wp\/v2\/product"}],"about":[{"href":"https:\/\/nordicmart.andreevmaster.com\/sv\/wp-json\/wp\/v2\/types\/product"}],"replies":[{"embeddable":true,"href":"https:\/\/nordicmart.andreevmaster.com\/sv\/wp-json\/wp\/v2\/comments?post=14497"}],"wp:featuredmedia":[{"embeddable":true,"href":"https:\/\/nordicmart.andreevmaster.com\/sv\/wp-json\/wp\/v2\/media\/42447"}],"wp:attachment":[{"href":"https:\/\/nordicmart.andreevmaster.com\/sv\/wp-json\/wp\/v2\/media?parent=14497"}],"wp:term":[{"taxonomy":"product_brand","embeddable":true,"href":"https:\/\/nordicmart.andreevmaster.com\/sv\/wp-json\/wp\/v2\/product_brand?post=14497"},{"taxonomy":"product_cat","embeddable":true,"href":"https:\/\/nordicmart.andreevmaster.com\/sv\/wp-json\/wp\/v2\/product_cat?post=14497"},{"taxonomy":"product_tag","embeddable":true,"href":"https:\/\/nordicmart.andreevmaster.com\/sv\/wp-json\/wp\/v2\/product_tag?post=14497"}],"curies":[{"name":"wp","href":"https:\/\/api.w.org\/{rel}","templated":true}]}}