{"id":14495,"date":"2026-02-27T00:22:10","date_gmt":"2026-02-27T00:22:10","guid":{"rendered":"https:\/\/nordicmart.andreevmaster.com\/product\/vasagle-nattduksbord-sidobord-med-lada-och-oppen-hylla-traben\/"},"modified":"2026-02-27T08:14:29","modified_gmt":"2026-02-27T08:14:29","slug":"vasagle-nattduksbord-sidobord-med-lada-och-oppen-hylla-traben","status":"publish","type":"product","link":"https:\/\/nordicmart.andreevmaster.com\/sv\/produkt\/vasagle-nattduksbord-sidobord-med-lada-och-oppen-hylla-traben\/","title":{"rendered":"VASAGLE nattduksbord, sidobord med l\u00e5da och \u00f6ppen hylla, tr\u00e4ben"},"content":{"rendered":"<p>VASAGLE nattduksbord, 2-pack, sidobord med l\u00e5da och \u00f6ppen hylla, tr\u00e4ben, soffbord f\u00f6r vardagsrum, sovrum, soffa, sn\u00f6vit LET855W01<br \/>\nSpecifikationer:<br \/>\n&#8211; M\u00e5tt: 28 x 39 x 55 cm (D x B x H)<br \/>\n&#8211; Vikt: 9,6 kg<br \/>\n&#8211; Max. statisk b\u00e4rf\u00f6rm\u00e5ga f\u00f6r bordsskivan: 45,4 kg<br \/>\n&#8211; Max. statisk b\u00e4rf\u00f6rm\u00e5ga f\u00f6r l\u00e5dan: 4,5 kg<br \/>\n&#8211; Max. statisk b\u00e4rf\u00f6rm\u00e5ga f\u00f6r den \u00f6ppna hyllan: 9,1 kg<br \/>\n&#8211; Material: sp\u00e5nskiva, MDF (medeldensitetsfiberplatta), massivt tr\u00e4<br \/>\n&#8211; F\u00e4rger: ebenholts<\/p>\n","protected":false},"excerpt":{"rendered":"<p>VASAGLE nattduksbord, 2-pack, sidobord med l\u00e5da och \u00f6ppen hylla, tr\u00e4ben, soffbord f\u00f6r vardagsrum, sovrum, soffa, sn\u00f6vit LET855W01<\/p>\n","protected":false},"featured_media":42445,"comment_status":"open","ping_status":"closed","template":"","meta":[],"product_brand":[],"product_cat":[33],"product_tag":[],"class_list":{"0":"post-14495","1":"product","2":"type-product","3":"status-publish","4":"has-post-thumbnail","6":"product_cat-okategoriserad","8":"first","9":"instock","10":"shipping-taxable","11":"purchasable","12":"product-type-simple"},"_links":{"self":[{"href":"https:\/\/nordicmart.andreevmaster.com\/sv\/wp-json\/wp\/v2\/product\/14495","targetHints":{"allow":["GET"]}}],"collection":[{"href":"https:\/\/nordicmart.andreevmaster.com\/sv\/wp-json\/wp\/v2\/product"}],"about":[{"href":"https:\/\/nordicmart.andreevmaster.com\/sv\/wp-json\/wp\/v2\/types\/product"}],"replies":[{"embeddable":true,"href":"https:\/\/nordicmart.andreevmaster.com\/sv\/wp-json\/wp\/v2\/comments?post=14495"}],"wp:featuredmedia":[{"embeddable":true,"href":"https:\/\/nordicmart.andreevmaster.com\/sv\/wp-json\/wp\/v2\/media\/42445"}],"wp:attachment":[{"href":"https:\/\/nordicmart.andreevmaster.com\/sv\/wp-json\/wp\/v2\/media?parent=14495"}],"wp:term":[{"taxonomy":"product_brand","embeddable":true,"href":"https:\/\/nordicmart.andreevmaster.com\/sv\/wp-json\/wp\/v2\/product_brand?post=14495"},{"taxonomy":"product_cat","embeddable":true,"href":"https:\/\/nordicmart.andreevmaster.com\/sv\/wp-json\/wp\/v2\/product_cat?post=14495"},{"taxonomy":"product_tag","embeddable":true,"href":"https:\/\/nordicmart.andreevmaster.com\/sv\/wp-json\/wp\/v2\/product_tag?post=14495"}],"curies":[{"name":"wp","href":"https:\/\/api.w.org\/{rel}","templated":true}]}}