{"id":14473,"date":"2026-02-27T00:22:04","date_gmt":"2026-02-27T00:22:04","guid":{"rendered":"https:\/\/nordicmart.andreevmaster.com\/product\/vasagle-sidobord-soffbord-litet-runt-bord\/"},"modified":"2026-02-27T08:14:25","modified_gmt":"2026-02-27T08:14:25","slug":"vasagle-sidobord-soffbord-litet-runt-bord","status":"publish","type":"product","link":"https:\/\/nordicmart.andreevmaster.com\/sv\/produkt\/vasagle-sidobord-soffbord-litet-runt-bord\/","title":{"rendered":"VASAGLE sidobord, soffbord, litet runt bord"},"content":{"rendered":"<p>VASAGLE sidobord, soffbord, litet runt bord f\u00f6r vardagsrum, 40 x 50 cm, sp\u00e5nskiva, nattduksbord f\u00f6r sm\u00e5 utrymmen med nedre f\u00f6rvaring, modern stil, vitt LET283T14<br \/>\nSpecifikationer:<br \/>\n&#8211; M\u00e5tt: 40 cm djup, 50 cm h\u00f6g<br \/>\n&#8211; Vikt: 4,1 kg<br \/>\n&#8211; Max. statisk b\u00e4rf\u00f6rm\u00e5ga: 90 kg<br \/>\n&#8211; Material: sp\u00e5nskiva<br \/>\n&#8211; F\u00e4rger: R\u00f6kgr\u00e5<\/p>\n","protected":false},"excerpt":{"rendered":"<p>VASAGLE sidobord, soffbord, litet runt bord f\u00f6r vardagsrum, 40 x 50 cm, sp\u00e5nskiva, nattduksbord f\u00f6r sm\u00e5 utrymmen med nedre f\u00f6rvaring, modern stil, vitt LET283T14<\/p>\n","protected":false},"featured_media":42423,"comment_status":"open","ping_status":"closed","template":"","meta":[],"product_brand":[],"product_cat":[33],"product_tag":[],"class_list":{"0":"post-14473","1":"product","2":"type-product","3":"status-publish","4":"has-post-thumbnail","6":"product_cat-okategoriserad","8":"first","9":"instock","10":"shipping-taxable","11":"purchasable","12":"product-type-simple"},"_links":{"self":[{"href":"https:\/\/nordicmart.andreevmaster.com\/sv\/wp-json\/wp\/v2\/product\/14473","targetHints":{"allow":["GET"]}}],"collection":[{"href":"https:\/\/nordicmart.andreevmaster.com\/sv\/wp-json\/wp\/v2\/product"}],"about":[{"href":"https:\/\/nordicmart.andreevmaster.com\/sv\/wp-json\/wp\/v2\/types\/product"}],"replies":[{"embeddable":true,"href":"https:\/\/nordicmart.andreevmaster.com\/sv\/wp-json\/wp\/v2\/comments?post=14473"}],"wp:featuredmedia":[{"embeddable":true,"href":"https:\/\/nordicmart.andreevmaster.com\/sv\/wp-json\/wp\/v2\/media\/42423"}],"wp:attachment":[{"href":"https:\/\/nordicmart.andreevmaster.com\/sv\/wp-json\/wp\/v2\/media?parent=14473"}],"wp:term":[{"taxonomy":"product_brand","embeddable":true,"href":"https:\/\/nordicmart.andreevmaster.com\/sv\/wp-json\/wp\/v2\/product_brand?post=14473"},{"taxonomy":"product_cat","embeddable":true,"href":"https:\/\/nordicmart.andreevmaster.com\/sv\/wp-json\/wp\/v2\/product_cat?post=14473"},{"taxonomy":"product_tag","embeddable":true,"href":"https:\/\/nordicmart.andreevmaster.com\/sv\/wp-json\/wp\/v2\/product_tag?post=14473"}],"curies":[{"name":"wp","href":"https:\/\/api.w.org\/{rel}","templated":true}]}}