{"id":14469,"date":"2026-02-27T00:22:03","date_gmt":"2026-02-27T00:22:03","guid":{"rendered":"https:\/\/nordicmart.andreevmaster.com\/product\/vasagle-sidobord-fyrkantigt-litet-bord-litet-soffbord\/"},"modified":"2026-02-27T08:14:24","modified_gmt":"2026-02-27T08:14:24","slug":"vasagle-sidobord-fyrkantigt-litet-bord-litet-soffbord","status":"publish","type":"product","link":"https:\/\/nordicmart.andreevmaster.com\/sv\/produkt\/vasagle-sidobord-fyrkantigt-litet-bord-litet-soffbord\/","title":{"rendered":"VASAGLE sidobord, fyrkantigt, litet bord, litet soffbord"},"content":{"rendered":"<p>VASAGLE sidobord, soffbord med korg i tyg, modernt vardagsrumsbord, fyrkantigt bord, f\u00f6r vardagsrum, sovrum, mattvit-kamelbrun LET229W10<br \/>\nSpecifikationer:<br \/>\n&#8211; M\u00e5tt: 30 x 60 x 60 cm (D x B x H)<br \/>\n&#8211; Korgens m\u00e5tt: 25 x 54 x 18 cm (D x B x H)<br \/>\n&#8211; Vikt: 4,1 kg<br \/>\n&#8211; Max. statisk b\u00e4rf\u00f6rm\u00e5ga f\u00f6r bordsskivan: 25 kg<br \/>\n&#8211; Material: sp\u00e5nskiva<br \/>\n&#8211; F\u00e4rger: R\u00f6kgr\u00e5<\/p>\n","protected":false},"excerpt":{"rendered":"<p>VASAGLE sidobord, soffbord med korg i tyg, modernt vardagsrumsbord, fyrkantigt bord, f\u00f6r vardagsrum, sovrum, mattvit-kamelbrun LET229W10<\/p>\n","protected":false},"featured_media":42420,"comment_status":"open","ping_status":"closed","template":"","meta":[],"product_brand":[],"product_cat":[33],"product_tag":[],"class_list":{"0":"post-14469","1":"product","2":"type-product","3":"status-publish","4":"has-post-thumbnail","6":"product_cat-okategoriserad","8":"first","9":"instock","10":"shipping-taxable","11":"purchasable","12":"product-type-simple"},"_links":{"self":[{"href":"https:\/\/nordicmart.andreevmaster.com\/sv\/wp-json\/wp\/v2\/product\/14469","targetHints":{"allow":["GET"]}}],"collection":[{"href":"https:\/\/nordicmart.andreevmaster.com\/sv\/wp-json\/wp\/v2\/product"}],"about":[{"href":"https:\/\/nordicmart.andreevmaster.com\/sv\/wp-json\/wp\/v2\/types\/product"}],"replies":[{"embeddable":true,"href":"https:\/\/nordicmart.andreevmaster.com\/sv\/wp-json\/wp\/v2\/comments?post=14469"}],"wp:featuredmedia":[{"embeddable":true,"href":"https:\/\/nordicmart.andreevmaster.com\/sv\/wp-json\/wp\/v2\/media\/42420"}],"wp:attachment":[{"href":"https:\/\/nordicmart.andreevmaster.com\/sv\/wp-json\/wp\/v2\/media?parent=14469"}],"wp:term":[{"taxonomy":"product_brand","embeddable":true,"href":"https:\/\/nordicmart.andreevmaster.com\/sv\/wp-json\/wp\/v2\/product_brand?post=14469"},{"taxonomy":"product_cat","embeddable":true,"href":"https:\/\/nordicmart.andreevmaster.com\/sv\/wp-json\/wp\/v2\/product_cat?post=14469"},{"taxonomy":"product_tag","embeddable":true,"href":"https:\/\/nordicmart.andreevmaster.com\/sv\/wp-json\/wp\/v2\/product_tag?post=14469"}],"curies":[{"name":"wp","href":"https:\/\/api.w.org\/{rel}","templated":true}]}}