{"id":14468,"date":"2026-02-27T00:22:03","date_gmt":"2026-02-27T00:22:03","guid":{"rendered":"https:\/\/nordicmart.andreevmaster.com\/product\/vasagle-sidobord-nattduksbord-litet-bord\/"},"modified":"2026-02-27T08:14:24","modified_gmt":"2026-02-27T08:14:24","slug":"vasagle-sidobord-nattduksbord-litet-bord","status":"publish","type":"product","link":"https:\/\/nordicmart.andreevmaster.com\/sv\/produkt\/vasagle-sidobord-nattduksbord-litet-bord\/","title":{"rendered":"VASAGLE sidobord, nattduksbord, litet bord"},"content":{"rendered":"<p>Produktdetaljer: &#8211; F\u00e4rg: valn\u00f6tsbrun-vit &#8211; Material: sp\u00e5nskiva &#8211; Storlek: 30 x 40 x 60 cm (D x B x H) &#8211; Vikt: 8,4 kg &#8211; Max. total statisk belastningskapacitet: 20 kg  Leveransomfattning: &#8211; 1 x sidobord &#8211; 1 x tillbeh\u00f6rspaket &#8211; 1 x bruksanvisning VASAGLE Anm\u00e4rkningar: &#8211; Av s\u00e4kerhetssk\u00e4l \u00e4r det f\u00f6rbjudet f\u00f6r barn att kl\u00e4ttra p\u00e5 hyllan eller leka med den. &#8211; Den maximala statiska belastningskapaciteten f\u00f6r hyllan \u00e4r 20 kg. \u00d6verskrid inte denna maximala vikt.<\/p>\n","protected":false},"excerpt":{"rendered":"<p>VASAGLE sidobord, nattduksbord, litet bord, \u00f6ppet, hylla, med f\u00f6rvaringsutrymme, kan anv\u00e4ndas vertikalt eller horisontellt, modernt, 30 x 40 x 60 cm, f\u00f6r vardagsrum, sovrum, valn\u00f6tsbrunt-vitt LET224T41<\/p>\n","protected":false},"featured_media":42419,"comment_status":"open","ping_status":"closed","template":"","meta":[],"product_brand":[],"product_cat":[33],"product_tag":[],"class_list":{"0":"post-14468","1":"product","2":"type-product","3":"status-publish","4":"has-post-thumbnail","6":"product_cat-okategoriserad","8":"first","9":"instock","10":"shipping-taxable","11":"purchasable","12":"product-type-simple"},"_links":{"self":[{"href":"https:\/\/nordicmart.andreevmaster.com\/sv\/wp-json\/wp\/v2\/product\/14468","targetHints":{"allow":["GET"]}}],"collection":[{"href":"https:\/\/nordicmart.andreevmaster.com\/sv\/wp-json\/wp\/v2\/product"}],"about":[{"href":"https:\/\/nordicmart.andreevmaster.com\/sv\/wp-json\/wp\/v2\/types\/product"}],"replies":[{"embeddable":true,"href":"https:\/\/nordicmart.andreevmaster.com\/sv\/wp-json\/wp\/v2\/comments?post=14468"}],"wp:featuredmedia":[{"embeddable":true,"href":"https:\/\/nordicmart.andreevmaster.com\/sv\/wp-json\/wp\/v2\/media\/42419"}],"wp:attachment":[{"href":"https:\/\/nordicmart.andreevmaster.com\/sv\/wp-json\/wp\/v2\/media?parent=14468"}],"wp:term":[{"taxonomy":"product_brand","embeddable":true,"href":"https:\/\/nordicmart.andreevmaster.com\/sv\/wp-json\/wp\/v2\/product_brand?post=14468"},{"taxonomy":"product_cat","embeddable":true,"href":"https:\/\/nordicmart.andreevmaster.com\/sv\/wp-json\/wp\/v2\/product_cat?post=14468"},{"taxonomy":"product_tag","embeddable":true,"href":"https:\/\/nordicmart.andreevmaster.com\/sv\/wp-json\/wp\/v2\/product_tag?post=14468"}],"curies":[{"name":"wp","href":"https:\/\/api.w.org\/{rel}","templated":true}]}}