{"id":14461,"date":"2026-02-27T00:22:01","date_gmt":"2026-02-27T00:22:01","guid":{"rendered":"https:\/\/nordicmart.andreevmaster.com\/product\/vasagle-sidobord-runt-litet-bord-litet-soffbord\/"},"modified":"2026-02-27T08:14:23","modified_gmt":"2026-02-27T08:14:23","slug":"vasagle-sidobord-runt-litet-bord-litet-soffbord","status":"publish","type":"product","link":"https:\/\/nordicmart.andreevmaster.com\/sv\/produkt\/vasagle-sidobord-runt-litet-bord-litet-soffbord\/","title":{"rendered":"VASAGLE sidobord runt, litet bord, litet soffbord"},"content":{"rendered":"<p>Sidobord rund, litet bord, litet soffbord, vardagsrumsbord med tygkorg, f\u00f6rvaringsutrymme f\u00f6r vardagsrum och sovrum, ebenholts svart-skiffergr\u00e5<br \/>\nProduktdetaljer:<br \/>\n&#8211; F\u00e4rg: ebenholts svart-skiffergr\u00e5<br \/>\n&#8211; Material: sp\u00e5nskiva, st\u00e5l, polyestertyg<br \/>\n&#8211; Storlek p\u00e5 sidobordet: 45 cm d, 50 cm H<br \/>\n&#8211; Storlek p\u00e5 tygkorg: 39,6 cm d, 18,2 cm H<br \/>\n&#8211; Totalvikt: 4,1 kg<br \/>\n&#8211; Max. statisk belastningskapacitet f\u00f6r bordsskivan: 35 kg<\/p>\n<p>Leveransomfattning:<br \/>\n&#8211; 1 x sidobord<br \/>\n&#8211; 1 x tygkorg<br \/>\n&#8211; 1 x tillbeh\u00f6rspaket<br \/>\n&#8211; 1 x bruksanvisning<\/p>\n","protected":false},"excerpt":{"rendered":"<p>Sidobord rund, litet bord, litet soffbord, vardagsrumsbord med tygkorg, f\u00f6rvaringsutrymme f\u00f6r vardagsrum och sovrum, ebenholts svart-skiffergr\u00e5<\/p>\n","protected":false},"featured_media":42412,"comment_status":"open","ping_status":"closed","template":"","meta":[],"product_brand":[],"product_cat":[33],"product_tag":[],"class_list":{"0":"post-14461","1":"product","2":"type-product","3":"status-publish","4":"has-post-thumbnail","6":"product_cat-okategoriserad","8":"first","9":"instock","10":"shipping-taxable","11":"purchasable","12":"product-type-simple"},"_links":{"self":[{"href":"https:\/\/nordicmart.andreevmaster.com\/sv\/wp-json\/wp\/v2\/product\/14461","targetHints":{"allow":["GET"]}}],"collection":[{"href":"https:\/\/nordicmart.andreevmaster.com\/sv\/wp-json\/wp\/v2\/product"}],"about":[{"href":"https:\/\/nordicmart.andreevmaster.com\/sv\/wp-json\/wp\/v2\/types\/product"}],"replies":[{"embeddable":true,"href":"https:\/\/nordicmart.andreevmaster.com\/sv\/wp-json\/wp\/v2\/comments?post=14461"}],"wp:featuredmedia":[{"embeddable":true,"href":"https:\/\/nordicmart.andreevmaster.com\/sv\/wp-json\/wp\/v2\/media\/42412"}],"wp:attachment":[{"href":"https:\/\/nordicmart.andreevmaster.com\/sv\/wp-json\/wp\/v2\/media?parent=14461"}],"wp:term":[{"taxonomy":"product_brand","embeddable":true,"href":"https:\/\/nordicmart.andreevmaster.com\/sv\/wp-json\/wp\/v2\/product_brand?post=14461"},{"taxonomy":"product_cat","embeddable":true,"href":"https:\/\/nordicmart.andreevmaster.com\/sv\/wp-json\/wp\/v2\/product_cat?post=14461"},{"taxonomy":"product_tag","embeddable":true,"href":"https:\/\/nordicmart.andreevmaster.com\/sv\/wp-json\/wp\/v2\/product_tag?post=14461"}],"curies":[{"name":"wp","href":"https:\/\/api.w.org\/{rel}","templated":true}]}}