{"id":14460,"date":"2026-02-27T00:22:01","date_gmt":"2026-02-27T00:22:01","guid":{"rendered":"https:\/\/nordicmart.andreevmaster.com\/product\/songmics-sidobordsset-runda-2-moderna-soffbord-minimalistiska\/"},"modified":"2026-02-27T08:14:23","modified_gmt":"2026-02-27T08:14:23","slug":"songmics-sidobordsset-runda-2-moderna-soffbord-minimalistiska","status":"publish","type":"product","link":"https:\/\/nordicmart.andreevmaster.com\/sv\/produkt\/songmics-sidobordsset-runda-2-moderna-soffbord-minimalistiska\/","title":{"rendered":"SONGMICS sidobordsset, runda, 2 moderna soffbord, minimalistiska"},"content":{"rendered":"<p>F\u00f6renar funktionalitet och sk\u00f6nhet J\u00e4mf\u00f6rt med traditionella l\u00e5nga sidobord kan du ge liv \u00e5t ditt hem med det i\u00f6gonfallande skandinaviska runda bordet. Skandinavisk stil \u00e4r klar och elegant, inspirerad av naturen och k\u00e4rleken till enkelhet. Det runda bordet har d\u00e4rf\u00f6r en modern, enkel form. Elegant, enkelt, stilfullt Leveransomfattning: 2 x bord 1 x beslagsp\u00e5se 1 x bruksanvisning Anm\u00e4rkningar: Undvik att placera f\u00f6r tunga f\u00f6rem\u00e5l p\u00e5 bordsskivan. Sitt inte p\u00e5 bordet!<\/p>\n","protected":false},"excerpt":{"rendered":"<p>Sidobordsset, runt, 2 moderna soffbord, minimalistisk, skandinavisk stil, med ben, massivt tr\u00e4, f\u00f6r vardagsrummet, vitt-natur<\/p>\n","protected":false},"featured_media":42411,"comment_status":"open","ping_status":"closed","template":"","meta":[],"product_brand":[],"product_cat":[33],"product_tag":[],"class_list":{"0":"post-14460","1":"product","2":"type-product","3":"status-publish","4":"has-post-thumbnail","6":"product_cat-okategoriserad","8":"first","9":"instock","10":"shipping-taxable","11":"purchasable","12":"product-type-simple"},"_links":{"self":[{"href":"https:\/\/nordicmart.andreevmaster.com\/sv\/wp-json\/wp\/v2\/product\/14460","targetHints":{"allow":["GET"]}}],"collection":[{"href":"https:\/\/nordicmart.andreevmaster.com\/sv\/wp-json\/wp\/v2\/product"}],"about":[{"href":"https:\/\/nordicmart.andreevmaster.com\/sv\/wp-json\/wp\/v2\/types\/product"}],"replies":[{"embeddable":true,"href":"https:\/\/nordicmart.andreevmaster.com\/sv\/wp-json\/wp\/v2\/comments?post=14460"}],"wp:featuredmedia":[{"embeddable":true,"href":"https:\/\/nordicmart.andreevmaster.com\/sv\/wp-json\/wp\/v2\/media\/42411"}],"wp:attachment":[{"href":"https:\/\/nordicmart.andreevmaster.com\/sv\/wp-json\/wp\/v2\/media?parent=14460"}],"wp:term":[{"taxonomy":"product_brand","embeddable":true,"href":"https:\/\/nordicmart.andreevmaster.com\/sv\/wp-json\/wp\/v2\/product_brand?post=14460"},{"taxonomy":"product_cat","embeddable":true,"href":"https:\/\/nordicmart.andreevmaster.com\/sv\/wp-json\/wp\/v2\/product_cat?post=14460"},{"taxonomy":"product_tag","embeddable":true,"href":"https:\/\/nordicmart.andreevmaster.com\/sv\/wp-json\/wp\/v2\/product_tag?post=14460"}],"curies":[{"name":"wp","href":"https:\/\/api.w.org\/{rel}","templated":true}]}}