{"id":14451,"date":"2026-02-27T00:21:59","date_gmt":"2026-02-27T00:21:59","guid":{"rendered":"https:\/\/nordicmart.andreevmaster.com\/product\/vasagle-smalt-nattduksbord-2-pack-med-lador-molnvit\/"},"modified":"2026-02-27T08:14:21","modified_gmt":"2026-02-27T08:14:21","slug":"vasagle-smalt-nattduksbord-2-pack-med-lador-molnvit","status":"publish","type":"product","link":"https:\/\/nordicmart.andreevmaster.com\/sv\/produkt\/vasagle-smalt-nattduksbord-2-pack-med-lador-molnvit\/","title":{"rendered":"VASAGLE smalt nattduksbord, 2-pack med l\u00e5dor, molnvit"},"content":{"rendered":"<p>VASAGLE nattduksbord, smalt, sidobord med 2 l\u00e5dor, \u00f6ppet fack som kan monteras flexibelt till v\u00e4nster eller h\u00f6ger, f\u00f6r sovrum, vardagsrum, ebenholts svart LET656B56<br \/>\nF\u00e4rg: Molnvit<br \/>\nMaterial: Sp\u00e5nskiva, MDF (medeldensitetsfiberplatta)<br \/>\nStorlek per nattduksbord: 30 x 25 x 65 cm (D x B x H)<br \/>\nVikt: 19,2 kg<br \/>\nMax. statisk belastningskapacitet f\u00f6r bordsskivan: 45,4 kg<br \/>\nMax. statisk belastningskapacitet per l\u00e5da: 4,5 kg<\/p>\n","protected":false},"excerpt":{"rendered":"<p>VASAGLE nattduksbord, smalt, sidobord med 2 l\u00e5dor, \u00f6ppet fack som kan monteras flexibelt till v\u00e4nster eller h\u00f6ger, f\u00f6r sovrum, vardagsrum, ebenholts svart LET656B56<\/p>\n","protected":false},"featured_media":42402,"comment_status":"open","ping_status":"closed","template":"","meta":[],"product_brand":[],"product_cat":[33],"product_tag":[],"class_list":{"0":"post-14451","1":"product","2":"type-product","3":"status-publish","4":"has-post-thumbnail","6":"product_cat-okategoriserad","8":"first","9":"instock","10":"shipping-taxable","11":"purchasable","12":"product-type-simple"},"_links":{"self":[{"href":"https:\/\/nordicmart.andreevmaster.com\/sv\/wp-json\/wp\/v2\/product\/14451","targetHints":{"allow":["GET"]}}],"collection":[{"href":"https:\/\/nordicmart.andreevmaster.com\/sv\/wp-json\/wp\/v2\/product"}],"about":[{"href":"https:\/\/nordicmart.andreevmaster.com\/sv\/wp-json\/wp\/v2\/types\/product"}],"replies":[{"embeddable":true,"href":"https:\/\/nordicmart.andreevmaster.com\/sv\/wp-json\/wp\/v2\/comments?post=14451"}],"wp:featuredmedia":[{"embeddable":true,"href":"https:\/\/nordicmart.andreevmaster.com\/sv\/wp-json\/wp\/v2\/media\/42402"}],"wp:attachment":[{"href":"https:\/\/nordicmart.andreevmaster.com\/sv\/wp-json\/wp\/v2\/media?parent=14451"}],"wp:term":[{"taxonomy":"product_brand","embeddable":true,"href":"https:\/\/nordicmart.andreevmaster.com\/sv\/wp-json\/wp\/v2\/product_brand?post=14451"},{"taxonomy":"product_cat","embeddable":true,"href":"https:\/\/nordicmart.andreevmaster.com\/sv\/wp-json\/wp\/v2\/product_cat?post=14451"},{"taxonomy":"product_tag","embeddable":true,"href":"https:\/\/nordicmart.andreevmaster.com\/sv\/wp-json\/wp\/v2\/product_tag?post=14451"}],"curies":[{"name":"wp","href":"https:\/\/api.w.org\/{rel}","templated":true}]}}