{"id":14445,"date":"2026-02-27T00:21:57","date_gmt":"2026-02-27T00:21:57","guid":{"rendered":"https:\/\/nordicmart.andreevmaster.com\/product\/vasagle-vagghylla-hangande-2-pack-svart\/"},"modified":"2026-02-27T08:14:20","modified_gmt":"2026-02-27T08:14:20","slug":"vasagle-vagghylla-hangande-2-pack-svart","status":"publish","type":"product","link":"https:\/\/nordicmart.andreevmaster.com\/sv\/produkt\/vasagle-vagghylla-hangande-2-pack-svart\/","title":{"rendered":"VASAGLE V\u00e4gghylla, h\u00e4ngande, 2-pack, svart"},"content":{"rendered":"<p>VASAGLE H\u00e4ngande nattduksbord, 2-pack, lampa med 3 f\u00e4rger, sv\u00e4vande v\u00e4gghylla, l\u00e5da, 35 x 40 x 18 cm, modern, vardagsrum, sovrum, ebenholts svart LET854B01<br \/>\nF\u00e4rg: ebenholts<br \/>\nMaterial: Sp\u00e5nskiva, MDF (medeldensitetsfiberplatta)<br \/>\nStorlek per nattduksbord: 35 x 40 x 18 cm (D x B x H)<br \/>\nTotalvikt: 12,4 kg<br \/>\nMax. statisk belastningskapacitet per nattduksbord: 50 kg<\/p>\n","protected":false},"excerpt":{"rendered":"<p>VASAGLE H\u00e4ngande nattduksbord, 2-pack, lampa med 3 f\u00e4rger, sv\u00e4vande v\u00e4gghylla, l\u00e5da, 35 x 40 x 18 cm, modern, vardagsrum, sovrum, ebenholts svart LET854B01<\/p>\n","protected":false},"featured_media":42396,"comment_status":"open","ping_status":"closed","template":"","meta":[],"product_brand":[],"product_cat":[33],"product_tag":[],"class_list":{"0":"post-14445","1":"product","2":"type-product","3":"status-publish","4":"has-post-thumbnail","6":"product_cat-okategoriserad","8":"first","9":"instock","10":"shipping-taxable","11":"purchasable","12":"product-type-simple"},"_links":{"self":[{"href":"https:\/\/nordicmart.andreevmaster.com\/sv\/wp-json\/wp\/v2\/product\/14445","targetHints":{"allow":["GET"]}}],"collection":[{"href":"https:\/\/nordicmart.andreevmaster.com\/sv\/wp-json\/wp\/v2\/product"}],"about":[{"href":"https:\/\/nordicmart.andreevmaster.com\/sv\/wp-json\/wp\/v2\/types\/product"}],"replies":[{"embeddable":true,"href":"https:\/\/nordicmart.andreevmaster.com\/sv\/wp-json\/wp\/v2\/comments?post=14445"}],"wp:featuredmedia":[{"embeddable":true,"href":"https:\/\/nordicmart.andreevmaster.com\/sv\/wp-json\/wp\/v2\/media\/42396"}],"wp:attachment":[{"href":"https:\/\/nordicmart.andreevmaster.com\/sv\/wp-json\/wp\/v2\/media?parent=14445"}],"wp:term":[{"taxonomy":"product_brand","embeddable":true,"href":"https:\/\/nordicmart.andreevmaster.com\/sv\/wp-json\/wp\/v2\/product_brand?post=14445"},{"taxonomy":"product_cat","embeddable":true,"href":"https:\/\/nordicmart.andreevmaster.com\/sv\/wp-json\/wp\/v2\/product_cat?post=14445"},{"taxonomy":"product_tag","embeddable":true,"href":"https:\/\/nordicmart.andreevmaster.com\/sv\/wp-json\/wp\/v2\/product_tag?post=14445"}],"curies":[{"name":"wp","href":"https:\/\/api.w.org\/{rel}","templated":true}]}}