{"id":14425,"date":"2026-02-27T00:21:52","date_gmt":"2026-02-27T00:21:52","guid":{"rendered":"https:\/\/nordicmart.andreevmaster.com\/product\/vasagle-nattduksbord-med-3-lador-black-svart-cappuccinobeige\/"},"modified":"2026-02-27T08:14:16","modified_gmt":"2026-02-27T08:14:16","slug":"vasagle-nattduksbord-med-3-lador-black-svart-cappuccinobeige","status":"publish","type":"product","link":"https:\/\/nordicmart.andreevmaster.com\/sv\/produkt\/vasagle-nattduksbord-med-3-lador-black-svart-cappuccinobeige\/","title":{"rendered":"VASAGLE nattduksbord med 3 l\u00e5dor, bl\u00e4ck svart-cappuccinobeige"},"content":{"rendered":"<p>F\u00e4rg: Bl\u00e4ck svart-cappuccino beige<br \/>\nMaterial: Sp\u00e5nskiva<br \/>\nStorlek: 35 x 45 x 58,7 cm (D x B x H)<br \/>\nVikt: 15 kg<br \/>\nMax. statisk belastningskapacitet f\u00f6r bordsskivan: 45 kg<br \/>\nMax. statisk belastningskapacitet per l\u00e5da: 4,5 kg<br \/>\nMax. statisk belastningskapacitet totalt: 59 kg<\/p>\n","protected":false},"excerpt":{"rendered":"<p>F\u00e4rg: Bl\u00e4ck svart-cappuccino beige Material: Sp\u00e5nskiva Storlek: 35 x 45 x 58,7 cm (D x B x H) Vikt: 15 kg Max. statisk belastningskapacitet f\u00f6r bordsskivan: 45 kg Max. statisk belastningskapacitet per l\u00e5da: 4,5 kg Max. statisk belastningskapacitet totalt: 59 kg<\/p>\n","protected":false},"featured_media":42378,"comment_status":"open","ping_status":"closed","template":"","meta":[],"product_brand":[],"product_cat":[33],"product_tag":[],"class_list":{"0":"post-14425","1":"product","2":"type-product","3":"status-publish","4":"has-post-thumbnail","6":"product_cat-okategoriserad","8":"first","9":"instock","10":"shipping-taxable","11":"purchasable","12":"product-type-simple"},"_links":{"self":[{"href":"https:\/\/nordicmart.andreevmaster.com\/sv\/wp-json\/wp\/v2\/product\/14425","targetHints":{"allow":["GET"]}}],"collection":[{"href":"https:\/\/nordicmart.andreevmaster.com\/sv\/wp-json\/wp\/v2\/product"}],"about":[{"href":"https:\/\/nordicmart.andreevmaster.com\/sv\/wp-json\/wp\/v2\/types\/product"}],"replies":[{"embeddable":true,"href":"https:\/\/nordicmart.andreevmaster.com\/sv\/wp-json\/wp\/v2\/comments?post=14425"}],"wp:featuredmedia":[{"embeddable":true,"href":"https:\/\/nordicmart.andreevmaster.com\/sv\/wp-json\/wp\/v2\/media\/42378"}],"wp:attachment":[{"href":"https:\/\/nordicmart.andreevmaster.com\/sv\/wp-json\/wp\/v2\/media?parent=14425"}],"wp:term":[{"taxonomy":"product_brand","embeddable":true,"href":"https:\/\/nordicmart.andreevmaster.com\/sv\/wp-json\/wp\/v2\/product_brand?post=14425"},{"taxonomy":"product_cat","embeddable":true,"href":"https:\/\/nordicmart.andreevmaster.com\/sv\/wp-json\/wp\/v2\/product_cat?post=14425"},{"taxonomy":"product_tag","embeddable":true,"href":"https:\/\/nordicmart.andreevmaster.com\/sv\/wp-json\/wp\/v2\/product_tag?post=14425"}],"curies":[{"name":"wp","href":"https:\/\/api.w.org\/{rel}","templated":true}]}}