{"id":14423,"date":"2026-02-27T00:21:52","date_gmt":"2026-02-27T00:21:52","guid":{"rendered":"https:\/\/nordicmart.andreevmaster.com\/product\/vasagle-nattduksbord-2-pack-med-forvaringsfunktion-och-lada-mattvit\/"},"modified":"2026-02-27T08:14:15","modified_gmt":"2026-02-27T08:14:15","slug":"vasagle-nattduksbord-2-pack-med-forvaringsfunktion-och-lada-mattvit","status":"publish","type":"product","link":"https:\/\/nordicmart.andreevmaster.com\/sv\/produkt\/vasagle-nattduksbord-2-pack-med-forvaringsfunktion-och-lada-mattvit\/","title":{"rendered":"VASAGLE nattduksbord, 2-pack med f\u00f6rvaringsfunktion och l\u00e5da, mattvit"},"content":{"rendered":"<p>F\u00e4rg: Mattvit<br \/>\nMaterial: Sp\u00e5nskiva<br \/>\nStorlek per nattduksbord: 35 x 45 x 58,3 cm (D x B x H)<br \/>\nVikt per nattduksbord: 11,6 kg<br \/>\nMax. statisk belastningskapacitet f\u00f6r bordsskivan: 45 kg<br \/>\nMax. statisk belastningskapacitet f\u00f6r mitthyllan: 4,5 kg<br \/>\nMax. statisk belastningskapacitet f\u00f6r l\u00e5dan: 4,5 kg<br \/>\nMax. statisk belastningskapacitet totalt per nattduksbord: 59 kg<\/p>\n","protected":false},"excerpt":{"rendered":"<p>F\u00e4rg: Mattvit Material: Sp\u00e5nskiva Storlek per nattduksbord: 35 x 45 x 58,3 cm (D x B x H) Vikt per nattduksbord: 11,6 kg Max. statisk belastningskapacitet f\u00f6r bordsskivan: 45 kg Max. statisk belastningskapacitet f\u00f6r mitthyllan: 4,5 kg Max. statisk belastningskapacitet f\u00f6r l\u00e5dan: 4,5 kg Max. statisk belastningskapacitet totalt per nattduksbord: 59 kg<\/p>\n","protected":false},"featured_media":42376,"comment_status":"open","ping_status":"closed","template":"","meta":[],"product_brand":[],"product_cat":[33],"product_tag":[],"class_list":{"0":"post-14423","1":"product","2":"type-product","3":"status-publish","4":"has-post-thumbnail","6":"product_cat-okategoriserad","8":"first","9":"instock","10":"shipping-taxable","11":"purchasable","12":"product-type-simple"},"_links":{"self":[{"href":"https:\/\/nordicmart.andreevmaster.com\/sv\/wp-json\/wp\/v2\/product\/14423","targetHints":{"allow":["GET"]}}],"collection":[{"href":"https:\/\/nordicmart.andreevmaster.com\/sv\/wp-json\/wp\/v2\/product"}],"about":[{"href":"https:\/\/nordicmart.andreevmaster.com\/sv\/wp-json\/wp\/v2\/types\/product"}],"replies":[{"embeddable":true,"href":"https:\/\/nordicmart.andreevmaster.com\/sv\/wp-json\/wp\/v2\/comments?post=14423"}],"wp:featuredmedia":[{"embeddable":true,"href":"https:\/\/nordicmart.andreevmaster.com\/sv\/wp-json\/wp\/v2\/media\/42376"}],"wp:attachment":[{"href":"https:\/\/nordicmart.andreevmaster.com\/sv\/wp-json\/wp\/v2\/media?parent=14423"}],"wp:term":[{"taxonomy":"product_brand","embeddable":true,"href":"https:\/\/nordicmart.andreevmaster.com\/sv\/wp-json\/wp\/v2\/product_brand?post=14423"},{"taxonomy":"product_cat","embeddable":true,"href":"https:\/\/nordicmart.andreevmaster.com\/sv\/wp-json\/wp\/v2\/product_cat?post=14423"},{"taxonomy":"product_tag","embeddable":true,"href":"https:\/\/nordicmart.andreevmaster.com\/sv\/wp-json\/wp\/v2\/product_tag?post=14423"}],"curies":[{"name":"wp","href":"https:\/\/api.w.org\/{rel}","templated":true}]}}