{"id":14422,"date":"2026-02-27T00:21:51","date_gmt":"2026-02-27T00:21:51","guid":{"rendered":"https:\/\/nordicmart.andreevmaster.com\/product\/vasagle-sidobord-i-industriell-design-smalt\/"},"modified":"2026-02-27T08:14:15","modified_gmt":"2026-02-27T08:14:15","slug":"vasagle-sidobord-i-industriell-design-smalt","status":"publish","type":"product","link":"https:\/\/nordicmart.andreevmaster.com\/sv\/produkt\/vasagle-sidobord-i-industriell-design-smalt\/","title":{"rendered":"VASAGLE sidobord i industriell design, smalt"},"content":{"rendered":"<p>VASAGLE \u2013 st\u00e5r f\u00f6r en fantasifull kombination av funktionalitet, t\u00e5lighet och stilfulla vintage-design. Om du vill ge dina rum en individuell touch och en antik pr\u00e4gel kan du uppn\u00e5 imponerande effekter med denna m\u00f6belserie. Har du fortfarande en fast telefon? Den eleganta vintage-designen p\u00e5 detta telefonbord och dess kompakta m\u00e5tt p\u00e5 45 x 75 x 35 cm (B x H x D) g\u00f6r att m\u00f6beln passar bra i alla hallar. Anv\u00e4nd bordsskivan i tr\u00e4optik f\u00f6r att placera din telefon och de tv\u00e5 gallerhyllorna f\u00f6r att till exempel f\u00f6rvara en adressbok eller st\u00e4lla upp dekorationer. Har du inte l\u00e4ngre n\u00e5gon fast telefon utan bara en mobiltelefon? Inga problem! Denna flexibla m\u00f6bel kan enkelt omvandlas till ett smart soffbord f\u00f6r ditt vardagsrum eller ett praktiskt nattduksbord i ditt sovrum. Oavsett vilka planer du har kan du enkelt f\u00f6rverkliga dina inredningsid\u00e9er med vintage-m\u00f6blerna fr\u00e5n VASAGLE! Produktdetaljer: &#8211; F\u00e4rg: Vintagebrun-svart &#8211; Material: Sp\u00e5nskiva (tjocklek: 15 mm) &#8211; M\u00e5tt: 45 x 75 x 35 cm (B x H x D) &#8211; Vikt: 6,5 kg &#8211; Max. belastningskapacitet per hylla: 10 kg Leveransomfattning: &#8211; 1 x telefonbord &#8211; 1 x tillbeh\u00f6rsp\u00e5se &#8211; 1 x bruksanvisning (DE, EN, FR, ES, IT) VASAGLE Anm\u00e4rkningar: &#8211; Produkten \u00e4r endast avsedd f\u00f6r inomhusbruk. St\u00e4ll den i en torr milj\u00f6. &#8211; Den maximala belastningskapaciteten f\u00f6r denna m\u00f6bel \u00e4r 10 kg per hylla. Placera inte tyngre f\u00f6rem\u00e5l p\u00e5 den.<\/p>\n","protected":false},"excerpt":{"rendered":"<p>VASAGLE sidobord, telefonbord med 2 gallerhyllor, kontor, hall, vardagsrum, stabilt, med metallstativ, industridesign, vintagebrun-svart LET75BX<\/p>\n","protected":false},"featured_media":42375,"comment_status":"open","ping_status":"closed","template":"","meta":[],"product_brand":[],"product_cat":[33],"product_tag":[],"class_list":{"0":"post-14422","1":"product","2":"type-product","3":"status-publish","4":"has-post-thumbnail","6":"product_cat-okategoriserad","8":"first","9":"instock","10":"shipping-taxable","11":"purchasable","12":"product-type-simple"},"_links":{"self":[{"href":"https:\/\/nordicmart.andreevmaster.com\/sv\/wp-json\/wp\/v2\/product\/14422","targetHints":{"allow":["GET"]}}],"collection":[{"href":"https:\/\/nordicmart.andreevmaster.com\/sv\/wp-json\/wp\/v2\/product"}],"about":[{"href":"https:\/\/nordicmart.andreevmaster.com\/sv\/wp-json\/wp\/v2\/types\/product"}],"replies":[{"embeddable":true,"href":"https:\/\/nordicmart.andreevmaster.com\/sv\/wp-json\/wp\/v2\/comments?post=14422"}],"wp:featuredmedia":[{"embeddable":true,"href":"https:\/\/nordicmart.andreevmaster.com\/sv\/wp-json\/wp\/v2\/media\/42375"}],"wp:attachment":[{"href":"https:\/\/nordicmart.andreevmaster.com\/sv\/wp-json\/wp\/v2\/media?parent=14422"}],"wp:term":[{"taxonomy":"product_brand","embeddable":true,"href":"https:\/\/nordicmart.andreevmaster.com\/sv\/wp-json\/wp\/v2\/product_brand?post=14422"},{"taxonomy":"product_cat","embeddable":true,"href":"https:\/\/nordicmart.andreevmaster.com\/sv\/wp-json\/wp\/v2\/product_cat?post=14422"},{"taxonomy":"product_tag","embeddable":true,"href":"https:\/\/nordicmart.andreevmaster.com\/sv\/wp-json\/wp\/v2\/product_tag?post=14422"}],"curies":[{"name":"wp","href":"https:\/\/api.w.org\/{rel}","templated":true}]}}