{"id":14420,"date":"2026-02-27T00:21:51","date_gmt":"2026-02-27T00:21:51","guid":{"rendered":"https:\/\/nordicmart.andreevmaster.com\/product\/vasagle-nattduksbord-i-retrostil-med-trautseende\/"},"modified":"2026-02-27T08:14:15","modified_gmt":"2026-02-27T08:14:15","slug":"vasagle-nattduksbord-i-retrostil-med-trautseende","status":"publish","type":"product","link":"https:\/\/nordicmart.andreevmaster.com\/sv\/produkt\/vasagle-nattduksbord-i-retrostil-med-trautseende\/","title":{"rendered":"VASAGLE nattduksbord i retrostil med tr\u00e4utseende"},"content":{"rendered":"<p>Produktdetaljer: &#8211; F\u00e4rg: m\u00f6rkbrun\/vintage &#8211; Material: MDF, ben av furu &#8211; Storlek: 50 x 40 x 58 cm (L x B x H) &#8211; Vikt: 11,8 kg Leveransomfattning:- 1 x nattduksbord &#8211; 1 x tillbeh\u00f6rsp\u00e5se &#8211; 1 x bruksanvisning (DE, EN, FR, ES, IT) VASAGLE Anvisningar: &#8211; Placera inte produkten utomhus under l\u00e4ngre tid. Den \u00e4r avsedd f\u00f6r inomhusbruk. &#8211; Anv\u00e4nd inte produkten i fuktiga milj\u00f6er.- Produkten f\u00e5r inte komma i kontakt med vassa f\u00f6rem\u00e5l och aggressiva kemiska \u00e4mnen f\u00f6r att undvika skador.<\/p>\n","protected":false},"excerpt":{"rendered":"<p>VASAGLE nattduksbord med l\u00e5da och \u00f6ppet fack, litet sidobord, ben av furu, f\u00f6r sovrum och vardagsrum, 50 x 40 x 58 cm, tr\u00e4look, vintage, m\u00f6rkbrun LET71BX<\/p>\n","protected":false},"featured_media":42373,"comment_status":"open","ping_status":"closed","template":"","meta":[],"product_brand":[],"product_cat":[33],"product_tag":[],"class_list":{"0":"post-14420","1":"product","2":"type-product","3":"status-publish","4":"has-post-thumbnail","6":"product_cat-okategoriserad","8":"first","9":"instock","10":"shipping-taxable","11":"purchasable","12":"product-type-simple"},"_links":{"self":[{"href":"https:\/\/nordicmart.andreevmaster.com\/sv\/wp-json\/wp\/v2\/product\/14420","targetHints":{"allow":["GET"]}}],"collection":[{"href":"https:\/\/nordicmart.andreevmaster.com\/sv\/wp-json\/wp\/v2\/product"}],"about":[{"href":"https:\/\/nordicmart.andreevmaster.com\/sv\/wp-json\/wp\/v2\/types\/product"}],"replies":[{"embeddable":true,"href":"https:\/\/nordicmart.andreevmaster.com\/sv\/wp-json\/wp\/v2\/comments?post=14420"}],"wp:featuredmedia":[{"embeddable":true,"href":"https:\/\/nordicmart.andreevmaster.com\/sv\/wp-json\/wp\/v2\/media\/42373"}],"wp:attachment":[{"href":"https:\/\/nordicmart.andreevmaster.com\/sv\/wp-json\/wp\/v2\/media?parent=14420"}],"wp:term":[{"taxonomy":"product_brand","embeddable":true,"href":"https:\/\/nordicmart.andreevmaster.com\/sv\/wp-json\/wp\/v2\/product_brand?post=14420"},{"taxonomy":"product_cat","embeddable":true,"href":"https:\/\/nordicmart.andreevmaster.com\/sv\/wp-json\/wp\/v2\/product_cat?post=14420"},{"taxonomy":"product_tag","embeddable":true,"href":"https:\/\/nordicmart.andreevmaster.com\/sv\/wp-json\/wp\/v2\/product_tag?post=14420"}],"curies":[{"name":"wp","href":"https:\/\/api.w.org\/{rel}","templated":true}]}}