{"id":14413,"date":"2026-02-27T00:21:49","date_gmt":"2026-02-27T00:21:49","guid":{"rendered":"https:\/\/nordicmart.andreevmaster.com\/product\/vasagle-nattduksbord-med-lada-och-oppen-hylla-snovit\/"},"modified":"2026-02-27T08:14:13","modified_gmt":"2026-02-27T08:14:13","slug":"vasagle-nattduksbord-med-lada-och-oppen-hylla-snovit","status":"publish","type":"product","link":"https:\/\/nordicmart.andreevmaster.com\/sv\/produkt\/vasagle-nattduksbord-med-lada-och-oppen-hylla-snovit\/","title":{"rendered":"VASAGLE nattduksbord med l\u00e5da och \u00f6ppen hylla sn\u00f6vit"},"content":{"rendered":"<p>VASAGLE nattduksbord, 2-pack, sidobord med l\u00e5da och \u00f6ppen hylla, tr\u00e4ben, soffbord f\u00f6r vardagsrum, sovrum, soffa, sn\u00f6vit LET855W01<br \/>\nF\u00e4rg: Sn\u00f6vit<br \/>\nMaterial: sp\u00e5nskiva, MDF (medeldensitetsfiberplatta), massivt tr\u00e4<br \/>\nStorlek: 28 x 39 x 55 cm (D x B x H)<br \/>\nVikt: 5,4 kg<br \/>\nMax. statisk belastningskapacitet f\u00f6r bordsskivan: 45,4 kg<br \/>\nMax. statisk belastningskapacitet f\u00f6r l\u00e5dan: 4,5 kg<br \/>\nMax. statisk belastningskapacitet f\u00f6r den \u00f6ppna hyllan: 9,1 kg<br \/>\nMax. statisk belastningskapacitet totalt: 59 kg<\/p>\n","protected":false},"excerpt":{"rendered":"<p>VASAGLE nattduksbord, 2-pack, sidobord med l\u00e5da och \u00f6ppen hylla, tr\u00e4ben, soffbord f\u00f6r vardagsrum, sovrum, soffa, sn\u00f6vit LET855W01<\/p>\n","protected":false},"featured_media":42366,"comment_status":"open","ping_status":"closed","template":"","meta":[],"product_brand":[],"product_cat":[33],"product_tag":[],"class_list":{"0":"post-14413","1":"product","2":"type-product","3":"status-publish","4":"has-post-thumbnail","6":"product_cat-okategoriserad","8":"first","9":"instock","10":"shipping-taxable","11":"purchasable","12":"product-type-simple"},"_links":{"self":[{"href":"https:\/\/nordicmart.andreevmaster.com\/sv\/wp-json\/wp\/v2\/product\/14413","targetHints":{"allow":["GET"]}}],"collection":[{"href":"https:\/\/nordicmart.andreevmaster.com\/sv\/wp-json\/wp\/v2\/product"}],"about":[{"href":"https:\/\/nordicmart.andreevmaster.com\/sv\/wp-json\/wp\/v2\/types\/product"}],"replies":[{"embeddable":true,"href":"https:\/\/nordicmart.andreevmaster.com\/sv\/wp-json\/wp\/v2\/comments?post=14413"}],"wp:featuredmedia":[{"embeddable":true,"href":"https:\/\/nordicmart.andreevmaster.com\/sv\/wp-json\/wp\/v2\/media\/42366"}],"wp:attachment":[{"href":"https:\/\/nordicmart.andreevmaster.com\/sv\/wp-json\/wp\/v2\/media?parent=14413"}],"wp:term":[{"taxonomy":"product_brand","embeddable":true,"href":"https:\/\/nordicmart.andreevmaster.com\/sv\/wp-json\/wp\/v2\/product_brand?post=14413"},{"taxonomy":"product_cat","embeddable":true,"href":"https:\/\/nordicmart.andreevmaster.com\/sv\/wp-json\/wp\/v2\/product_cat?post=14413"},{"taxonomy":"product_tag","embeddable":true,"href":"https:\/\/nordicmart.andreevmaster.com\/sv\/wp-json\/wp\/v2\/product_tag?post=14413"}],"curies":[{"name":"wp","href":"https:\/\/api.w.org\/{rel}","templated":true}]}}