{"id":14409,"date":"2026-02-27T00:21:48","date_gmt":"2026-02-27T00:21:48","guid":{"rendered":"https:\/\/nordicmart.andreevmaster.com\/product\/vasagle-hangande-nattduksbord-med-lampor-i-3-farger-ebenholts-svart\/"},"modified":"2026-02-27T08:14:13","modified_gmt":"2026-02-27T08:14:13","slug":"vasagle-hangande-nattduksbord-med-lampor-i-3-farger-ebenholts-svart","status":"publish","type":"product","link":"https:\/\/nordicmart.andreevmaster.com\/sv\/produkt\/vasagle-hangande-nattduksbord-med-lampor-i-3-farger-ebenholts-svart\/","title":{"rendered":"VASAGLE H\u00e4ngande nattduksbord med lampor i 3 f\u00e4rger ebenholts svart"},"content":{"rendered":"<p>VASAGLE H\u00e4ngande nattduksbord, 2-pack, lampa med 3 f\u00e4rger, sv\u00e4vande v\u00e4gghylla, l\u00e5da, 35 x 40 x 18 cm, modern, vardagsrum, sovrum, ebenholts svart LET854B01<br \/>\nF\u00e4rg: Ebenholtsvart<br \/>\nMaterial: sp\u00e5nskiva, MDF (medeldensitetsfiberplatta)<br \/>\nStorlek: 35 x 40 x 18 cm (D x B x H)<br \/>\nVikt: 6,2 kg<br \/>\nMax. statisk belastningskapacitet: 50 kg<\/p>\n","protected":false},"excerpt":{"rendered":"<p>VASAGLE H\u00e4ngande nattduksbord, 2-pack, lampa med 3 f\u00e4rger, sv\u00e4vande v\u00e4gghylla, l\u00e5da, 35 x 40 x 18 cm, modern, vardagsrum, sovrum, ebenholts svart LET854B01<\/p>\n","protected":false},"featured_media":42362,"comment_status":"open","ping_status":"closed","template":"","meta":[],"product_brand":[],"product_cat":[33],"product_tag":[],"class_list":{"0":"post-14409","1":"product","2":"type-product","3":"status-publish","4":"has-post-thumbnail","6":"product_cat-okategoriserad","8":"first","9":"instock","10":"shipping-taxable","11":"purchasable","12":"product-type-simple"},"_links":{"self":[{"href":"https:\/\/nordicmart.andreevmaster.com\/sv\/wp-json\/wp\/v2\/product\/14409","targetHints":{"allow":["GET"]}}],"collection":[{"href":"https:\/\/nordicmart.andreevmaster.com\/sv\/wp-json\/wp\/v2\/product"}],"about":[{"href":"https:\/\/nordicmart.andreevmaster.com\/sv\/wp-json\/wp\/v2\/types\/product"}],"replies":[{"embeddable":true,"href":"https:\/\/nordicmart.andreevmaster.com\/sv\/wp-json\/wp\/v2\/comments?post=14409"}],"wp:featuredmedia":[{"embeddable":true,"href":"https:\/\/nordicmart.andreevmaster.com\/sv\/wp-json\/wp\/v2\/media\/42362"}],"wp:attachment":[{"href":"https:\/\/nordicmart.andreevmaster.com\/sv\/wp-json\/wp\/v2\/media?parent=14409"}],"wp:term":[{"taxonomy":"product_brand","embeddable":true,"href":"https:\/\/nordicmart.andreevmaster.com\/sv\/wp-json\/wp\/v2\/product_brand?post=14409"},{"taxonomy":"product_cat","embeddable":true,"href":"https:\/\/nordicmart.andreevmaster.com\/sv\/wp-json\/wp\/v2\/product_cat?post=14409"},{"taxonomy":"product_tag","embeddable":true,"href":"https:\/\/nordicmart.andreevmaster.com\/sv\/wp-json\/wp\/v2\/product_tag?post=14409"}],"curies":[{"name":"wp","href":"https:\/\/api.w.org\/{rel}","templated":true}]}}