{"id":14406,"date":"2026-02-27T00:21:47","date_gmt":"2026-02-27T00:21:47","guid":{"rendered":"https:\/\/nordicmart.andreevmaster.com\/product\/vasagle-nattduksbord-i-industriell-stil-med-lada\/"},"modified":"2026-02-27T08:14:12","modified_gmt":"2026-02-27T08:14:12","slug":"vasagle-nattduksbord-i-industriell-stil-med-lada","status":"publish","type":"product","link":"https:\/\/nordicmart.andreevmaster.com\/sv\/produkt\/vasagle-nattduksbord-i-industriell-stil-med-lada\/","title":{"rendered":"VASAGLE nattduksbord i industriell stil med l\u00e5da"},"content":{"rendered":"<p>Ett sovrum utan nattduksbord \u00e4r helt enkelt inte komplett. \u00c5 andra sidan, bara f\u00f6r att du beh\u00f6ver en praktisk f\u00f6rvaringsplats f\u00f6r natten betyder det inte att du ska k\u00f6pa vilken m\u00f6bel som helst utan stil. En riktigt dekorativ och m\u00e5ngsidig m\u00f6bel Lite rustik men \u00e4nd\u00e5 otroligt modern, detta i\u00f6gonfallande sidobord \u00e4r en dekorativ accent i ditt hem och kan enkelt kombineras med andra m\u00f6bler. Tack vare hyllans m\u00e5ngsidighet kan du anv\u00e4nda den som nattduksbord i sovrummet eller som sidobord i vardagsrummet eller i din l\u00e4sh\u00f6rna. Mycket f\u00f6rvaringsutrymme bredvid s\u00e4ngen En rymlig hylla, en uttagbar tygl\u00e5da och ett galler erbjuder gott om plats f\u00f6r att f\u00f6rvara alla saker du beh\u00f6ver f\u00f6r din s\u00e4ngrutin. Med n\u00e4sdukar, en lampa, din favoritbok eller ett glas vatten inom r\u00e4ckh\u00e5ll blir natten genast mycket trevligare. Rulla bara runt och ta det du beh\u00f6ver. Produktdetaljer: &#8211; F\u00e4rg: Vintagebrun-svart, gr\u00e5 &#8211; Material: Sp\u00e5nskiva, st\u00e5l &#8211; Storlek: 46 x 35 x 52,5 cm (L x B x H) &#8211; Vikt: 9 kg &#8211; Max. statisk belastningskapacitet: 10 kg Leveransomfattning: -1 x nattduksbord -1 x tillbeh\u00f6rsp\u00e5se -1 x bruksanvisning (DE, EN, ES, FR, IT) VASAGLE Anm\u00e4rkningar: &#8211; Placera produkten p\u00e5 en torr plats. &#8211; Placera inga tunga f\u00f6rem\u00e5l p\u00e5 m\u00f6beln.<\/p>\n","protected":false},"excerpt":{"rendered":"<p>VASAGLE nattduksbord, sidobord, soffbord, med uttagbar tygl\u00e5da, gallerhylla, st\u00e5lstativ, vardagsrum, sovrum, vintagebrun-svart LET64X<\/p>\n","protected":false},"featured_media":42359,"comment_status":"open","ping_status":"closed","template":"","meta":[],"product_brand":[],"product_cat":[33],"product_tag":[],"class_list":{"0":"post-14406","1":"product","2":"type-product","3":"status-publish","4":"has-post-thumbnail","6":"product_cat-okategoriserad","8":"first","9":"instock","10":"shipping-taxable","11":"purchasable","12":"product-type-simple"},"_links":{"self":[{"href":"https:\/\/nordicmart.andreevmaster.com\/sv\/wp-json\/wp\/v2\/product\/14406","targetHints":{"allow":["GET"]}}],"collection":[{"href":"https:\/\/nordicmart.andreevmaster.com\/sv\/wp-json\/wp\/v2\/product"}],"about":[{"href":"https:\/\/nordicmart.andreevmaster.com\/sv\/wp-json\/wp\/v2\/types\/product"}],"replies":[{"embeddable":true,"href":"https:\/\/nordicmart.andreevmaster.com\/sv\/wp-json\/wp\/v2\/comments?post=14406"}],"wp:featuredmedia":[{"embeddable":true,"href":"https:\/\/nordicmart.andreevmaster.com\/sv\/wp-json\/wp\/v2\/media\/42359"}],"wp:attachment":[{"href":"https:\/\/nordicmart.andreevmaster.com\/sv\/wp-json\/wp\/v2\/media?parent=14406"}],"wp:term":[{"taxonomy":"product_brand","embeddable":true,"href":"https:\/\/nordicmart.andreevmaster.com\/sv\/wp-json\/wp\/v2\/product_brand?post=14406"},{"taxonomy":"product_cat","embeddable":true,"href":"https:\/\/nordicmart.andreevmaster.com\/sv\/wp-json\/wp\/v2\/product_cat?post=14406"},{"taxonomy":"product_tag","embeddable":true,"href":"https:\/\/nordicmart.andreevmaster.com\/sv\/wp-json\/wp\/v2\/product_tag?post=14406"}],"curies":[{"name":"wp","href":"https:\/\/api.w.org\/{rel}","templated":true}]}}