{"id":14399,"date":"2026-02-27T00:21:46","date_gmt":"2026-02-27T00:21:46","guid":{"rendered":"https:\/\/nordicmart.andreevmaster.com\/product\/vasagle-nattduksbord-med-led-belysning\/"},"modified":"2026-02-27T08:14:11","modified_gmt":"2026-02-27T08:14:11","slug":"vasagle-nattduksbord-med-led-belysning","status":"publish","type":"product","link":"https:\/\/nordicmart.andreevmaster.com\/sv\/produkt\/vasagle-nattduksbord-med-led-belysning\/","title":{"rendered":"VASAGLE nattduksbord med LED-belysning"},"content":{"rendered":"<p>Produktdetaljer:  &#8211; F\u00e4rg: Vit &#8211; Material: Sp\u00e5nskiva &#8211; Storlek: 33,5 x 40 x 55 cm (D x B x H)  &#8211; Vikt: 15,4 kg &#8211; Max. statisk belastningskapacitet f\u00f6r den \u00f6versta l\u00e5dan: 2,3 kg &#8211; Max. statisk belastningskapacitet f\u00f6r de 2 nedre l\u00e5dorna: 3,4 kg &#8211; Max. total statisk belastningskapacitet: 110 kgLeveransomfattning:- 1 x sidobord &#8211; 1 x tillbeh\u00f6rspaket &#8211; 1 x bruksanvisning VASAGLE Anm\u00e4rkningar: &#8211; Av s\u00e4kerhetssk\u00e4l \u00e4r det f\u00f6rbjudet f\u00f6r barn att kl\u00e4ttra p\u00e5 telefonbordet eller leka med det.<\/p>\n","protected":false},"excerpt":{"rendered":"<p>VASAGLE nattduksbord med LED-belysning, sidobord, justerbara f\u00e4rger, soffbord med 3 l\u00e5dor, nattduksbord f\u00f6r sovrum, vardagsrum, modernt, vitt LET630T10<\/p>\n","protected":false},"featured_media":42354,"comment_status":"open","ping_status":"closed","template":"","meta":[],"product_brand":[],"product_cat":[33],"product_tag":[],"class_list":{"0":"post-14399","1":"product","2":"type-product","3":"status-publish","4":"has-post-thumbnail","6":"product_cat-okategoriserad","8":"first","9":"instock","10":"shipping-taxable","11":"purchasable","12":"product-type-simple"},"_links":{"self":[{"href":"https:\/\/nordicmart.andreevmaster.com\/sv\/wp-json\/wp\/v2\/product\/14399","targetHints":{"allow":["GET"]}}],"collection":[{"href":"https:\/\/nordicmart.andreevmaster.com\/sv\/wp-json\/wp\/v2\/product"}],"about":[{"href":"https:\/\/nordicmart.andreevmaster.com\/sv\/wp-json\/wp\/v2\/types\/product"}],"replies":[{"embeddable":true,"href":"https:\/\/nordicmart.andreevmaster.com\/sv\/wp-json\/wp\/v2\/comments?post=14399"}],"wp:featuredmedia":[{"embeddable":true,"href":"https:\/\/nordicmart.andreevmaster.com\/sv\/wp-json\/wp\/v2\/media\/42354"}],"wp:attachment":[{"href":"https:\/\/nordicmart.andreevmaster.com\/sv\/wp-json\/wp\/v2\/media?parent=14399"}],"wp:term":[{"taxonomy":"product_brand","embeddable":true,"href":"https:\/\/nordicmart.andreevmaster.com\/sv\/wp-json\/wp\/v2\/product_brand?post=14399"},{"taxonomy":"product_cat","embeddable":true,"href":"https:\/\/nordicmart.andreevmaster.com\/sv\/wp-json\/wp\/v2\/product_cat?post=14399"},{"taxonomy":"product_tag","embeddable":true,"href":"https:\/\/nordicmart.andreevmaster.com\/sv\/wp-json\/wp\/v2\/product_tag?post=14399"}],"curies":[{"name":"wp","href":"https:\/\/api.w.org\/{rel}","templated":true}]}}