{"id":14398,"date":"2026-02-27T00:21:45","date_gmt":"2026-02-27T00:21:45","guid":{"rendered":"https:\/\/nordicmart.andreevmaster.com\/product\/vasagle-nattduksbord-med-led-belysning-och-3-lador\/"},"modified":"2026-02-27T08:14:11","modified_gmt":"2026-02-27T08:14:11","slug":"vasagle-nattduksbord-med-led-belysning-och-3-lador","status":"publish","type":"product","link":"https:\/\/nordicmart.andreevmaster.com\/sv\/produkt\/vasagle-nattduksbord-med-led-belysning-och-3-lador\/","title":{"rendered":"VASAGLE nattduksbord med LED-belysning och 3 l\u00e5dor"},"content":{"rendered":"<p>VASAGLE nattduksbord med LED-belysning, sidobord, justerbara f\u00e4rger, soffbord med 3 l\u00e5dor, nattduksbord f\u00f6r sovrum, vardagsrum, modernt, vitt LET630T10<br \/>\n&#8211; F\u00e4rg: Guldbrun<br \/>\n&#8211; Material: Sp\u00e5nskiva<br \/>\n&#8211; Storlek: 35 x 40 x 55 cm (D x B x H)<br \/>\n&#8211; Vikt: 15,4 kg<br \/>\n&#8211; Maximal statisk belastningskapacitet f\u00f6r den \u00f6versta l\u00e5dan: 2,3 kg<br \/>\n&#8211; Max. statisk belastningskapacitet f\u00f6r de tv\u00e5 nedre l\u00e5dorna: 3,4 kg<br \/>\n&#8211; Max. statisk belastningskapacitet totalt: 110 kg<\/p>\n","protected":false},"excerpt":{"rendered":"<p>VASAGLE nattduksbord med LED-belysning, sidobord, justerbara f\u00e4rger, soffbord med 3 l\u00e5dor, nattduksbord f\u00f6r sovrum, vardagsrum, modernt, vitt LET630T10<\/p>\n","protected":false},"featured_media":42353,"comment_status":"open","ping_status":"closed","template":"","meta":[],"product_brand":[],"product_cat":[33],"product_tag":[],"class_list":{"0":"post-14398","1":"product","2":"type-product","3":"status-publish","4":"has-post-thumbnail","6":"product_cat-okategoriserad","8":"first","9":"instock","10":"shipping-taxable","11":"purchasable","12":"product-type-simple"},"_links":{"self":[{"href":"https:\/\/nordicmart.andreevmaster.com\/sv\/wp-json\/wp\/v2\/product\/14398","targetHints":{"allow":["GET"]}}],"collection":[{"href":"https:\/\/nordicmart.andreevmaster.com\/sv\/wp-json\/wp\/v2\/product"}],"about":[{"href":"https:\/\/nordicmart.andreevmaster.com\/sv\/wp-json\/wp\/v2\/types\/product"}],"replies":[{"embeddable":true,"href":"https:\/\/nordicmart.andreevmaster.com\/sv\/wp-json\/wp\/v2\/comments?post=14398"}],"wp:featuredmedia":[{"embeddable":true,"href":"https:\/\/nordicmart.andreevmaster.com\/sv\/wp-json\/wp\/v2\/media\/42353"}],"wp:attachment":[{"href":"https:\/\/nordicmart.andreevmaster.com\/sv\/wp-json\/wp\/v2\/media?parent=14398"}],"wp:term":[{"taxonomy":"product_brand","embeddable":true,"href":"https:\/\/nordicmart.andreevmaster.com\/sv\/wp-json\/wp\/v2\/product_brand?post=14398"},{"taxonomy":"product_cat","embeddable":true,"href":"https:\/\/nordicmart.andreevmaster.com\/sv\/wp-json\/wp\/v2\/product_cat?post=14398"},{"taxonomy":"product_tag","embeddable":true,"href":"https:\/\/nordicmart.andreevmaster.com\/sv\/wp-json\/wp\/v2\/product_tag?post=14398"}],"curies":[{"name":"wp","href":"https:\/\/api.w.org\/{rel}","templated":true}]}}