{"id":14396,"date":"2026-02-27T00:21:45","date_gmt":"2026-02-27T00:21:45","guid":{"rendered":"https:\/\/nordicmart.andreevmaster.com\/product\/vasagle-nattduksbord-med-forvaringsfunktion-och-2-lador\/"},"modified":"2026-02-27T08:14:10","modified_gmt":"2026-02-27T08:14:10","slug":"vasagle-nattduksbord-med-forvaringsfunktion-och-2-lador","status":"publish","type":"product","link":"https:\/\/nordicmart.andreevmaster.com\/sv\/produkt\/vasagle-nattduksbord-med-forvaringsfunktion-och-2-lador\/","title":{"rendered":"VASAGLE nattduksbord med f\u00f6rvaringsfunktion och 2 l\u00e5dor"},"content":{"rendered":"<p>VASAGLE nattduksbord i bambu, sidobord med f\u00f6rvaringsfunktion, 2 l\u00e5dor, \u00f6ppen hylla, 2 USB-A-portar, 2 AC-portar, minimalistiskt, f\u00f6r vardagsrum, sovrum, soffa<br \/>\nF\u00e4rg: Molnvit<br \/>\nMaterial: Bambu, MDF (medeldensitetsfiberplatta)<br \/>\nStorlek: 35 x 40 x 60 cm (D x B x H)<br \/>\nVikt: 9,6 kg<br \/>\nMax. statisk belastningskapacitet f\u00f6r bordsskivan: 45,4 kg<br \/>\nMax. statisk belastningskapacitet f\u00f6r varje l\u00e5da: 4,5 kg<br \/>\nMax. statisk belastningskapacitet f\u00f6r den \u00f6ppna hyllan: 4,5 kg<\/p>\n","protected":false},"excerpt":{"rendered":"<p>VASAGLE nattduksbord i bambu, sidobord med f\u00f6rvaringsfunktion, 2 l\u00e5dor, \u00f6ppen hylla, 2 USB-A-portar, 2 AC-portar, minimalistiskt, f\u00f6r vardagsrum, sovrum, soffa<\/p>\n","protected":false},"featured_media":42351,"comment_status":"open","ping_status":"closed","template":"","meta":[],"product_brand":[],"product_cat":[33],"product_tag":[],"class_list":{"0":"post-14396","1":"product","2":"type-product","3":"status-publish","4":"has-post-thumbnail","6":"product_cat-okategoriserad","8":"first","9":"instock","10":"shipping-taxable","11":"purchasable","12":"product-type-simple"},"_links":{"self":[{"href":"https:\/\/nordicmart.andreevmaster.com\/sv\/wp-json\/wp\/v2\/product\/14396","targetHints":{"allow":["GET"]}}],"collection":[{"href":"https:\/\/nordicmart.andreevmaster.com\/sv\/wp-json\/wp\/v2\/product"}],"about":[{"href":"https:\/\/nordicmart.andreevmaster.com\/sv\/wp-json\/wp\/v2\/types\/product"}],"replies":[{"embeddable":true,"href":"https:\/\/nordicmart.andreevmaster.com\/sv\/wp-json\/wp\/v2\/comments?post=14396"}],"wp:featuredmedia":[{"embeddable":true,"href":"https:\/\/nordicmart.andreevmaster.com\/sv\/wp-json\/wp\/v2\/media\/42351"}],"wp:attachment":[{"href":"https:\/\/nordicmart.andreevmaster.com\/sv\/wp-json\/wp\/v2\/media?parent=14396"}],"wp:term":[{"taxonomy":"product_brand","embeddable":true,"href":"https:\/\/nordicmart.andreevmaster.com\/sv\/wp-json\/wp\/v2\/product_brand?post=14396"},{"taxonomy":"product_cat","embeddable":true,"href":"https:\/\/nordicmart.andreevmaster.com\/sv\/wp-json\/wp\/v2\/product_cat?post=14396"},{"taxonomy":"product_tag","embeddable":true,"href":"https:\/\/nordicmart.andreevmaster.com\/sv\/wp-json\/wp\/v2\/product_tag?post=14396"}],"curies":[{"name":"wp","href":"https:\/\/api.w.org\/{rel}","templated":true}]}}