{"id":14388,"date":"2026-02-27T00:21:43","date_gmt":"2026-02-27T00:21:43","guid":{"rendered":"https:\/\/nordicmart.andreevmaster.com\/product\/vasagle-sidobord-med-lada-for-sovrummet-kastanjebrunt-black-svart\/"},"modified":"2026-02-27T08:14:09","modified_gmt":"2026-02-27T08:14:09","slug":"vasagle-sidobord-med-lada-for-sovrummet-kastanjebrunt-black-svart","status":"publish","type":"product","link":"https:\/\/nordicmart.andreevmaster.com\/sv\/produkt\/vasagle-sidobord-med-lada-for-sovrummet-kastanjebrunt-black-svart\/","title":{"rendered":"VASAGLE sidobord med l\u00e5da f\u00f6r sovrummet, kastanjebrunt-bl\u00e4ck svart"},"content":{"rendered":"<p>VASAGLE nattduksbord, sidobord, med l\u00e5da, handtag, \u00f6ppet fack, soffbord, f\u00f6r sovrum, vardagsrum, klassiskt vitt LET619T14<br \/>\nF\u00e4rg: Kastanjebrun-bl\u00e4ksvart<br \/>\nMaterial: Sp\u00e5nskiva<br \/>\nStorlek: 28 x 39 x 41 cm (D x B x H)<br \/>\nVikt: 5,7 kg<br \/>\nMax. statisk belastningskapacitet f\u00f6r l\u00e5dan: 5 kg<br \/>\nMax. statisk totalbelastningskapacitet: 75 kg<\/p>\n","protected":false},"excerpt":{"rendered":"<p>VASAGLE nattduksbord, sidobord, med l\u00e5da, handtag, \u00f6ppet fack, soffbord, f\u00f6r sovrum, vardagsrum, klassiskt vitt LET619T14<\/p>\n","protected":false},"featured_media":42343,"comment_status":"open","ping_status":"closed","template":"","meta":[],"product_brand":[],"product_cat":[33],"product_tag":[],"class_list":{"0":"post-14388","1":"product","2":"type-product","3":"status-publish","4":"has-post-thumbnail","6":"product_cat-okategoriserad","8":"first","9":"instock","10":"shipping-taxable","11":"purchasable","12":"product-type-simple"},"_links":{"self":[{"href":"https:\/\/nordicmart.andreevmaster.com\/sv\/wp-json\/wp\/v2\/product\/14388","targetHints":{"allow":["GET"]}}],"collection":[{"href":"https:\/\/nordicmart.andreevmaster.com\/sv\/wp-json\/wp\/v2\/product"}],"about":[{"href":"https:\/\/nordicmart.andreevmaster.com\/sv\/wp-json\/wp\/v2\/types\/product"}],"replies":[{"embeddable":true,"href":"https:\/\/nordicmart.andreevmaster.com\/sv\/wp-json\/wp\/v2\/comments?post=14388"}],"wp:featuredmedia":[{"embeddable":true,"href":"https:\/\/nordicmart.andreevmaster.com\/sv\/wp-json\/wp\/v2\/media\/42343"}],"wp:attachment":[{"href":"https:\/\/nordicmart.andreevmaster.com\/sv\/wp-json\/wp\/v2\/media?parent=14388"}],"wp:term":[{"taxonomy":"product_brand","embeddable":true,"href":"https:\/\/nordicmart.andreevmaster.com\/sv\/wp-json\/wp\/v2\/product_brand?post=14388"},{"taxonomy":"product_cat","embeddable":true,"href":"https:\/\/nordicmart.andreevmaster.com\/sv\/wp-json\/wp\/v2\/product_cat?post=14388"},{"taxonomy":"product_tag","embeddable":true,"href":"https:\/\/nordicmart.andreevmaster.com\/sv\/wp-json\/wp\/v2\/product_tag?post=14388"}],"curies":[{"name":"wp","href":"https:\/\/api.w.org\/{rel}","templated":true}]}}