{"id":14387,"date":"2026-02-27T00:21:42","date_gmt":"2026-02-27T00:21:42","guid":{"rendered":"https:\/\/nordicmart.andreevmaster.com\/product\/vasagle-nattduksbord-med-led-belysning-modernt-askgratt\/"},"modified":"2026-02-27T08:14:08","modified_gmt":"2026-02-27T08:14:08","slug":"vasagle-nattduksbord-med-led-belysning-modernt-askgratt","status":"publish","type":"product","link":"https:\/\/nordicmart.andreevmaster.com\/sv\/produkt\/vasagle-nattduksbord-med-led-belysning-modernt-askgratt\/","title":{"rendered":"VASAGLE nattduksbord med LED-belysning, modernt, askgr\u00e5tt"},"content":{"rendered":"<p>VASAGLE nattduksbord med justerbar LED-belysning, sidobord med eluttag, l\u00e5da, 2 AC-uttag, 2 USB-portar, modernt, f\u00f6r sovrum, vardagsrum, molnvit LET618T15<br \/>\nF\u00e4rg: Askgr\u00e5<br \/>\nMaterial: MDF (medeldensitetsfiberplatta), sp\u00e5nskiva<br \/>\nStorlek: 35 x 40 x 55 cm (D x B x H)<br \/>\nVikt: 11,2 kg<br \/>\nMax. statisk belastningskapacitet f\u00f6r bordsskivan: 91 kg<br \/>\nMax. statisk belastningskapacitet f\u00f6r l\u00e5dan: 7 kg<br \/>\nMax. statisk belastningskapacitet f\u00f6r den \u00f6ppna hyllan: 23 kg<\/p>\n","protected":false},"excerpt":{"rendered":"<p>VASAGLE nattduksbord med justerbar LED-belysning, sidobord med eluttag, l\u00e5da, 2 AC-uttag, 2 USB-portar, modernt, f\u00f6r sovrum, vardagsrum, molnvit LET618T15<\/p>\n","protected":false},"featured_media":42342,"comment_status":"open","ping_status":"closed","template":"","meta":[],"product_brand":[],"product_cat":[33],"product_tag":[],"class_list":{"0":"post-14387","1":"product","2":"type-product","3":"status-publish","4":"has-post-thumbnail","6":"product_cat-okategoriserad","8":"first","9":"instock","10":"shipping-taxable","11":"purchasable","12":"product-type-simple"},"_links":{"self":[{"href":"https:\/\/nordicmart.andreevmaster.com\/sv\/wp-json\/wp\/v2\/product\/14387","targetHints":{"allow":["GET"]}}],"collection":[{"href":"https:\/\/nordicmart.andreevmaster.com\/sv\/wp-json\/wp\/v2\/product"}],"about":[{"href":"https:\/\/nordicmart.andreevmaster.com\/sv\/wp-json\/wp\/v2\/types\/product"}],"replies":[{"embeddable":true,"href":"https:\/\/nordicmart.andreevmaster.com\/sv\/wp-json\/wp\/v2\/comments?post=14387"}],"wp:featuredmedia":[{"embeddable":true,"href":"https:\/\/nordicmart.andreevmaster.com\/sv\/wp-json\/wp\/v2\/media\/42342"}],"wp:attachment":[{"href":"https:\/\/nordicmart.andreevmaster.com\/sv\/wp-json\/wp\/v2\/media?parent=14387"}],"wp:term":[{"taxonomy":"product_brand","embeddable":true,"href":"https:\/\/nordicmart.andreevmaster.com\/sv\/wp-json\/wp\/v2\/product_brand?post=14387"},{"taxonomy":"product_cat","embeddable":true,"href":"https:\/\/nordicmart.andreevmaster.com\/sv\/wp-json\/wp\/v2\/product_cat?post=14387"},{"taxonomy":"product_tag","embeddable":true,"href":"https:\/\/nordicmart.andreevmaster.com\/sv\/wp-json\/wp\/v2\/product_tag?post=14387"}],"curies":[{"name":"wp","href":"https:\/\/api.w.org\/{rel}","templated":true}]}}