{"id":14383,"date":"2026-02-27T00:21:41","date_gmt":"2026-02-27T00:21:41","guid":{"rendered":"https:\/\/nordicmart.andreevmaster.com\/product\/vasagle-nattduksbord-med-led-belysning-och-utdragbar-hylla\/"},"modified":"2026-02-27T08:14:08","modified_gmt":"2026-02-27T08:14:08","slug":"vasagle-nattduksbord-med-led-belysning-och-utdragbar-hylla","status":"publish","type":"product","link":"https:\/\/nordicmart.andreevmaster.com\/sv\/produkt\/vasagle-nattduksbord-med-led-belysning-och-utdragbar-hylla\/","title":{"rendered":"VASAGLE nattduksbord med LED-belysning och utdragbar hylla"},"content":{"rendered":"<p>VASAGLE nattduksbord med LED-belysning, sidobord, l\u00e5da, utdragbar hylla, \u00f6vre belysning i 3 f\u00e4rger, justerbar, nedre med r\u00f6relsesensor, sovrum, naturf\u00e4rgad ek LET614Y70<br \/>\nF\u00e4rg: Naturlig ekf\u00e4rg<br \/>\nMaterial: MDF (medeldensitetsfiberplatta)<br \/>\nStorlek: 40 x 45 x 55 cm (D x B x H)<br \/>\nVikt: 17,8 kg<br \/>\nMax. statisk belastningskapacitet f\u00f6r bordsskivan: 35 kg<br \/>\nMax. statisk belastningskapacitet f\u00f6r den utdragbara hyllan: 5 kg<br \/>\nMax. statisk belastningskapacitet f\u00f6r l\u00e5dan: 10 kg<br \/>\nMax. statisk belastningskapacitet totalt: 50 kg<\/p>\n","protected":false},"excerpt":{"rendered":"<p>VASAGLE nattduksbord med LED-belysning, sidobord, l\u00e5da, utdragbar hylla, \u00f6vre belysning i 3 f\u00e4rger, justerbar, nedre med r\u00f6relsesensor, sovrum, naturf\u00e4rgad ek LET614Y70<\/p>\n","protected":false},"featured_media":42338,"comment_status":"open","ping_status":"closed","template":"","meta":[],"product_brand":[],"product_cat":[33],"product_tag":[],"class_list":{"0":"post-14383","1":"product","2":"type-product","3":"status-publish","4":"has-post-thumbnail","6":"product_cat-okategoriserad","8":"first","9":"instock","10":"shipping-taxable","11":"purchasable","12":"product-type-simple"},"_links":{"self":[{"href":"https:\/\/nordicmart.andreevmaster.com\/sv\/wp-json\/wp\/v2\/product\/14383","targetHints":{"allow":["GET"]}}],"collection":[{"href":"https:\/\/nordicmart.andreevmaster.com\/sv\/wp-json\/wp\/v2\/product"}],"about":[{"href":"https:\/\/nordicmart.andreevmaster.com\/sv\/wp-json\/wp\/v2\/types\/product"}],"replies":[{"embeddable":true,"href":"https:\/\/nordicmart.andreevmaster.com\/sv\/wp-json\/wp\/v2\/comments?post=14383"}],"wp:featuredmedia":[{"embeddable":true,"href":"https:\/\/nordicmart.andreevmaster.com\/sv\/wp-json\/wp\/v2\/media\/42338"}],"wp:attachment":[{"href":"https:\/\/nordicmart.andreevmaster.com\/sv\/wp-json\/wp\/v2\/media?parent=14383"}],"wp:term":[{"taxonomy":"product_brand","embeddable":true,"href":"https:\/\/nordicmart.andreevmaster.com\/sv\/wp-json\/wp\/v2\/product_brand?post=14383"},{"taxonomy":"product_cat","embeddable":true,"href":"https:\/\/nordicmart.andreevmaster.com\/sv\/wp-json\/wp\/v2\/product_cat?post=14383"},{"taxonomy":"product_tag","embeddable":true,"href":"https:\/\/nordicmart.andreevmaster.com\/sv\/wp-json\/wp\/v2\/product_tag?post=14383"}],"curies":[{"name":"wp","href":"https:\/\/api.w.org\/{rel}","templated":true}]}}