{"id":14379,"date":"2026-02-27T00:21:40","date_gmt":"2026-02-27T00:21:40","guid":{"rendered":"https:\/\/nordicmart.andreevmaster.com\/product\/vasagle-sidobord-i-betonglook-i-industriell-stil\/"},"modified":"2026-02-27T08:14:07","modified_gmt":"2026-02-27T08:14:07","slug":"vasagle-sidobord-i-betonglook-i-industriell-stil","status":"publish","type":"product","link":"https:\/\/nordicmart.andreevmaster.com\/sv\/produkt\/vasagle-sidobord-i-betonglook-i-industriell-stil\/","title":{"rendered":"VASAGLE sidobord i betonglook i industriell stil"},"content":{"rendered":"<p>Modern industriell stil: synliga tegelstenar, betong, metall, rustikt tr\u00e4 \u2013 alla dessa tecken pekar p\u00e5 den trendiga industriella stilen. Med sina betongimiterade hyllor och robusta ben i j\u00e4rnr\u00f6r passar detta sidobord perfekt som inredningsdetalj i \u201dfabrikschica l\u00e4genheter\u201d.D\u00e4rf\u00f6r \u00e4r detta sidobord perfekt f\u00f6r dig: &#8211; \u00c4kta betong \u00e4r k\u00e4nsligt f\u00f6r fl\u00e4ckar, sprickor och kan l\u00e4tt g\u00e5 s\u00f6nder. Dessutom \u00e4r materialet inte direkt l\u00e4tt. Vi har d\u00e4rf\u00f6r valt ett alternativ i tr\u00e4 med betonglook som inte st\u00e5r originalet efter. &#8211; Det snygga st\u00e5let ger soffbordet en extra touch av industriell stil som rundar av looken.- \u00c4ven om sidobordet passar s\u00e4rskilt bra bredvid din soffa kan du anv\u00e4nda det var som helst: i sovrummet som nattduksbord, p\u00e5 kontoret f\u00f6r b\u00f6cker eller till och med som ett litet soffbord i vardagsrummet. &#8211; Tack vare den detaljerade instruktionen, de numrerade delarna och de justerbara f\u00f6tterna f\u00e5r du ett bekv\u00e4mt m\u00f6bel som du kan best\u00e4lla med gott samvete. Produktdetaljer:- F\u00e4rg: betonggr\u00e5 &#8211; Material: sp\u00e5nskiva, j\u00e4rnstativ &#8211; Storlek: 55 x 55 x 55 cm (L x B x H) &#8211; Vikt: 14 kg &#8211; Max. statisk belastningsf\u00f6rm\u00e5ga: 50 kg Leveransomfattning:- 1 x sidobord &#8211; 1 x beh\u00e5llare med tillbeh\u00f6r &#8211; 1 x instruktioner (DE, EN, FR, ES, IT) VASAGLE Anm\u00e4rkningar: &#8211; Uts\u00e4tt inte produkten f\u00f6r direkt solljus och anv\u00e4nd den inte i fuktiga milj\u00f6er.<\/p>\n","protected":false},"excerpt":{"rendered":"<p>VASAGLE sidobord, nattduksbord, soffbord i industriell design, nattduksbord med betongimiterad yta, ben av j\u00e4rnr\u00f6r, 2 hyllor f\u00f6r vardagsrummet, kontoret, enkel montering, betonggr\u00e5 LET59BG<\/p>\n","protected":false},"featured_media":42334,"comment_status":"open","ping_status":"closed","template":"","meta":[],"product_brand":[],"product_cat":[33],"product_tag":[],"class_list":{"0":"post-14379","1":"product","2":"type-product","3":"status-publish","4":"has-post-thumbnail","6":"product_cat-okategoriserad","8":"first","9":"instock","10":"shipping-taxable","11":"purchasable","12":"product-type-simple"},"_links":{"self":[{"href":"https:\/\/nordicmart.andreevmaster.com\/sv\/wp-json\/wp\/v2\/product\/14379","targetHints":{"allow":["GET"]}}],"collection":[{"href":"https:\/\/nordicmart.andreevmaster.com\/sv\/wp-json\/wp\/v2\/product"}],"about":[{"href":"https:\/\/nordicmart.andreevmaster.com\/sv\/wp-json\/wp\/v2\/types\/product"}],"replies":[{"embeddable":true,"href":"https:\/\/nordicmart.andreevmaster.com\/sv\/wp-json\/wp\/v2\/comments?post=14379"}],"wp:featuredmedia":[{"embeddable":true,"href":"https:\/\/nordicmart.andreevmaster.com\/sv\/wp-json\/wp\/v2\/media\/42334"}],"wp:attachment":[{"href":"https:\/\/nordicmart.andreevmaster.com\/sv\/wp-json\/wp\/v2\/media?parent=14379"}],"wp:term":[{"taxonomy":"product_brand","embeddable":true,"href":"https:\/\/nordicmart.andreevmaster.com\/sv\/wp-json\/wp\/v2\/product_brand?post=14379"},{"taxonomy":"product_cat","embeddable":true,"href":"https:\/\/nordicmart.andreevmaster.com\/sv\/wp-json\/wp\/v2\/product_cat?post=14379"},{"taxonomy":"product_tag","embeddable":true,"href":"https:\/\/nordicmart.andreevmaster.com\/sv\/wp-json\/wp\/v2\/product_tag?post=14379"}],"curies":[{"name":"wp","href":"https:\/\/api.w.org\/{rel}","templated":true}]}}